{"id":1136,"date":"2026-01-29T02:34:26","date_gmt":"2026-01-29T02:34:26","guid":{"rendered":"https:\/\/theinsulatedglass.com\/?post_type=product&#038;p=1136"},"modified":"2026-01-29T02:34:26","modified_gmt":"2026-01-29T02:34:26","slug":"interlayer-options-bulk-clear-and-useful-laminated-glass","status":"publish","type":"product","link":"https:\/\/theinsulatedglass.com\/de\/interlayer-options-bulk-clear-and-useful-laminated-glass\/","title":{"rendered":"Optionen f\u00fcr Zwischenschichten Bulk Clear und N\u00fctzliches Verbundglas"},"content":{"rendered":"<p data-start=\"69\" data-end=\"355\">\u00dcbersicht<br data-start=\"77\" data-end=\"80\" \/>Blendung, Hall und Sicherheitsbedenken kommen in belebten Innenr\u00e4umen oft zusammen - klares Verbundglas hilft, alle drei Probleme zu l\u00f6sen. Durch die Verbindung von zwei Scheiben mit einer w\u00e4hlbaren Zwischenschicht bleibt die Scheibe nach einem Aufprall stabiler und kann f\u00fcr ein ruhigeres akustisches Gef\u00fchl in bewohnten R\u00e4umen eingestellt werden.<\/p>\n<p data-start=\"359\" data-end=\"759\">Wesentliche Merkmale<br data-start=\"371\" data-end=\"374\" \/>- D\u00e4mpfung der wahrgenommenen Ger\u00e4usch\u00fcbertragung, wenn eine akustisch wirksame Zwischenschicht angegeben ist<br data-start=\"458\" data-end=\"461\" \/>- Zusammenhalten von Bruchst\u00fccken nach einem Bruch f\u00fcr mehr Sicherheit der Insassen<br data-start=\"530\" data-end=\"533\" \/>- UV-Filter zur Verlangsamung des Ausbleichens von Innenverkleidungen in der N\u00e4he von Verglasungen<br data-start=\"598\" data-end=\"601\" \/>- Beibehaltung eines klaren Erscheinungsbildes f\u00fcr offene Sichtlinien und Tageslichtverteilung<br data-start=\"674\" data-end=\"677\" \/>- Unterst\u00fctzung von Strategien zur Wahrung der Privatsph\u00e4re, wenn sie mit Folien, Drucken oder gemusterten Schichten kombiniert werden<\/p>\n<p data-start=\"763\" data-end=\"1175\">Optionen und Anpassung<br data-start=\"786\" data-end=\"789\" \/>- Ma\u00dfgefertigte Paneele nach Ihren Projektspezifikationen oder Mustern<br data-start=\"858\" data-end=\"861\" \/>- Zwischenlagen sind auf Anfrage erh\u00e4ltlich: standardm\u00e4\u00dfiges klares PVB, akustisches PVB, strukturelle Zwischenlage<br data-start=\"959\" data-end=\"962\" \/>- Aufbauten mit klarem, eisenarmem oder get\u00f6ntem Glas nach Bedarf<br data-start=\"1023\" data-end=\"1026\" \/>- Kanten, Ausschnitte und L\u00f6cher f\u00fcr Halterungen und Beschl\u00e4ge k\u00f6nnen geliefert werden<br data-start=\"1098\" data-end=\"1101\" \/>- IGU-f\u00e4hige laminierte Scheiben und passende Sets f\u00fcr Mehrscheibenanordnungen<\/p>\n<p data-start=\"1179\" data-end=\"1358\">Typische Anwendungen<br data-start=\"1199\" data-end=\"1202\" \/>B\u00fcrotrennw\u00e4nde, W\u00e4nde in Sitzungsr\u00e4umen, Trennw\u00e4nde in Hotellobbys, Balkonverglasungen in Wohngeb\u00e4uden, Schaufenster, Innent\u00fcren, Treppengel\u00e4nder, Aufzugswartehallen<\/p>\n<p data-start=\"1362\" data-end=\"1644\">Versorgung &amp; Unterst\u00fctzung<br data-start=\"1378\" data-end=\"1381\" \/>Die Direktproduktion in der Fabrik unterst\u00fctzt die Massenlieferung mit einer stabilen Vorlaufzeit. In-House QC und Qualit\u00e4t R\u00fcckverfolgbarkeit angewendet werden, mit Export-Verpackung \/ Kiste Verpackung zur Verf\u00fcgung; Shop Drawing Koordination kann zur Verf\u00fcgung gestellt werden. Die Einhaltung von Normen ist auf Anfrage erh\u00e4ltlich.<\/p>","protected":false},"excerpt":{"rendered":"<p>Klares Verbundglas mit Zwischenlagenoptionen wird in ma\u00dfgeschneiderten Gr\u00f6\u00dfen geliefert, um ein Gleichgewicht zwischen Sicherheit und verbessertem akustischen Komfort herzustellen. Eine g\u00e4ngige Wahl f\u00fcr B\u00fcrotrennw\u00e4nde und die Verglasung von Besprechungsr\u00e4umen, wo Sto\u00dffestigkeit und ein geringerer Ger\u00e4uschpegel zu einem angenehmeren Arbeitsumfeld beitragen.<\/p>","protected":false},"featured_media":1160,"template":"","meta":{"_gspb_post_css":""},"product_brand":[],"product_cat":[30],"product_tag":[656,66,64,97,658,655,68,657,136,69,659],"class_list":{"0":"post-1136","1":"product","2":"type-product","3":"status-publish","4":"has-post-thumbnail","6":"product_cat-laminated-glass","7":"product_tag-acoustic-interlayer-glass","8":"product_tag-bulk-supply","9":"product_tag-custom-size","10":"product_tag-factory-direct","11":"product_tag-hotel-lobby-glass-screen","12":"product_tag-interlayer-options-bulk-clear-and-useful-laminated-glass","13":"product_tag-laminated-safety-glass","14":"product_tag-meeting-room-wall-glazing","15":"product_tag-office-partition-glass","16":"product_tag-pvb-interlayer","17":"product_tag-window-laminated-glass","19":"first","20":"instock","21":"shipping-taxable","22":"purchasable","23":"product-type-simple"},"_links":{"self":[{"href":"https:\/\/theinsulatedglass.com\/de\/wp-json\/wp\/v2\/product\/1136","targetHints":{"allow":["GET"]}}],"collection":[{"href":"https:\/\/theinsulatedglass.com\/de\/wp-json\/wp\/v2\/product"}],"about":[{"href":"https:\/\/theinsulatedglass.com\/de\/wp-json\/wp\/v2\/types\/product"}],"wp:featuredmedia":[{"embeddable":true,"href":"https:\/\/theinsulatedglass.com\/de\/wp-json\/wp\/v2\/media\/1160"}],"wp:attachment":[{"href":"https:\/\/theinsulatedglass.com\/de\/wp-json\/wp\/v2\/media?parent=1136"}],"wp:term":[{"taxonomy":"product_brand","embeddable":true,"href":"https:\/\/theinsulatedglass.com\/de\/wp-json\/wp\/v2\/product_brand?post=1136"},{"taxonomy":"product_cat","embeddable":true,"href":"https:\/\/theinsulatedglass.com\/de\/wp-json\/wp\/v2\/product_cat?post=1136"},{"taxonomy":"product_tag","embeddable":true,"href":"https:\/\/theinsulatedglass.com\/de\/wp-json\/wp\/v2\/product_tag?post=1136"}],"curies":[{"name":"wp","href":"https:\/\/api.w.org\/{rel}","templated":true}]}}