{"id":1204,"date":"2026-01-29T03:32:50","date_gmt":"2026-01-29T03:32:50","guid":{"rendered":"https:\/\/theinsulatedglass.com\/?post_type=product&#038;p=1204"},"modified":"2026-01-29T03:32:50","modified_gmt":"2026-01-29T03:32:50","slug":"useful-patterned-igu-optiond-for-decorative-use","status":"publish","type":"product","link":"https:\/\/theinsulatedglass.com\/de\/useful-patterned-igu-optiond-for-decorative-use\/","title":{"rendered":"N\u00fctzliche gemusterte IGU-Option f\u00fcr dekorative Zwecke"},"content":{"rendered":"<p data-start=\"60\" data-end=\"330\">\u00dcbersicht<br data-start=\"68\" data-end=\"71\" \/>Gemusterte Gl\u00e4ser in einem versiegelten IGU sorgen f\u00fcr dekorative Streuung, w\u00e4hrend die Einheit f\u00fcr den t\u00e4glichen Gebrauch im Geb\u00e4ude widerstandsf\u00e4hig bleibt. Die isolierte Bauweise tr\u00e4gt zur Stabilisierung der Leistung bei, und die strukturierte Oberfl\u00e4che sorgt f\u00fcr mehr Privatsph\u00e4re, ohne die Haltbarkeit an exponierten Standorten zu beeintr\u00e4chtigen.<\/p>\n<p data-start=\"334\" data-end=\"748\">Wesentliche Merkmale<br data-start=\"346\" data-end=\"349\" \/>- Erh\u00f6hung der Betriebssicherheit durch Verwendung einer Isolierglaskonstruktion<br data-start=\"429\" data-end=\"432\" \/>- Erh\u00f6htes Sicherheitspotenzial, wenn geh\u00e4rtete Lagen f\u00fcr das Projekt spezifiziert werden<br data-start=\"509\" data-end=\"512\" \/>- Langfristige Erhaltung des Aussehens durch gemusterte Oberfl\u00e4chen, die kleine Flecken verbergen<br data-start=\"591\" data-end=\"594\" \/>- St\u00fctzrahmensteifigkeit durch kontrollierte Rechtwinkligkeit der Einheiten und Kantenqualit\u00e4t<br data-start=\"670\" data-end=\"673\" \/>- Verbesserung des Wohnkomforts durch Reduzierung von direkter Blendung und harten Reflexionen<\/p>\n<p data-start=\"752\" data-end=\"1167\">Optionen und Anpassung<br data-start=\"775\" data-end=\"778\" \/>- Kundenspezifische Gr\u00f6\u00dfe \/ Ma\u00dfanfertigung nach Projektspezifikation, Muster oder Werkstattzeichnung<br data-start=\"849\" data-end=\"852\" \/>- Musterauswahl und Ausrichtung auf Anfrage (undurchsichtig, geriffelt usw.)<br data-start=\"930\" data-end=\"933\" \/>- B\u00fcgelarme oder get\u00f6nte Begleiter, sowie geh\u00e4rtete und laminierte Optionen je nach Bedarf<br data-start=\"1013\" data-end=\"1016\" \/>- Abstandshalter-, Gasf\u00fcll- und Dichtungskonfigurationen werden je nach Standortbedingungen angeboten<br data-start=\"1094\" data-end=\"1097\" \/>- Kantenl\u00f6schung, Sprossenlayouts und visuelle Anpassungss\u00e4tze auf Anfrage<\/p>\n<p data-start=\"1171\" data-end=\"1389\">Typische Anwendungen<br data-start=\"1191\" data-end=\"1194\" \/>Treppenhausverglasung, dekorative Vorhangfassaden, Fenster in der Eingangshalle, Seitenlichter im Korridor, Au\u00dfenfenster in Badezimmern, Verglasung von Eingangst\u00fcren, Sichtschutzstreifen an der Fassade, innere Atriumw\u00e4nde<\/p>\n<p data-start=\"1393\" data-end=\"1700\">Versorgung &amp; Unterst\u00fctzung<br data-start=\"1409\" data-end=\"1412\" \/>Die Direktproduktion im Werk unterst\u00fctzt die Massenlieferung mit einer stabilen Vorlaufzeit f\u00fcr Wiederholungspl\u00e4ne. In-House QC und Qualit\u00e4t R\u00fcckverfolgbarkeit angewendet werden, mit Zeichnung Unterst\u00fctzung f\u00fcr die Schnittstelle zu \u00fcberpr\u00fcfen; Export-Verpackung \/ Kiste Verpackung kann arrangiert werden. Die Einhaltung von Normen ist auf Anfrage erh\u00e4ltlich.<\/p>","protected":false},"excerpt":{"rendered":"<p>Gemusterte IGU-Einheiten kombinieren eine strukturierte Scheibe mit einem Isolierglasaufbau, um einen dauerhaften Sichtschutz und eine verl\u00e4ssliche Steifigkeit zu gew\u00e4hrleisten. Eine beliebte Wahl f\u00fcr Treppenhausfenster und dekorative Vorhangfassaden, wo diffuses Licht und Robustheit wichtig sind.<\/p>","protected":false},"featured_media":1228,"template":"","meta":{"_gspb_post_css":""},"product_brand":[],"product_cat":[34],"product_tag":[66,64,710,97,707,709,712,706,713,711,708,705],"class_list":{"0":"post-1204","1":"product","2":"type-product","3":"status-publish","4":"has-post-thumbnail","6":"product_cat-decorative-special-glass","7":"product_tag-bulk-supply","8":"product_tag-custom-size","9":"product_tag-decorative-curtain-wall-glass","10":"product_tag-factory-direct","11":"product_tag-igu-double-glazing","12":"product_tag-laminated-igu-option","13":"product_tag-lobby-feature-windows","14":"product_tag-patterned-insulated-glass-unit","15":"product_tag-privacy-patterned-glass","16":"product_tag-stairwell-window-glazing","17":"product_tag-tempered-igu-option","18":"product_tag-useful-patterned-igu-optiond-for-decorative-use","20":"first","21":"instock","22":"shipping-taxable","23":"purchasable","24":"product-type-simple"},"_links":{"self":[{"href":"https:\/\/theinsulatedglass.com\/de\/wp-json\/wp\/v2\/product\/1204","targetHints":{"allow":["GET"]}}],"collection":[{"href":"https:\/\/theinsulatedglass.com\/de\/wp-json\/wp\/v2\/product"}],"about":[{"href":"https:\/\/theinsulatedglass.com\/de\/wp-json\/wp\/v2\/types\/product"}],"wp:featuredmedia":[{"embeddable":true,"href":"https:\/\/theinsulatedglass.com\/de\/wp-json\/wp\/v2\/media\/1228"}],"wp:attachment":[{"href":"https:\/\/theinsulatedglass.com\/de\/wp-json\/wp\/v2\/media?parent=1204"}],"wp:term":[{"taxonomy":"product_brand","embeddable":true,"href":"https:\/\/theinsulatedglass.com\/de\/wp-json\/wp\/v2\/product_brand?post=1204"},{"taxonomy":"product_cat","embeddable":true,"href":"https:\/\/theinsulatedglass.com\/de\/wp-json\/wp\/v2\/product_cat?post=1204"},{"taxonomy":"product_tag","embeddable":true,"href":"https:\/\/theinsulatedglass.com\/de\/wp-json\/wp\/v2\/product_tag?post=1204"}],"curies":[{"name":"wp","href":"https:\/\/api.w.org\/{rel}","templated":true}]}}