{"id":1236,"date":"2026-01-29T03:59:10","date_gmt":"2026-01-29T03:59:10","guid":{"rendered":"https:\/\/theinsulatedglass.com\/?post_type=product&#038;p=1236"},"modified":"2026-01-29T03:59:11","modified_gmt":"2026-01-29T03:59:11","slug":"easy-clean-option-factory-direct-coated-glass","status":"publish","type":"product","link":"https:\/\/theinsulatedglass.com\/de\/easy-clean-option-factory-direct-coated-glass\/","title":{"rendered":"Easy-Clean-Option Werkseitig direkt beschichtetes Glas"},"content":{"rendered":"<p data-start=\"60\" data-end=\"341\">\u00dcbersicht<br data-start=\"68\" data-end=\"71\" \/>Eine sauber aussehende Oberfl\u00e4che ist ein Teil des Designs, nicht ein nachtr\u00e4glicher Einfall. Die Easy-Clean-Option Factory Direct Coated Glass f\u00fcgt eine dauerhafte funktionale Beschichtung hinzu, die sichtbare Wasserflecken und Verschmutzungen reduziert und die Klarheit und Farbe bei t\u00e4glichem Gebrauch konsistent h\u00e4lt.<\/p>\n<p data-start=\"345\" data-end=\"359\">Wesentliche Merkmale<\/p>\n<p data-start=\"362\" data-end=\"422\">Verhindert die Ansammlung von R\u00fcckst\u00e4nden und verk\u00fcrzt so die Routinereinigungszyklen<\/p>\n<p data-start=\"425\" data-end=\"486\">Bewahrt eine hohe Lichtdurchl\u00e4ssigkeit und ein klares optisches Ergebnis<\/p>\n<p data-start=\"489\" data-end=\"562\">Verringert die Streifenbildung bei vertikalen Installationen unter harten Wasserbedingungen<\/p>\n<p data-start=\"565\" data-end=\"638\">Sch\u00fctzt das Erscheinungsbild in stark beanspruchten Bereichen, ohne die Glasoptik zu ver\u00e4ndern<\/p>\n<p data-start=\"641\" data-end=\"706\">Unterst\u00fctzt die langfristige \u00c4sthetik von Innen- und Au\u00dfenverglasungen<\/p>\n<p data-start=\"710\" data-end=\"735\">Optionen und Anpassung<\/p>\n<p data-start=\"738\" data-end=\"806\">Zuschnitt nach Ma\u00df und auftragsbezogene Formen nach Ihrer Abnahmeliste<\/p>\n<p data-start=\"809\" data-end=\"881\">Beschichtungsort\/-ausrichtung gem\u00e4\u00df Projektspezifikation und Werkstattzeichnung festgelegt<\/p>\n<p data-start=\"884\" data-end=\"944\">Je nach Bedarf sind geh\u00e4rtete oder laminierte Konfigurationen erh\u00e4ltlich<\/p>\n<p data-start=\"947\" data-end=\"1023\">Kanten, L\u00f6cher und Aussparungen f\u00fcr Beschl\u00e4ge auf Anfrage<\/p>\n<p data-start=\"1026\" data-end=\"1094\">OEM\/ODM-Service f\u00fcr Eigenmarken-Kartons und Kennzeichnungsmarken<\/p>\n<p data-start=\"1098\" data-end=\"1266\">Typische Anwendungen<br data-start=\"1118\" data-end=\"1121\" \/>Duscht\u00fcren, Badezimmerabtrennungen, Balkongel\u00e4nder, Schwimmbadumz\u00e4unungen, Oberlichter, Fassadenzwickel, Vorhangfassaden-Sichtfenster, Glasvord\u00e4cher<\/p>\n<p data-start=\"1270\" data-end=\"1513\">Versorgung &amp; Unterst\u00fctzung<br data-start=\"1286\" data-end=\"1289\" \/>Direkte Lieferung in gro\u00dfen Mengen ab Werk mit schneller Vorlaufzeitplanung f\u00fcr gestaffelte Lieferungen. Interne Qualit\u00e4tskontrolle mit R\u00fcckverfolgbarkeit der Qualit\u00e4t sowie Exportverpackung und Kistenverpackung zum Schutz beim Transport. Normenkonformit\u00e4t auf Anfrage erh\u00e4ltlich.<\/p>","protected":false},"excerpt":{"rendered":"<p>Dieses leicht zu reinigende beschichtete Glas sorgt daf\u00fcr, dass das Glas zwischen den Reinigungen heller aussieht und Wasser und R\u00fcckst\u00e4nde leichter abflie\u00dfen k\u00f6nnen, w\u00e4hrend die hohe Transparenz erhalten bleibt. Eine beliebte Wahl f\u00fcr Duscht\u00fcren und Badezimmerabtrennungen, bei denen Aussehen und Wartungszeit entscheidend sind.<\/p>","protected":false},"featured_media":1254,"template":"","meta":{"_gspb_post_css":""},"product_brand":[],"product_cat":[24],"product_tag":[66,721,62,64,749,750,748,753,752,246,529,751],"class_list":{"0":"post-1236","1":"product","2":"type-product","3":"status-publish","4":"has-post-thumbnail","6":"product_cat-architectural-energy-saving-glass","7":"product_tag-bulk-supply","8":"product_tag-coated-float-glass","9":"product_tag-curtain-wall-glazing","10":"product_tag-custom-size","11":"product_tag-easy-clean-coated-glass","12":"product_tag-easy-clean-coating-option","13":"product_tag-easy-clean-option-factory-direct-coated-glass","14":"product_tag-igu-compatible-coated-glass","15":"product_tag-laminated-coated-glass-option","16":"product_tag-shower-door-glass","17":"product_tag-skylight-glass","18":"product_tag-tempered-coated-glass-option","20":"first","21":"instock","22":"shipping-taxable","23":"purchasable","24":"product-type-simple"},"_links":{"self":[{"href":"https:\/\/theinsulatedglass.com\/de\/wp-json\/wp\/v2\/product\/1236","targetHints":{"allow":["GET"]}}],"collection":[{"href":"https:\/\/theinsulatedglass.com\/de\/wp-json\/wp\/v2\/product"}],"about":[{"href":"https:\/\/theinsulatedglass.com\/de\/wp-json\/wp\/v2\/types\/product"}],"wp:featuredmedia":[{"embeddable":true,"href":"https:\/\/theinsulatedglass.com\/de\/wp-json\/wp\/v2\/media\/1254"}],"wp:attachment":[{"href":"https:\/\/theinsulatedglass.com\/de\/wp-json\/wp\/v2\/media?parent=1236"}],"wp:term":[{"taxonomy":"product_brand","embeddable":true,"href":"https:\/\/theinsulatedglass.com\/de\/wp-json\/wp\/v2\/product_brand?post=1236"},{"taxonomy":"product_cat","embeddable":true,"href":"https:\/\/theinsulatedglass.com\/de\/wp-json\/wp\/v2\/product_cat?post=1236"},{"taxonomy":"product_tag","embeddable":true,"href":"https:\/\/theinsulatedglass.com\/de\/wp-json\/wp\/v2\/product_tag?post=1236"}],"curies":[{"name":"wp","href":"https:\/\/api.w.org\/{rel}","templated":true}]}}