{"id":589,"date":"2026-01-27T07:02:11","date_gmt":"2026-01-27T07:02:11","guid":{"rendered":"https:\/\/theinsulatedglass.com\/?post_type=product&#038;p=589"},"modified":"2026-01-27T07:02:11","modified_gmt":"2026-01-27T07:02:11","slug":"cut-to-size-bulk-hard-coat-online-low-e-glass","status":"publish","type":"product","link":"https:\/\/theinsulatedglass.com\/de\/cut-to-size-bulk-hard-coat-online-low-e-glass\/","title":{"rendered":"Zuschneiden von hartbeschichtetem Online-Low-E-Glas in Gro\u00dfformat"},"content":{"rendered":"<p data-start=\"50\" data-end=\"537\"><strong data-start=\"58\" data-end=\"70\">\u00dcbersicht<\/strong><br data-start=\"70\" data-end=\"73\" \/>F\u00fcr Projekte, die ein sauberes, konsistentes Aussehen mit praktischer Handhabung erfordern, ist hartbeschichtetes (pyrolytisches) Low-E eine verl\u00e4ssliche Wahl. Pyrolytische Beschichtungen werden online w\u00e4hrend der Floatproduktion aufgetragen und bilden eine dauerhafte Oberfl\u00e4chenverbindung, die die Herstellungs- und Verarbeitungsprozesse unterst\u00fctzt. Low-E-Beschichtungen reflektieren langwellige Infrarotenergie und tragen so zur Verbesserung des thermischen Komforts bei, ohne das nat\u00fcrliche Tageslicht zu blockieren.<\/p>\n<p data-start=\"539\" data-end=\"557\"><strong data-start=\"539\" data-end=\"555\">Wesentliche Merkmale<\/strong><\/p>\n<ul data-start=\"558\" data-end=\"1104\">\n<li data-start=\"558\" data-end=\"646\">\n<p data-start=\"560\" data-end=\"646\">Beibehaltung eines einheitlichen visuellen Farbtons \u00fcber alle Chargen hinweg mit kontrollierter Beschichtungsgleichm\u00e4\u00dfigkeit.<\/p>\n<\/li>\n<li data-start=\"647\" data-end=\"762\">\n<p data-start=\"649\" data-end=\"762\">Verbessern Sie den Raumkomfort, indem Sie die Strahlungsw\u00e4rme zur\u00fcck zur Quelle reflektieren.<\/p>\n<\/li>\n<li data-start=\"763\" data-end=\"887\">\n<p data-start=\"765\" data-end=\"887\">Unterst\u00fctzung effizienter Schnittlinien dank der robusten Beschaffenheit der Hartschichtoberfl\u00e4chen.<\/p>\n<\/li>\n<li data-start=\"888\" data-end=\"1030\">\n<p data-start=\"890\" data-end=\"1030\">Erm\u00f6glichen Sie die Herstellung von Sicherheitsbauteilen, indem Sie sie bei Bedarf mit Temperierung oder Laminierung kombinieren (auf Anfrage erh\u00e4ltlich).<\/p>\n<\/li>\n<li data-start=\"1031\" data-end=\"1104\">\n<p data-start=\"1033\" data-end=\"1104\">Eigene Qualit\u00e4tskontrolle mit Qualit\u00e4tsr\u00fcckverfolgbarkeit f\u00fcr wiederholbare Ergebnisse.<\/p>\n<\/li>\n<\/ul>\n<p data-start=\"1106\" data-end=\"1135\"><strong data-start=\"1106\" data-end=\"1133\">Optionen und Anpassung<\/strong><\/p>\n<ul data-start=\"1136\" data-end=\"1683\">\n<li data-start=\"1136\" data-end=\"1233\">\n<p data-start=\"1138\" data-end=\"1233\">Ma\u00dfgefertigte Platten, auf Ma\u00df geschnittene Rechtecke oder geformte Profile gem\u00e4\u00df Projektspezifikation.<\/p>\n<\/li>\n<li data-start=\"1234\" data-end=\"1313\">\n<p data-start=\"1236\" data-end=\"1313\">Kantenbearbeitung: ges\u00e4umte, geriffelte oder polierte Kanten je nach Belichtung.<\/p>\n<\/li>\n<li data-start=\"1314\" data-end=\"1408\">\n<p data-start=\"1316\" data-end=\"1408\">Anleitung zur Platzierung der Beschichtung durch Zeichnungsunterst\u00fctzung \/ \u00dcberpr\u00fcfung der Fertigungszeichnungen f\u00fcr die Oberfl\u00e4chenposition.<\/p>\n<\/li>\n<li data-start=\"1409\" data-end=\"1539\">\n<p data-start=\"1411\" data-end=\"1539\">IGU-Integrationsoptionen (Abstandshalterposition und Hohlraumkonfiguration) sind auf Anfrage erh\u00e4ltlich.<\/p>\n<\/li>\n<li data-start=\"1540\" data-end=\"1683\">\n<p data-start=\"1542\" data-end=\"1683\">W\u00e4rmebehandlung und Laminierbarkeit auf Anfrage, je nach Auswahl des Glases\/der Beschichtung.<\/p>\n<\/li>\n<\/ul>\n<p data-start=\"1685\" data-end=\"1871\"><strong data-start=\"1685\" data-end=\"1709\">Typische Anwendungen<\/strong><br data-start=\"1709\" data-end=\"1712\" \/>Sturmfenster, Sekund\u00e4rverglasung, Ersatzfenster, doppelt verglaste IGU-Fenster, Vorhangfassaden, Oberlichtverglasung, Winterg\u00e4rten, Bedienungstheken.<\/p>\n<p data-start=\"1873\" data-end=\"2143\"><strong data-start=\"1873\" data-end=\"1893\">Versorgung &amp; Unterst\u00fctzung<\/strong><br data-start=\"1893\" data-end=\"1896\" \/>Factory Direct Bulk Supply-Programme werden mit stabilen Vorlaufzeiten, Exportverpackungen und Kistenverpackungen f\u00fcr Langstreckentransporte unterst\u00fctzt. Inspektionsprotokolle k\u00f6nnen mit jeder Charge geliefert werden, und die Einhaltung von Normen ist auf Anfrage erh\u00e4ltlich.<\/p>","protected":false},"excerpt":{"rendered":"<p>Hartbeschichtetes Online-Low-E-Glas wird mit einer haltbaren pyrolytischen Beschichtung, die f\u00fcr eine effiziente Handhabung und Verarbeitung entwickelt wurde, auf Ihre Ma\u00dfe zugeschnitten. Es wird in gro\u00dfen Mengen f\u00fcr Sekund\u00e4rverglasungen und Sturmfenster geliefert und unterst\u00fctzt praktische energetische Verbesserungen bei gleichbleibendem Aussehen.<\/p>","protected":false},"featured_media":590,"template":"","meta":{"_gspb_post_css":""},"product_brand":[],"product_cat":[27],"product_tag":[64,121,77,122,125,127,124,123,129,128,126,130],"class_list":{"0":"post-589","1":"product","2":"type-product","3":"status-publish","4":"has-post-thumbnail","6":"product_cat-online-low-e-glass","7":"product_tag-custom-size","8":"product_tag-cut-to-size-bulk-hard-coat-online-low-e-glass","9":"product_tag-factory-direct-bulk-supply","10":"product_tag-hard-coat-low-e-glass","11":"product_tag-igu-compatible-glass","12":"product_tag-laminated-option","13":"product_tag-low-emissivity-coating","14":"product_tag-pyrolytic-online-coating","15":"product_tag-secondary-glazing","16":"product_tag-storm-window-glass","17":"product_tag-tempered-option","18":"product_tag-window-replacement-lites","20":"first","21":"instock","22":"shipping-taxable","23":"purchasable","24":"product-type-simple"},"_links":{"self":[{"href":"https:\/\/theinsulatedglass.com\/de\/wp-json\/wp\/v2\/product\/589","targetHints":{"allow":["GET"]}}],"collection":[{"href":"https:\/\/theinsulatedglass.com\/de\/wp-json\/wp\/v2\/product"}],"about":[{"href":"https:\/\/theinsulatedglass.com\/de\/wp-json\/wp\/v2\/types\/product"}],"wp:featuredmedia":[{"embeddable":true,"href":"https:\/\/theinsulatedglass.com\/de\/wp-json\/wp\/v2\/media\/590"}],"wp:attachment":[{"href":"https:\/\/theinsulatedglass.com\/de\/wp-json\/wp\/v2\/media?parent=589"}],"wp:term":[{"taxonomy":"product_brand","embeddable":true,"href":"https:\/\/theinsulatedglass.com\/de\/wp-json\/wp\/v2\/product_brand?post=589"},{"taxonomy":"product_cat","embeddable":true,"href":"https:\/\/theinsulatedglass.com\/de\/wp-json\/wp\/v2\/product_cat?post=589"},{"taxonomy":"product_tag","embeddable":true,"href":"https:\/\/theinsulatedglass.com\/de\/wp-json\/wp\/v2\/product_tag?post=589"}],"curies":[{"name":"wp","href":"https:\/\/api.w.org\/{rel}","templated":true}]}}