{"id":625,"date":"2026-01-27T07:53:33","date_gmt":"2026-01-27T07:53:33","guid":{"rendered":"https:\/\/theinsulatedglass.com\/?post_type=product&#038;p=625"},"modified":"2026-01-27T07:53:33","modified_gmt":"2026-01-27T07:53:33","slug":"project-spec-custom-solar-control-coated-glass","status":"publish","type":"product","link":"https:\/\/theinsulatedglass.com\/de\/project-spec-custom-solar-control-coated-glass\/","title":{"rendered":"Projektspezifikation Kundenspezifisches beschichtetes Sonnenschutzglas"},"content":{"rendered":"<p data-start=\"59\" data-end=\"366\">\u00dcbersicht<br data-start=\"67\" data-end=\"70\" \/>Von der fr\u00fchzeitigen Koordinierung der Fassade bis zur endg\u00fcltigen Auslieferung leistet beschichtetes Sonnenschutzglas am besten, wenn es genau nach den Aufbau- und Verarbeitungsanforderungen des Projekts geliefert wird. Diese Project Spec-L\u00f6sung tr\u00e4gt dazu bei, Sonnenw\u00e4rme und Blendung zu reduzieren und gleichzeitig das Tageslicht und ein einheitliches \u00e4u\u00dferes Erscheinungsbild zu bewahren.<\/p>\n<p data-start=\"370\" data-end=\"384\">Wesentliche Merkmale<\/p>\n<p data-start=\"387\" data-end=\"461\">Steuerung von Sonneneinstrahlung und Blendung zur Verbesserung des Raumkomforts in der N\u00e4he von Verglasungslinien<\/p>\n<p data-start=\"464\" data-end=\"546\">Beibehaltung der architektonischen Farbkonsistenz \u00fcber alle Geb\u00e4ude und Lieferphasen hinweg<\/p>\n<p data-start=\"549\" data-end=\"627\">Unterst\u00fctzen Sie IGU- und laminierte Baugruppen mit beschichtungsgerechten Verarbeitungsmethoden<\/p>\n<p data-start=\"630\" data-end=\"701\">Koordinierung der Orientierungshilfen f\u00fcr den korrekten Einbau der Beschichtung vor Ort<\/p>\n<p data-start=\"704\" data-end=\"788\">Verbesserung der Zuverl\u00e4ssigkeit der nachgelagerten Versiegelung durch kontrollierte Beschichtungskantenvorbereitung<\/p>\n<p data-start=\"791\" data-end=\"863\">Erm\u00f6glichen Sie eine vorhersehbare Projektausf\u00fchrung mit nachvollziehbarer Produktionskontrolle<\/p>\n<p data-start=\"867\" data-end=\"892\">Optionen und Anpassung<\/p>\n<p data-start=\"895\" data-end=\"968\">Ma\u00dfanfertigung \/ Zuschnitte, Formen und Plattenanpassung auf Anfrage<\/p>\n<p data-start=\"971\" data-end=\"1046\">Auswahl an Beschichtungst\u00f6nen\/Reflexionsgraden zur Anpassung an die Fassade m\u00f6glich<\/p>\n<p data-start=\"1049\" data-end=\"1128\">IGU-Konfigurationen und Unterst\u00fctzung f\u00fcr die Kompatibilit\u00e4t von Abstandshaltern\/Dichtungen sind auf Anfrage erh\u00e4ltlich<\/p>\n<p data-start=\"1131\" data-end=\"1198\">Kantenl\u00f6schung, Maskierung und gesch\u00fctzte Bereiche gem\u00e4\u00df den Zeichnungen<\/p>\n<p data-start=\"1201\" data-end=\"1272\">Geh\u00e4rtete oder laminierte Umr\u00fcstungen sind auf Anfrage erh\u00e4ltlich, falls erforderlich.<\/p>\n<p data-start=\"1275\" data-end=\"1335\">Muster und Freigabetafeln f\u00fcr die Projektabnahme verf\u00fcgbar<\/p>\n<p data-start=\"1339\" data-end=\"1550\">Typische Anwendungen<br data-start=\"1359\" data-end=\"1362\" \/>Vorhangfassaden IGUs, kommerzielle Fensterelemente, Fassadennachr\u00fcstungen, B\u00fcrot\u00fcrme, Hotelverglasungen, Einzelhandelsfassaden, Atrium\u00fcberdachungen, Oberlichter und Dachfenster, Flughafen- und Verkehrsterminals<\/p>\n<p data-start=\"1554\" data-end=\"1903\">Versorgung &amp; Unterst\u00fctzung<br data-start=\"1570\" data-end=\"1573\" \/>Direkte Lieferung ab Werk mit Anpassung der Projektspezifikationen, Zeichnungsunterst\u00fctzung und Koordinierung der Werkstattzeichnungen f\u00fcr Genehmigungen und Sequenzierung. Stabile Vorlaufzeitplanung ist f\u00fcr gestaffelte Freigaben verf\u00fcgbar, unterst\u00fctzt durch hausinterne Qualit\u00e4tskontrolle und Qualit\u00e4tsr\u00fcckverfolgbarkeit. Exportverpackungen und Kistenverpackungen k\u00f6nnen arrangiert werden; Normenkonformit\u00e4t ist auf Anfrage erh\u00e4ltlich.<\/p>","protected":false},"excerpt":{"rendered":"<p>Das beschichtete Sonnenschutzglas von Project Spec reduziert Hitze und Blendung und sorgt gleichzeitig f\u00fcr Tageslicht und einen sauberen Au\u00dfenanstrich. Es wird auf Bestellung in kundenspezifischen Gr\u00f6\u00dfen mit Zeichnungskoordination hergestellt und ist eine zuverl\u00e4ssige Option f\u00fcr Vorhangfassaden und kommerzielle Fensterprojekte, die ein einheitliches Erscheinungsbild bei allen Lieferungen erfordern.<\/p>","protected":false},"featured_media":629,"template":"","meta":{"_gspb_post_css":""},"product_brand":[],"product_cat":[28],"product_tag":[66,166,62,139,167,169,164,58,165,162,168,163],"class_list":{"0":"post-625","1":"product","2":"type-product","3":"status-publish","4":"has-post-thumbnail","6":"product_cat-coated-glass","7":"product_tag-bulk-supply","8":"product_tag-commercial-window-glass","9":"product_tag-curtain-wall-glazing","10":"product_tag-custom-size-glass","11":"product_tag-facade-glass","12":"product_tag-factory-direct-glass","13":"product_tag-igu-glass","14":"product_tag-low-e-coated-glass","15":"product_tag-magnetron-coated-glass","16":"product_tag-project-spec-custom-solar-control-coated-glass","17":"product_tag-project-spec-support","18":"product_tag-solar-control-coated-glass","20":"first","21":"instock","22":"shipping-taxable","23":"purchasable","24":"product-type-simple"},"_links":{"self":[{"href":"https:\/\/theinsulatedglass.com\/de\/wp-json\/wp\/v2\/product\/625","targetHints":{"allow":["GET"]}}],"collection":[{"href":"https:\/\/theinsulatedglass.com\/de\/wp-json\/wp\/v2\/product"}],"about":[{"href":"https:\/\/theinsulatedglass.com\/de\/wp-json\/wp\/v2\/types\/product"}],"wp:featuredmedia":[{"embeddable":true,"href":"https:\/\/theinsulatedglass.com\/de\/wp-json\/wp\/v2\/media\/629"}],"wp:attachment":[{"href":"https:\/\/theinsulatedglass.com\/de\/wp-json\/wp\/v2\/media?parent=625"}],"wp:term":[{"taxonomy":"product_brand","embeddable":true,"href":"https:\/\/theinsulatedglass.com\/de\/wp-json\/wp\/v2\/product_brand?post=625"},{"taxonomy":"product_cat","embeddable":true,"href":"https:\/\/theinsulatedglass.com\/de\/wp-json\/wp\/v2\/product_cat?post=625"},{"taxonomy":"product_tag","embeddable":true,"href":"https:\/\/theinsulatedglass.com\/de\/wp-json\/wp\/v2\/product_tag?post=625"}],"curies":[{"name":"wp","href":"https:\/\/api.w.org\/{rel}","templated":true}]}}