{"id":644,"date":"2026-01-27T08:14:25","date_gmt":"2026-01-27T08:14:25","guid":{"rendered":"https:\/\/theinsulatedglass.com\/?post_type=product&#038;p=644"},"modified":"2026-01-27T08:14:25","modified_gmt":"2026-01-27T08:14:25","slug":"custom-size-interior-decoration-glass-for-decoration","status":"publish","type":"product","link":"https:\/\/theinsulatedglass.com\/de\/custom-size-interior-decoration-glass-for-decoration\/","title":{"rendered":"Benutzerdefinierte Gr\u00f6\u00dfe Innendekoration Glas f\u00fcr Dekoration"},"content":{"rendered":"<p data-start=\"65\" data-end=\"353\">\u00dcbersicht<br data-start=\"73\" data-end=\"76\" \/>F\u00fcr die Inneneinrichtung von Projekten wird oft Dekorationsglas ben\u00f6tigt, das den Zeichnungen entspricht, beschriftet geliefert und ohne Nacharbeiten vor Ort installiert werden kann. Unser Dekorationsglas f\u00fcr den Innenbereich wird nach Projektspezifikation in ma\u00dfgeschneiderten Gr\u00f6\u00dfen geliefert und hilft den Designern dabei, \u00fcber mehrere Bereiche hinweg einheitliche visuelle Linien zu erzielen.<\/p>\n<p data-start=\"357\" data-end=\"371\">Wesentliche Merkmale<\/p>\n<p data-start=\"374\" data-end=\"450\">Koordinieren Sie die Oberfl\u00e4chen, um ein einheitliches dekoratives Thema von Raum zu Raum zu schaffen<\/p>\n<p data-start=\"453\" data-end=\"515\">Saubere Kanten f\u00fcr eine sicherere Handhabung und raffinierte Details<\/p>\n<p data-start=\"518\" data-end=\"594\">Beibehaltung der Farbe und des Aussehens der Oberfl\u00e4che bei typischer Innenbeleuchtung<\/p>\n<p data-start=\"597\" data-end=\"678\">Unterst\u00fctzung einer schnellen Installation durch eindeutige Orientierungsmarkierungen und Beschriftung der Platten-ID<\/p>\n<p data-start=\"681\" data-end=\"739\">Reduzieren Sie das Nacharbeitsrisiko mit zeichnungsbasierten Fertigungspr\u00fcfungen<\/p>\n<p data-start=\"743\" data-end=\"768\">Optionen und Anpassung<\/p>\n<p data-start=\"771\" data-end=\"837\">Ma\u00dfanfertigung \/ Zuschnitt auf Bestellung, einschlie\u00dflich Formen auf Anfrage<\/p>\n<p data-start=\"840\" data-end=\"942\">Auf Anfrage erh\u00e4ltlich: hinterlackierte, ge\u00e4tzte, gemusterte, gespiegelte oder gedruckte Motive<\/p>\n<p data-start=\"945\" data-end=\"1024\">Geh\u00e4rtete oder laminierte Konstruktionen auf Anfrage erh\u00e4ltlich, um Sicherheitsanforderungen zu erf\u00fcllen<\/p>\n<p data-start=\"1027\" data-end=\"1098\">L\u00f6cher, Kerben und CNC-Ausschnitte f\u00fcr Beschl\u00e4ge, Abstandshalter und Kan\u00e4le<\/p>\n<p data-start=\"1101\" data-end=\"1168\">OEM\/ODM-Service f\u00fcr Markenprogramme, Nachbestellungen und Baus\u00e4tze<\/p>\n<p data-start=\"1172\" data-end=\"1400\">Typische Anwendungen<br data-start=\"1192\" data-end=\"1195\" \/>Trennw\u00e4nde, Verkleidungen von Aufzugslobbys, Innentrennw\u00e4nde, Glast\u00fcren und Seitenfenster, Schrank- und Garderobeneins\u00e4tze, Empfangshintergr\u00fcnde, Treppenhausw\u00e4nde, Verkaufspaneele, Akzente in Hotelkorridoren<\/p>\n<p data-start=\"1404\" data-end=\"1709\">Versorgung &amp; Unterst\u00fctzung<br data-start=\"1420\" data-end=\"1423\" \/>Direkte Lieferung ab Werk mit Koordinierung von Werkstattzeichnungen und Projektspezifikationen f\u00fcr Genehmigungen und Sequenzierung. Stabile Vorlaufzeitplanung ist verf\u00fcgbar, unterst\u00fctzt durch hausinterne Qualit\u00e4tskontrolle und Qualit\u00e4tsr\u00fcckverfolgbarkeit. Exportverpackung mit Kistenverpackung kann arrangiert werden; Normenkonformit\u00e4t ist auf Anfrage erh\u00e4ltlich.<\/p>","protected":false},"excerpt":{"rendered":"<p>Ma\u00dfgefertigtes Glas f\u00fcr die Innendekoration bietet ma\u00dfgeschneiderte Oberfl\u00e4chen und pr\u00e4zise Gr\u00f6\u00dfen, um den Projektzeichnungen zu entsprechen und ein einheitliches Aussehen zu gew\u00e4hrleisten. Es wird h\u00e4ufig f\u00fcr besondere W\u00e4nde und Trennw\u00e4nde in Hotels, Einzelhandelsfl\u00e4chen und Wohnr\u00e4umen eingesetzt.<\/p>","protected":false},"featured_media":645,"template":"","meta":{"_gspb_post_css":""},"product_brand":[],"product_cat":[44],"product_tag":[193,64,186,187,194,97,191,192,190,86,188,189],"class_list":{"0":"post-644","1":"product","2":"type-product","3":"status-publish","4":"has-post-thumbnail","6":"product_cat-interior-decoration-glass","7":"product_tag-cabinet-door-inserts","8":"product_tag-custom-size","9":"product_tag-custom-size-interior-decoration-glass-for-decoration","10":"product_tag-decorative-glass-panels","11":"product_tag-elevator-lobby-glass","12":"product_tag-factory-direct","13":"product_tag-feature-wall-glass","14":"product_tag-interior-partition-glass","15":"product_tag-laminated-decorative-glass","16":"product_tag-oem-odm-service","17":"product_tag-printed-glass","18":"product_tag-tempered-decorative-glass","20":"first","21":"instock","22":"shipping-taxable","23":"purchasable","24":"product-type-simple"},"_links":{"self":[{"href":"https:\/\/theinsulatedglass.com\/de\/wp-json\/wp\/v2\/product\/644","targetHints":{"allow":["GET"]}}],"collection":[{"href":"https:\/\/theinsulatedglass.com\/de\/wp-json\/wp\/v2\/product"}],"about":[{"href":"https:\/\/theinsulatedglass.com\/de\/wp-json\/wp\/v2\/types\/product"}],"wp:featuredmedia":[{"embeddable":true,"href":"https:\/\/theinsulatedglass.com\/de\/wp-json\/wp\/v2\/media\/645"}],"wp:attachment":[{"href":"https:\/\/theinsulatedglass.com\/de\/wp-json\/wp\/v2\/media?parent=644"}],"wp:term":[{"taxonomy":"product_brand","embeddable":true,"href":"https:\/\/theinsulatedglass.com\/de\/wp-json\/wp\/v2\/product_brand?post=644"},{"taxonomy":"product_cat","embeddable":true,"href":"https:\/\/theinsulatedglass.com\/de\/wp-json\/wp\/v2\/product_cat?post=644"},{"taxonomy":"product_tag","embeddable":true,"href":"https:\/\/theinsulatedglass.com\/de\/wp-json\/wp\/v2\/product_tag?post=644"}],"curies":[{"name":"wp","href":"https:\/\/api.w.org\/{rel}","templated":true}]}}