{"id":687,"date":"2026-01-27T09:01:17","date_gmt":"2026-01-27T09:01:17","guid":{"rendered":"https:\/\/theinsulatedglass.com\/?post_type=product&#038;p=687"},"modified":"2026-01-27T09:01:17","modified_gmt":"2026-01-27T09:01:17","slug":"clear-noise-control-acoustic-laminated-glass-for-business","status":"publish","type":"product","link":"https:\/\/theinsulatedglass.com\/de\/clear-noise-control-acoustic-laminated-glass-for-business\/","title":{"rendered":"Klarer L\u00e4rmschutz Akustik-Verbundglas f\u00fcr Unternehmen"},"content":{"rendered":"<p data-start=\"70\" data-end=\"385\">\u00dcbersicht<br data-start=\"78\" data-end=\"81\" \/>Ein ruhiger Arbeitsbereich kann trotzdem offen wirken. Klares, schalld\u00e4mmendes, akustisches Verbundglas sorgt f\u00fcr das von Designern gew\u00fcnschte transparente, hochwertige Erscheinungsbild und tr\u00e4gt gleichzeitig dazu bei, die st\u00f6rende Schall\u00fcbertragung zwischen den Bereichen zu reduzieren. Die laminierte Konstruktion verbessert auch den Halt bei Bruch und unterst\u00fctzt so die Sicherheit in Innenr\u00e4umen.<\/p>\n<p data-start=\"389\" data-end=\"403\">Wesentliche Merkmale<\/p>\n<p data-start=\"406\" data-end=\"467\">Bewahren Sie eine saubere, farbreduzierte Sicht f\u00fcr ein erstklassiges optisches Ergebnis<\/p>\n<p data-start=\"470\" data-end=\"538\">D\u00e4mpfen Sie Sprache und Ger\u00e4usche im mittleren Frequenzbereich, um die gef\u00fchlte Privatsph\u00e4re zu verbessern<\/p>\n<p data-start=\"541\" data-end=\"610\">Verbesserter Halt nach dem Brechen dank der Zwischenschichtkonstruktion<\/p>\n<p data-start=\"613\" data-end=\"687\">Konsistente Kanten und Ecken f\u00fcr scharfe Linien in Rahmen und Kan\u00e4len<\/p>\n<p data-start=\"690\" data-end=\"772\">Unterst\u00fctzung einer stabilen \u00c4sthetik \u00fcber mehrere Bereiche hinweg mit stapelgesteuerter Verarbeitung<\/p>\n<p data-start=\"776\" data-end=\"801\">Optionen und Anpassung<\/p>\n<p data-start=\"804\" data-end=\"878\">Ma\u00dfgeschneiderte \/ auftragsbezogene Platten, die nach Zeichnungen und \u00d6ffnungspl\u00e4nen zugeschnitten werden<\/p>\n<p data-start=\"881\" data-end=\"948\">Auswahl an akustischen Zwischenschichten und Aufbauten auf Anfrage erh\u00e4ltlich<\/p>\n<p data-start=\"951\" data-end=\"1029\">Geh\u00e4rtete + laminierte Kombinationen f\u00fcr h\u00f6here Robustheit auf Anfrage erh\u00e4ltlich<\/p>\n<p data-start=\"1032\" data-end=\"1102\">L\u00f6cher, Aussparungen und CNC-Ausschnitte f\u00fcr Beschl\u00e4ge und T\u00fcrbeschl\u00e4ge<\/p>\n<p data-start=\"1105\" data-end=\"1185\">Klare, get\u00f6nte oder beschichtete Scheiben auf Anfrage f\u00fcr integrierte Leistung erh\u00e4ltlich<\/p>\n<p data-start=\"1189\" data-end=\"1389\">Typische Anwendungen<br data-start=\"1209\" data-end=\"1212\" \/>B\u00fcrotrennw\u00e4nde, Fronten f\u00fcr Besprechungsr\u00e4ume, B\u00fcros f\u00fcr leitende Angestellte, Empfangstrennw\u00e4nde, Schulungsr\u00e4ume, Verglasung von Einzelhandelsgesch\u00e4ften, Business Center in Hotels, Call Rooms, Seitenw\u00e4nde f\u00fcr Flure<\/p>\n<p data-start=\"1393\" data-end=\"1703\">Versorgung &amp; Unterst\u00fctzung<br data-start=\"1409\" data-end=\"1412\" \/>Direkte Lieferung in gro\u00dfen Mengen ab Werk mit Planung der Volumenproduktion und stabiler Vorlaufzeitkoordination f\u00fcr gestaffelte Lieferungen. Hausinterne Qualit\u00e4tskontrolle mit R\u00fcckverfolgbarkeit der Qualit\u00e4t sowie Exportverpackung und Kistenverpackung f\u00fcr sicheren Versand. Unterst\u00fctzung bei der Erstellung von Werkszeichnungen ist verf\u00fcgbar; die Einhaltung von Normen ist auf Anfrage m\u00f6glich.<\/p>","protected":false},"excerpt":{"rendered":"<p>Halten Sie Innenr\u00e4ume visuell offen und reduzieren Sie gleichzeitig st\u00f6rende Schall\u00fcbertragung. Unser klares Akustik-Verbundglas wird auf Bestellung mit gleichbleibender Kantenqualit\u00e4t f\u00fcr B\u00fcrotrennw\u00e4nde und Sitzungsraumfronten hergestellt und hilft Unternehmen, ruhigere, komfortablere R\u00e4ume zu schaffen, ohne auf Tageslicht zu verzichten.<\/p>","protected":false},"featured_media":688,"template":"","meta":{"_gspb_post_css":""},"product_brand":[],"product_cat":[30],"product_tag":[239,237,66,236,235,64,97,240,136,242,241,238],"class_list":{"0":"post-687","1":"product","2":"type-product","3":"status-publish","4":"has-post-thumbnail","6":"product_cat-laminated-glass","7":"product_tag-acoustic-igu","8":"product_tag-acoustic-pvb-interlayer","9":"product_tag-bulk-supply","10":"product_tag-clear-acoustic-laminated-glass","11":"product_tag-clear-noise-control-acoustic-laminated-glass-for-business","12":"product_tag-custom-size","13":"product_tag-factory-direct","14":"product_tag-meeting-room-glazing","15":"product_tag-office-partition-glass","16":"product_tag-reception-screen-glass","17":"product_tag-storefront-window-glass","18":"product_tag-tempered-laminated-glass","20":"first","21":"instock","22":"shipping-taxable","23":"purchasable","24":"product-type-simple"},"_links":{"self":[{"href":"https:\/\/theinsulatedglass.com\/de\/wp-json\/wp\/v2\/product\/687","targetHints":{"allow":["GET"]}}],"collection":[{"href":"https:\/\/theinsulatedglass.com\/de\/wp-json\/wp\/v2\/product"}],"about":[{"href":"https:\/\/theinsulatedglass.com\/de\/wp-json\/wp\/v2\/types\/product"}],"wp:featuredmedia":[{"embeddable":true,"href":"https:\/\/theinsulatedglass.com\/de\/wp-json\/wp\/v2\/media\/688"}],"wp:attachment":[{"href":"https:\/\/theinsulatedglass.com\/de\/wp-json\/wp\/v2\/media?parent=687"}],"wp:term":[{"taxonomy":"product_brand","embeddable":true,"href":"https:\/\/theinsulatedglass.com\/de\/wp-json\/wp\/v2\/product_brand?post=687"},{"taxonomy":"product_cat","embeddable":true,"href":"https:\/\/theinsulatedglass.com\/de\/wp-json\/wp\/v2\/product_cat?post=687"},{"taxonomy":"product_tag","embeddable":true,"href":"https:\/\/theinsulatedglass.com\/de\/wp-json\/wp\/v2\/product_tag?post=687"}],"curies":[{"name":"wp","href":"https:\/\/api.w.org\/{rel}","templated":true}]}}