{"id":694,"date":"2026-01-27T09:12:48","date_gmt":"2026-01-27T09:12:48","guid":{"rendered":"https:\/\/theinsulatedglass.com\/?post_type=product&#038;p=694"},"modified":"2026-01-27T09:12:48","modified_gmt":"2026-01-27T09:12:48","slug":"custom-and-useful-ultra-clear-tempered-glass","status":"publish","type":"product","link":"https:\/\/theinsulatedglass.com\/de\/custom-and-useful-ultra-clear-tempered-glass\/","title":{"rendered":"Individuelles und n\u00fctzliches ultraklarem geh\u00e4rtetem Glas"},"content":{"rendered":"<p data-start=\"57\" data-end=\"316\">\u00dcbersicht<br data-start=\"65\" data-end=\"68\" \/>Wenn der visuelle Komfort im Vordergrund steht, tr\u00e4gt ultraklares, geh\u00e4rtetes Glas dazu bei, dass Innenr\u00e4ume heller und eleganter wirken. Die eisenarme Klarheit reduziert die typische gr\u00fcne Randf\u00e4rbung, w\u00e4hrend die H\u00e4rtung die Sicherheit f\u00fcr allt\u00e4gliche Ber\u00fchrungspunkte in \u00f6ffentlichen und privaten R\u00e4umen erh\u00f6ht.<\/p>\n<p data-start=\"320\" data-end=\"636\">Wesentliche Merkmale<br data-start=\"332\" data-end=\"335\" \/>Verbessert die Farbwiedergabe mit ultraklarem Glas<\/p>\n<p data-start=\"320\" data-end=\"636\">\u00a0Bietet Sicherheitsleistung durch geh\u00e4rtete Verarbeitung<br data-start=\"455\" data-end=\"458\" \/>\u00a0Beh\u00e4lt klare Linien mit raffinierter Kantenverarbeitung bei<br data-start=\"509\" data-end=\"512\" \/>\u00a0Unterst\u00fctzt saubere Wartung mit optionalen Easy-Clean-Oberfl\u00e4chen<br data-start=\"574\" data-end=\"577\" \/>\u00a0Verbessert die Designkonsistenz mit stabiler optischer Qualit\u00e4t<\/p>\n<p data-start=\"640\" data-end=\"1090\">Optionen und Anpassung<br data-start=\"663\" data-end=\"666\" \/>\u00a0Kundenspezifische Gr\u00f6\u00dfe, auftragsbezogener Zuschnitt auf Projektma\u00dfe<br data-start=\"724\" data-end=\"727\" \/>\u00a0Kantenbearbeitung: Arris, Bleistift, flacher Schliff, abgeschr\u00e4gte Kanten (je nach Bedarf)<br data-start=\"802\" data-end=\"805\" \/>\u00a0L\u00f6cher, Kerben und CNC-Ausschnitte f\u00fcr die Integration von Hardware<br data-start=\"863\" data-end=\"866\" \/>\u00a0Keramikfritte \/ Siebdruck und Hinterglasmalerei auf Anfrage erh\u00e4ltlich<br data-start=\"937\" data-end=\"940\" \/>\u00a0Gebogene Temperierung oder laminierte Aufbauten f\u00fcr verbesserte Komfortziele erh\u00e4ltlich<br data-start=\"1020\" data-end=\"1023\" \/>\u00a0Unterst\u00fctzung bei Projektspezifikationen und Werkstattzeichnungen von der Zeichnung bis zur Genehmigung<\/p>\n<p data-start=\"1094\" data-end=\"1317\">Typische Anwendungen<br data-start=\"1114\" data-end=\"1117\" \/>Rahmenlose Duscht\u00fcren, Duschabtrennungen, B\u00fcroabtrennungen, Einzelhandelsverglasungen, Museumsvitrinen, Schrankt\u00fcren, Glasregale, M\u00f6beloberfl\u00e4chen, Ger\u00e4teabdeckungen, Balustradenf\u00fcllungen.<\/p>\n<p data-start=\"1321\" data-end=\"1575\">Versorgung &amp; Unterst\u00fctzung<br data-start=\"1337\" data-end=\"1340\" \/>Direktes Werk mit Serienproduktion f\u00fcr Wiederholungsprogramme oder Einzelanfertigungen. Stabile Vorlaufzeit, hausinterne Qualit\u00e4tskontrolle mit R\u00fcckverfolgbarkeit der Qualit\u00e4t und Exportverpackung einschlie\u00dflich Kistenverpackung werden angeboten. Die Einhaltung von Normen ist auf Anfrage erh\u00e4ltlich.<\/p>","protected":false},"excerpt":{"rendered":"<p>Ultraklares, geh\u00e4rtetes Glas wird gew\u00e4hlt, wenn es auf visuellen Komfort ankommt - die eisenarme Klarheit sorgt f\u00fcr unverf\u00e4lschte Farben, w\u00e4hrend die H\u00e4rtung die Sicherheit in Bereichen mit hoher Ber\u00fchrung verbessert. Wird auf Bestellung f\u00fcr hochwertige Duscht\u00fcren, Innentrennw\u00e4nde und Schautafeln geliefert, bei denen ein sauberes, helles Aussehen erforderlich ist.<\/p>","protected":false},"featured_media":695,"template":"","meta":{"_gspb_post_css":""},"product_brand":[],"product_cat":[35],"product_tag":[66,245,243,64,247,73,81,51,86,246,113,244],"class_list":{"0":"post-694","1":"product","2":"type-product","3":"status-publish","4":"has-post-thumbnail","6":"product_cat-ultra-clear-glass","7":"product_tag-bulk-supply","8":"product_tag-ceramic-frit-printing","9":"product_tag-custom-and-useful-ultra-clear-tempered-glass","10":"product_tag-custom-size","11":"product_tag-display-case-glazing","12":"product_tag-glass-partition-panels","13":"product_tag-laminated-glass-option","14":"product_tag-low-iron-glass","15":"product_tag-oem-odm-service","16":"product_tag-shower-door-glass","17":"product_tag-tempered-safety-glass","18":"product_tag-ultra-clear-tempered-glass","20":"first","21":"instock","22":"shipping-taxable","23":"purchasable","24":"product-type-simple"},"_links":{"self":[{"href":"https:\/\/theinsulatedglass.com\/de\/wp-json\/wp\/v2\/product\/694","targetHints":{"allow":["GET"]}}],"collection":[{"href":"https:\/\/theinsulatedglass.com\/de\/wp-json\/wp\/v2\/product"}],"about":[{"href":"https:\/\/theinsulatedglass.com\/de\/wp-json\/wp\/v2\/types\/product"}],"wp:featuredmedia":[{"embeddable":true,"href":"https:\/\/theinsulatedglass.com\/de\/wp-json\/wp\/v2\/media\/695"}],"wp:attachment":[{"href":"https:\/\/theinsulatedglass.com\/de\/wp-json\/wp\/v2\/media?parent=694"}],"wp:term":[{"taxonomy":"product_brand","embeddable":true,"href":"https:\/\/theinsulatedglass.com\/de\/wp-json\/wp\/v2\/product_brand?post=694"},{"taxonomy":"product_cat","embeddable":true,"href":"https:\/\/theinsulatedglass.com\/de\/wp-json\/wp\/v2\/product_cat?post=694"},{"taxonomy":"product_tag","embeddable":true,"href":"https:\/\/theinsulatedglass.com\/de\/wp-json\/wp\/v2\/product_tag?post=694"}],"curies":[{"name":"wp","href":"https:\/\/api.w.org\/{rel}","templated":true}]}}