{"id":748,"date":"2026-01-28T06:19:35","date_gmt":"2026-01-28T06:19:35","guid":{"rendered":"https:\/\/theinsulatedglass.com\/?post_type=product&#038;p=748"},"modified":"2026-01-28T06:19:36","modified_gmt":"2026-01-28T06:19:36","slug":"custom-high-rise-facade-clear-tempered-glass","status":"publish","type":"product","link":"https:\/\/theinsulatedglass.com\/de\/custom-high-rise-facade-clear-tempered-glass\/","title":{"rendered":"Ma\u00dfgeschneiderte Hochhausfassade aus geh\u00e4rtetem Klarglas"},"content":{"rendered":"<p data-start=\"57\" data-end=\"458\">\u00dcbersicht<br data-start=\"65\" data-end=\"68\" \/>Komfortable Hochhausfassaden sind auf Glas angewiesen, das auch unter Druck klar bleibt. Unsere klaren, vorgespannten Scheiben werden so hergestellt, dass die Sichtlinien klar bleiben und die Planer tageslichtorientierte H\u00fcllen mit minimaler optischer Welligkeit realisieren k\u00f6nnen. Wenn Projekte h\u00f6here Komfortziele erfordern, kann das gleiche Glas f\u00fcr IGU- oder Verbundkonstruktionen als Teil einer Gesamtstrategie f\u00fcr Schall- und Sonnenschutz spezifiziert werden.<\/p>\n<p data-start=\"462\" data-end=\"476\">Wesentliche Merkmale<\/p>\n<p data-start=\"479\" data-end=\"552\">H\u00e4lt anspruchsvollen Windlastbedingungen stand und bietet eine gem\u00e4\u00dfigte Sicherheitsleistung<\/p>\n<p data-start=\"555\" data-end=\"614\">Bewahrt die Transparenz mit kontrolliertem optischen Erscheinungsbild<\/p>\n<p data-start=\"617\" data-end=\"686\">Verbessert die Haltbarkeit der Kanten durch hausintern geschliffene\/polierte Verarbeitung<\/p>\n<p data-start=\"689\" data-end=\"763\">Unterst\u00fctzt eine konsistente Modulpassung mit wiederholbaren Abmessungen und Rechtwinkligkeit<\/p>\n<p data-start=\"766\" data-end=\"834\">Vereinfacht die Installation durch Verringerung des Risikos von Sp\u00e4nen und Handhabungssch\u00e4den<\/p>\n<p data-start=\"838\" data-end=\"863\">Optionen und Anpassung<\/p>\n<p data-start=\"866\" data-end=\"932\">Ma\u00dfgeschneiderte Gr\u00f6\u00dfen, Formen und Eckdetails gem\u00e4\u00df Projektspezifikation<\/p>\n<p data-start=\"935\" data-end=\"1004\">Loch-, Kerben- und Ausschnittmuster f\u00fcr D\u00fcbel und Beschl\u00e4ge verf\u00fcgbar<\/p>\n<p data-start=\"1007\" data-end=\"1073\">Verschiedene Kantenausf\u00fchrungen auf Anfrage (ges\u00e4umt, geschliffen, poliert)<\/p>\n<p data-start=\"1076\" data-end=\"1155\">Oberfl\u00e4chenbehandlungen auf Anfrage (Fritte, s\u00e4urege\u00e4tzt, back-paint-ready)<\/p>\n<p data-start=\"1158\" data-end=\"1216\">OEM\/ODM-Service und Kennzeichnungsmethoden auf Anfrage erh\u00e4ltlich<\/p>\n<p data-start=\"1219\" data-end=\"1290\">Unterst\u00fctzung bei der Zeichnungserstellung und Koordinierung der Werkstattzeichnungen f\u00fcr Genehmigungen<\/p>\n<p data-start=\"1294\" data-end=\"1569\">Typische Anwendungen<br data-start=\"1314\" data-end=\"1317\" \/>Vorgeh\u00e4ngte Glasscheiben, Fassadenverglasungen in Pfosten-Riegel-Bauweise, Hochhaus-Fenstermodule, Structural-Glazing-Kassetten, lamellengetragene Glasw\u00e4nde, Podiumsfassaden, Turmeingangsvord\u00e4cher, Br\u00fcstungsabdeckungen (auf Wunsch mit Hinterlackierung)<\/p>\n<p data-start=\"1573\" data-end=\"1839\">Versorgung &amp; Unterst\u00fctzung<br data-start=\"1589\" data-end=\"1592\" \/>Werksnahe Massenproduktion und Planung von Gro\u00dflieferungen mit interner Qualit\u00e4tskontrolle und R\u00fcckverfolgbarkeit der Qualit\u00e4t, die auf eine stabile Vorlaufzeit ausgerichtet sind. Exportverpackungen und Kistenverpackungen sind f\u00fcr den \u00dcberseetransport erh\u00e4ltlich. Die Einhaltung von Normen ist auf Anfrage m\u00f6glich.<\/p>","protected":false},"excerpt":{"rendered":"<p>Dieses auftragsbezogen gefertigte, klare, geh\u00e4rtete Glas wurde f\u00fcr hohe Geb\u00e4udeh\u00fcllen entwickelt und kombiniert zuverl\u00e4ssige Sicherheitsfestigkeit mit sauberen, verzerrungsarmen Ansichten. Es wird h\u00e4ufig f\u00fcr Vorhangfassaden eingesetzt, bei denen eine gleichbleibende Passform, Kantenqualit\u00e4t und zuverl\u00e4ssige Lieferung wichtig sind.<\/p>","protected":false},"featured_media":775,"template":"","meta":{"_gspb_post_css":""},"product_brand":[],"product_cat":[23],"product_tag":[66,142,295,292,64,97,296,293,294,113,297,298],"class_list":{"0":"post-748","1":"product","2":"type-product","3":"status-publish","4":"has-post-thumbnail","6":"product_cat-heat-soaked-tempered-glass","7":"product_tag-bulk-supply","8":"product_tag-clear-tempered-glass","9":"product_tag-cnc-cutouts","10":"product_tag-custom-high-rise-facade-clear-tempered-glass","11":"product_tag-custom-size","12":"product_tag-factory-direct","13":"product_tag-high-rise-curtain-wall","14":"product_tag-igu-ready-glass","15":"product_tag-laminated-glazing-pairing","16":"product_tag-tempered-safety-glass","17":"product_tag-unitized-facade-glazing","18":"product_tag-vision-panels","20":"first","21":"instock","22":"shipping-taxable","23":"purchasable","24":"product-type-simple"},"_links":{"self":[{"href":"https:\/\/theinsulatedglass.com\/de\/wp-json\/wp\/v2\/product\/748","targetHints":{"allow":["GET"]}}],"collection":[{"href":"https:\/\/theinsulatedglass.com\/de\/wp-json\/wp\/v2\/product"}],"about":[{"href":"https:\/\/theinsulatedglass.com\/de\/wp-json\/wp\/v2\/types\/product"}],"wp:featuredmedia":[{"embeddable":true,"href":"https:\/\/theinsulatedglass.com\/de\/wp-json\/wp\/v2\/media\/775"}],"wp:attachment":[{"href":"https:\/\/theinsulatedglass.com\/de\/wp-json\/wp\/v2\/media?parent=748"}],"wp:term":[{"taxonomy":"product_brand","embeddable":true,"href":"https:\/\/theinsulatedglass.com\/de\/wp-json\/wp\/v2\/product_brand?post=748"},{"taxonomy":"product_cat","embeddable":true,"href":"https:\/\/theinsulatedglass.com\/de\/wp-json\/wp\/v2\/product_cat?post=748"},{"taxonomy":"product_tag","embeddable":true,"href":"https:\/\/theinsulatedglass.com\/de\/wp-json\/wp\/v2\/product_tag?post=748"}],"curies":[{"name":"wp","href":"https:\/\/api.w.org\/{rel}","templated":true}]}}