{"id":831,"date":"2026-01-28T07:06:31","date_gmt":"2026-01-28T07:06:31","guid":{"rendered":"https:\/\/theinsulatedglass.com\/?post_type=product&#038;p=831"},"modified":"2026-01-28T07:06:31","modified_gmt":"2026-01-28T07:06:31","slug":"premium-clarity-bulk-ultra-clear-laminated-glass","status":"publish","type":"product","link":"https:\/\/theinsulatedglass.com\/de\/premium-clarity-bulk-ultra-clear-laminated-glass\/","title":{"rendered":"Premium Clarity Bulk Ultra-Clear-Verbundglas"},"content":{"rendered":"<p data-start=\"61\" data-end=\"461\">\u00dcbersicht<br data-start=\"69\" data-end=\"72\" \/>Tageslichtorientierte Geb\u00e4udeh\u00fcllen zielen darauf ab, die Abh\u00e4ngigkeit von k\u00fcnstlicher Beleuchtung zu verringern und gleichzeitig den visuellen Komfort in den Innenr\u00e4umen zu erhalten. Das ultraklare Verbundglas mit Premium-Klarheit minimiert den typischen Gr\u00fcnstich an den R\u00e4ndern und hilft Architekten dabei, eine echte Farbwiedergabe \u00fcber gro\u00dfe Glasfl\u00e4chen zu erhalten. Auf Wunsch kann es auch f\u00fcr IGUs oder Beschichtungspaare spezifiziert werden, um die Ziele des Gesamtfassadenkomforts zu unterst\u00fctzen.<\/p>\n<p data-start=\"465\" data-end=\"479\">Wesentliche Merkmale<\/p>\n<p data-start=\"482\" data-end=\"549\">Sie bieten ein klares, neutrales Erscheinungsbild mit hoher visueller Transparenz<\/p>\n<p data-start=\"552\" data-end=\"611\">Kombinieren Sie laminierte Sicherheit mit hochwertiger b\u00fcgelarmer \u00c4sthetik<\/p>\n<p data-start=\"614\" data-end=\"678\">Unterst\u00fctzung hellerer Innenr\u00e4ume durch Maximierung der Tageslichttransmission<\/p>\n<p data-start=\"681\" data-end=\"737\">Minimierung der Farbverschiebung an den Kanten f\u00fcr Verglasungen mit Schaufenstercharakter<\/p>\n<p data-start=\"740\" data-end=\"809\">Verbesserung der Lebensdauer durch kontrollierte Laminierungsprozesse<\/p>\n<p data-start=\"813\" data-end=\"838\">Optionen und Anpassung<\/p>\n<p data-start=\"841\" data-end=\"894\">Ma\u00dfgeschneiderte Gr\u00f6\u00dfen und Formen nach Projektspezifikation<\/p>\n<p data-start=\"897\" data-end=\"952\">Zwischenlagentyp und Farbtonoptionen auf Anfrage erh\u00e4ltlich<\/p>\n<p data-start=\"955\" data-end=\"1025\">Kantenbearbeitung und Eckdetails auf Anfrage f\u00fcr freiliegende Kanten erh\u00e4ltlich<\/p>\n<p data-start=\"1028\" data-end=\"1088\">Bohrungen\/Kerben\/CNC-Ausschnitte f\u00fcr Halterungen und Beschl\u00e4ge verf\u00fcgbar<\/p>\n<p data-start=\"1091\" data-end=\"1147\">IGU-f\u00e4hige Fenster und Low-E-Paarung auf Anfrage erh\u00e4ltlich<\/p>\n<p data-start=\"1150\" data-end=\"1217\">Unterst\u00fctzung von Werkstattzeichnungen und Zeichnungen f\u00fcr Genehmigungsworkflows verf\u00fcgbar<\/p>\n<p data-start=\"1221\" data-end=\"1443\">Typische Anwendungen<br data-start=\"1241\" data-end=\"1244\" \/>Vorhangfassaden, hochwertige Schaufensterverglasungen, Museumsfassaden, luxuri\u00f6se Einzelhandelsvitrinen, Abschirmungen f\u00fcr Aufzugshallen, hochwertige Wohnfenster, Innenw\u00e4nde, Glasbalustraden<\/p>\n<p data-start=\"1447\" data-end=\"1749\">Versorgung &amp; Unterst\u00fctzung<br data-start=\"1463\" data-end=\"1466\" \/>Die direkte Lieferung von Masseng\u00fctern ab Werk wird durch die Planung der Massenproduktion und eine stabile Vorlaufzeit unterst\u00fctzt. Die hausinterne Qualit\u00e4tskontrolle mit R\u00fcckverfolgbarkeit der Qualit\u00e4t erfolgt w\u00e4hrend der gesamten Verarbeitung, und f\u00fcr den Versand \u00fcber gro\u00dfe Entfernungen ist eine Exportverpackung \/ Kistenverpackung verf\u00fcgbar. Die Einhaltung von Normen ist auf Anfrage m\u00f6glich.<\/p>","protected":false},"excerpt":{"rendered":"<p>Erstklassige Klarheit trifft auf Verbundsicherheit in eisenarmem Glas, das nach Projektspezifikation in ma\u00dfgeschneiderten Gr\u00f6\u00dfen f\u00fcr die Massenlieferung hergestellt wird. Es eignet sich f\u00fcr die Sichtbereiche von Vorhangfassaden und luxuri\u00f6se Schaufensterverglasungen, da es die Farben wahrheitsgetreu wiedergibt und gleichzeitig eine konsistente Modulpassung unterst\u00fctzt.<\/p>","protected":false},"featured_media":850,"template":"","meta":{"_gspb_post_css":""},"product_brand":[],"product_cat":[35],"product_tag":[66,363,365,361,68,362,51,366,364,359,277,360],"class_list":{"0":"post-831","1":"product","2":"type-product","3":"status-publish","4":"has-post-thumbnail","6":"product_cat-ultra-clear-glass","7":"product_tag-bulk-supply","8":"product_tag-curtain-wall-vision-panels","9":"product_tag-glass-balustrade","10":"product_tag-igu-ready-glazing","11":"product_tag-laminated-safety-glass","12":"product_tag-low-e-pairing","13":"product_tag-low-iron-glass","14":"product_tag-made-to-order","15":"product_tag-museum-display-glass","16":"product_tag-premium-clarity-bulk-ultra-clear-laminated-glass","17":"product_tag-storefront-glazing","18":"product_tag-ultra-clear-laminated-glass","20":"first","21":"instock","22":"shipping-taxable","23":"purchasable","24":"product-type-simple"},"_links":{"self":[{"href":"https:\/\/theinsulatedglass.com\/de\/wp-json\/wp\/v2\/product\/831","targetHints":{"allow":["GET"]}}],"collection":[{"href":"https:\/\/theinsulatedglass.com\/de\/wp-json\/wp\/v2\/product"}],"about":[{"href":"https:\/\/theinsulatedglass.com\/de\/wp-json\/wp\/v2\/types\/product"}],"wp:featuredmedia":[{"embeddable":true,"href":"https:\/\/theinsulatedglass.com\/de\/wp-json\/wp\/v2\/media\/850"}],"wp:attachment":[{"href":"https:\/\/theinsulatedglass.com\/de\/wp-json\/wp\/v2\/media?parent=831"}],"wp:term":[{"taxonomy":"product_brand","embeddable":true,"href":"https:\/\/theinsulatedglass.com\/de\/wp-json\/wp\/v2\/product_brand?post=831"},{"taxonomy":"product_cat","embeddable":true,"href":"https:\/\/theinsulatedglass.com\/de\/wp-json\/wp\/v2\/product_cat?post=831"},{"taxonomy":"product_tag","embeddable":true,"href":"https:\/\/theinsulatedglass.com\/de\/wp-json\/wp\/v2\/product_tag?post=831"}],"curies":[{"name":"wp","href":"https:\/\/api.w.org\/{rel}","templated":true}]}}