{"id":924,"date":"2026-01-28T08:24:22","date_gmt":"2026-01-28T08:24:22","guid":{"rendered":"https:\/\/theinsulatedglass.com\/?post_type=product&#038;p=924"},"modified":"2026-01-28T08:24:22","modified_gmt":"2026-01-28T08:24:22","slug":"custom-build-back-paint-option-spandrel-frit-glass","status":"publish","type":"product","link":"https:\/\/theinsulatedglass.com\/de\/custom-build-back-paint-option-spandrel-frit-glass\/","title":{"rendered":"Kundenspezifische R\u00fcckseitenlackierung Option Frittenglas"},"content":{"rendered":"<p data-start=\"63\" data-end=\"456\">\u00dcbersicht<br data-start=\"71\" data-end=\"74\" \/>Blendende Hotspots und ungleichm\u00e4\u00dfige Hintergr\u00fcnde k\u00f6nnen eine ansonsten saubere Vorhangfassade unterminieren. Die Custom Build Back Paint Option Spandrel Frit Glass wurde entwickelt, um Br\u00fcstungszonen optisch ruhig zu halten, indem eine gesprengte Oberfl\u00e4che mit einer optionalen hinterlackierten Schicht kombiniert wird, um strukturelle Elemente zu verbergen. Das Ergebnis unterst\u00fctzt den Komfort der Bewohner in der N\u00e4he der Plattenr\u00e4nder und sorgt gleichzeitig f\u00fcr ein einheitliches Erscheinungsbild.<\/p>\n<p data-start=\"460\" data-end=\"474\">Wesentliche Merkmale<\/p>\n<p data-start=\"477\" data-end=\"549\">Verdeckt Bodenleitungen, Verankerungen und Isolierungen f\u00fcr ein einheitliches Br\u00fcstungsband<\/p>\n<p data-start=\"552\" data-end=\"613\">mildert reflektierte Helligkeit mit einer kontrollierten Frittenoberfl\u00e4che<\/p>\n<p data-start=\"616\" data-end=\"675\">Beh\u00e4lt ein stabiles Farberscheinungsbild \u00fcber benachbarte Module hinweg bei<\/p>\n<p data-start=\"678\" data-end=\"764\">Unterst\u00fctzt sicherere Konstruktionen mit geh\u00e4rteten oder laminierten Konfigurationen, die auf Anfrage erh\u00e4ltlich sind<\/p>\n<p data-start=\"767\" data-end=\"839\">Verbessert die langfristige visuelle Konsistenz mit dauerhaften gebrannten Frittenmustern<\/p>\n<p data-start=\"843\" data-end=\"868\">Optionen und Anpassung<\/p>\n<p data-start=\"871\" data-end=\"924\">Ma\u00dfgeschneiderte Gr\u00f6\u00dfen und Formen nach Projektspezifikation<\/p>\n<p data-start=\"927\" data-end=\"993\">Farbanpassung der R\u00fcckseitenfarbe und Opazit\u00e4tsgrad auf Anfrage<\/p>\n<p data-start=\"996\" data-end=\"1063\">Frittenmuster, Abdeckungsbereich und Ausrichtung auf Anfrage erh\u00e4ltlich<\/p>\n<p data-start=\"1066\" data-end=\"1152\">Kanten, L\u00f6cher und Kerben\/CNC-Details f\u00fcr Anker und Halterungen auf Anfrage erh\u00e4ltlich<\/p>\n<p data-start=\"1155\" data-end=\"1223\">IGU-f\u00e4hige Au\u00dfenscheiben auf Anfrage f\u00fcr Br\u00fcstungen erh\u00e4ltlich<\/p>\n<p data-start=\"1226\" data-end=\"1293\">Unterst\u00fctzung von Werkstattzeichnungen und Zeichnungen f\u00fcr Genehmigungsworkflows verf\u00fcgbar<\/p>\n<p data-start=\"1297\" data-end=\"1525\">Typische Anwendungen<br data-start=\"1317\" data-end=\"1320\" \/>Vorhangfassaden, elementierte Fassadenkassetten, Fensterwandbr\u00fcstungen, Podestbr\u00fcstungen, Br\u00fcstungsabschirmungen, S\u00e4ulenabdeckungen, mechanische Bodenverkleidungen, Treppenhausbr\u00fcstungen<\/p>\n<p data-start=\"1529\" data-end=\"1820\">Versorgung &amp; Unterst\u00fctzung<br data-start=\"1545\" data-end=\"1548\" \/>Die Serienproduktion ist auf eine stabile Vorlaufzeit ausgelegt, wobei die Qualit\u00e4tskontrolle und die R\u00fcckverfolgbarkeit der Qualit\u00e4t durch Chargenprotokolle gew\u00e4hrleistet sind. Exportverpackungen und Kistenverpackungen sind f\u00fcr ein einfaches Entladen vor Ort und den Transport \u00fcber weite Entfernungen erh\u00e4ltlich. Die Einhaltung von Normen ist auf Anfrage m\u00f6glich.<\/p>","protected":false},"excerpt":{"rendered":"<p>Dieses f\u00fcr optisch ruhige Fassaden konzipierte Br\u00fcstungsglas bietet eine Hintermalungsoption, um eine einheitliche Opazit\u00e4t zu schaffen und Blendreflexe zu mildern. Es wird nach Projektspezifikation in ma\u00dfgefertigten Gr\u00f6\u00dfen geliefert und wird \u00fcblicherweise in Br\u00fcstungsplatten f\u00fcr Vorhangfassaden verwendet, um Platten und Isolierung zu verbergen.<\/p>","protected":false},"featured_media":945,"template":"","meta":{"_gspb_post_css":""},"product_brand":[],"product_cat":[38],"product_tag":[448,449,451,446,450,127,366,447,453,126,452],"class_list":{"0":"post-924","1":"product","2":"type-product","3":"status-publish","4":"has-post-thumbnail","6":"product_cat-silk-screen-printed-ceramic-frit-glass","7":"product_tag-back-painted-spandrel-glass","8":"product_tag-ceramic-fritted-glass","9":"product_tag-curtain-wall-spandrel-panels","10":"product_tag-custom-build-back-paint-option-spandrel-frit-glass","11":"product_tag-igu-ready-spandrel-lite","12":"product_tag-laminated-option","13":"product_tag-made-to-order","14":"product_tag-spandrel-frit-glass","15":"product_tag-stable-lead-time","16":"product_tag-tempered-option","17":"product_tag-unitized-facade-cassettes","19":"first","20":"instock","21":"shipping-taxable","22":"purchasable","23":"product-type-simple"},"_links":{"self":[{"href":"https:\/\/theinsulatedglass.com\/de\/wp-json\/wp\/v2\/product\/924","targetHints":{"allow":["GET"]}}],"collection":[{"href":"https:\/\/theinsulatedglass.com\/de\/wp-json\/wp\/v2\/product"}],"about":[{"href":"https:\/\/theinsulatedglass.com\/de\/wp-json\/wp\/v2\/types\/product"}],"wp:featuredmedia":[{"embeddable":true,"href":"https:\/\/theinsulatedglass.com\/de\/wp-json\/wp\/v2\/media\/945"}],"wp:attachment":[{"href":"https:\/\/theinsulatedglass.com\/de\/wp-json\/wp\/v2\/media?parent=924"}],"wp:term":[{"taxonomy":"product_brand","embeddable":true,"href":"https:\/\/theinsulatedglass.com\/de\/wp-json\/wp\/v2\/product_brand?post=924"},{"taxonomy":"product_cat","embeddable":true,"href":"https:\/\/theinsulatedglass.com\/de\/wp-json\/wp\/v2\/product_cat?post=924"},{"taxonomy":"product_tag","embeddable":true,"href":"https:\/\/theinsulatedglass.com\/de\/wp-json\/wp\/v2\/product_tag?post=924"}],"curies":[{"name":"wp","href":"https:\/\/api.w.org\/{rel}","templated":true}]}}