{"id":989,"date":"2026-01-28T09:35:09","date_gmt":"2026-01-28T09:35:09","guid":{"rendered":"https:\/\/theinsulatedglass.com\/?post_type=product&#038;p=989"},"modified":"2026-01-28T09:35:09","modified_gmt":"2026-01-28T09:35:09","slug":"low-iron-option-factory-direct-ultra-clear-glass","status":"publish","type":"product","link":"https:\/\/theinsulatedglass.com\/de\/low-iron-option-factory-direct-ultra-clear-glass\/","title":{"rendered":"Eisenarme Option Werksdirektes Ultra-Klarglas"},"content":{"rendered":"<p data-start=\"61\" data-end=\"393\">\u00dcbersicht<br data-start=\"69\" data-end=\"72\" \/>Wenn Tageslicht und eine naturgetreue Farbwiedergabe im Vordergrund stehen, tr\u00e4gt ultraklares eisenarmes Glas dazu bei, den Gr\u00fcnstich zu minimieren, der bei Standard-Floatglas auftritt. Es wird h\u00e4ufig als hochklares Substrat f\u00fcr energieeffiziente Verglasungen gew\u00e4hlt, einschlie\u00dflich Isolierglaseinheiten und beschichtete Konfigurationen, die f\u00fcr den Fassadenkomfort spezifiziert sind.<\/p>\n<p data-start=\"397\" data-end=\"411\">Wesentliche Merkmale<\/p>\n<p data-start=\"414\" data-end=\"493\">Saubere Optik f\u00fcr hellere Innenr\u00e4ume und realistischere Produktpr\u00e4sentation.<\/p>\n<p data-start=\"496\" data-end=\"572\">Reduzieren Sie die Randt\u00f6nung f\u00fcr ein neutraleres Aussehen bei dicken oder geschichteten Aufbauten.<\/p>\n<p data-start=\"575\" data-end=\"655\">Unterst\u00fctzung von Tageslichtstrategien, die die Abh\u00e4ngigkeit von k\u00fcnstlicher Beleuchtung verringern k\u00f6nnen.<\/p>\n<p data-start=\"658\" data-end=\"743\">Erm\u00f6glicht Fertigungsverfahren wie H\u00e4rten oder Laminieren f\u00fcr Sicherheitsverglasungen.<\/p>\n<p data-start=\"746\" data-end=\"816\">Aufrechterhaltung der Konsistenz mit der hausinternen Qualit\u00e4tskontrolle und der R\u00fcckverfolgbarkeit der Qualit\u00e4t nach Chargen.<\/p>\n<p data-start=\"820\" data-end=\"845\">Optionen und Anpassung<\/p>\n<p data-start=\"848\" data-end=\"928\">Ma\u00dfgeschneiderte Gr\u00f6\u00dfen und Formen, die den Anforderungen des Projekts entsprechen.<\/p>\n<p data-start=\"931\" data-end=\"1013\">Bieten Sie Zeichnungsunterst\u00fctzung und die \u00dcberpr\u00fcfung von Werkstattzeichnungen f\u00fcr Musterlayouts und Abnahmen an.<\/p>\n<p data-start=\"1016\" data-end=\"1094\">Auf Anfrage als monolithische, geh\u00e4rtete, laminierte oder IGU-f\u00e4hige Scheiben konfigurierbar.<\/p>\n<p data-start=\"1097\" data-end=\"1182\">Bereiten Sie Kantenoptionen (gefalzt, arretiert, poliert) f\u00fcr sichtbare Installationen vor.<\/p>\n<p data-start=\"1185\" data-end=\"1257\">Vereinbaren Sie einen OEM\/ODM-Service f\u00fcr Etikettierung, Barcodes und modellbasiertes Kitting.<\/p>\n<p data-start=\"1261\" data-end=\"1475\">Typische Anwendungen<br data-start=\"1281\" data-end=\"1284\" \/>Lichtdurchl\u00e4ssige Vorhangfassaden, hochwertige Schaufenster, Oberlichter und Dachfenster, Gew\u00e4chshausverglasungen, Aquarienverkleidungen, Vitrinenverglasungen, Duschabtrennungen, Innentrennw\u00e4nde.<\/p>\n<p data-start=\"1479\" data-end=\"1777\">Versorgung &amp; Unterst\u00fctzung<br data-start=\"1495\" data-end=\"1498\" \/>Factory Direct Bulk Supply unterst\u00fctzt die Planung stabiler Vorlaufzeiten f\u00fcr wiederkehrende Termine und Mengenfreigaben. Exportverpackungen mit Kistenverpackung sind f\u00fcr Langstreckensendungen erh\u00e4ltlich, wobei auf Wunsch Pr\u00fcfprotokolle f\u00fcr jedes Los ausgestellt werden. Die Einhaltung von Normen ist auf Anfrage erh\u00e4ltlich.<\/p>","protected":false},"excerpt":{"rendered":"<p>Ultraklares, eisenarmes Glas verbessert die Transparenz und Farbneutralit\u00e4t und tr\u00e4gt dazu bei, dass das Tageslicht tiefer in die Innenr\u00e4ume eindringen kann, was zu einem saubereren optischen Ergebnis f\u00fchrt. Es wird auf Bestellung und direkt ab Werk geliefert und wird h\u00e4ufig f\u00fcr hochwertige Schaufenster und Oberlichter verwendet, bei denen Aussehen und Konsistenz wichtig sind.<\/p>","protected":false},"featured_media":1000,"template":"","meta":{"_gspb_post_css":""},"product_brand":[],"product_cat":[35],"product_tag":[66,226,64,530,293,528,51,525,529,241,527,526],"class_list":{"0":"post-989","1":"product","2":"type-product","3":"status-publish","4":"has-post-thumbnail","6":"product_cat-ultra-clear-glass","7":"product_tag-bulk-supply","8":"product_tag-curtain-wall-vision-glass","9":"product_tag-custom-size","10":"product_tag-greenhouse-glazing","11":"product_tag-igu-ready-glass","12":"product_tag-laminated-ultra-clear-glass","13":"product_tag-low-iron-glass","14":"product_tag-low-iron-option-factory-direct-ultra-clear-glass","15":"product_tag-skylight-glass","16":"product_tag-storefront-window-glass","17":"product_tag-tempered-low-iron-glass","18":"product_tag-ultra-clear-glass","20":"first","21":"instock","22":"shipping-taxable","23":"purchasable","24":"product-type-simple"},"_links":{"self":[{"href":"https:\/\/theinsulatedglass.com\/de\/wp-json\/wp\/v2\/product\/989","targetHints":{"allow":["GET"]}}],"collection":[{"href":"https:\/\/theinsulatedglass.com\/de\/wp-json\/wp\/v2\/product"}],"about":[{"href":"https:\/\/theinsulatedglass.com\/de\/wp-json\/wp\/v2\/types\/product"}],"wp:featuredmedia":[{"embeddable":true,"href":"https:\/\/theinsulatedglass.com\/de\/wp-json\/wp\/v2\/media\/1000"}],"wp:attachment":[{"href":"https:\/\/theinsulatedglass.com\/de\/wp-json\/wp\/v2\/media?parent=989"}],"wp:term":[{"taxonomy":"product_brand","embeddable":true,"href":"https:\/\/theinsulatedglass.com\/de\/wp-json\/wp\/v2\/product_brand?post=989"},{"taxonomy":"product_cat","embeddable":true,"href":"https:\/\/theinsulatedglass.com\/de\/wp-json\/wp\/v2\/product_cat?post=989"},{"taxonomy":"product_tag","embeddable":true,"href":"https:\/\/theinsulatedglass.com\/de\/wp-json\/wp\/v2\/product_tag?post=989"}],"curies":[{"name":"wp","href":"https:\/\/api.w.org\/{rel}","templated":true}]}}