{"id":1019,"date":"2026-01-28T09:54:52","date_gmt":"2026-01-28T09:54:52","guid":{"rendered":"https:\/\/theinsulatedglass.com\/?post_type=product&#038;p=1019"},"modified":"2026-01-28T09:54:52","modified_gmt":"2026-01-28T09:54:52","slug":"wholesale-pattern-options-decorative-door-glass","status":"publish","type":"product","link":"https:\/\/theinsulatedglass.com\/es\/wholesale-pattern-options-decorative-door-glass\/","title":{"rendered":"Mayorista Opciones de Patrones Cristal Decorativo para Puertas"},"content":{"rendered":"<p data-start=\"59\" data-end=\"362\">Visi\u00f3n general<br data-start=\"67\" data-end=\"70\" \/>Cuando los programas de puertas pasan de un modelo a cientos de unidades, el vidrio debe llegar como un kit controlado, no como una mezcla de cristales desparejados. Suministramos vidrio decorativo para puertas con opciones de patr\u00f3n y procesamiento repetible, organizado seg\u00fan las especificaciones de su proyecto para un montaje en l\u00ednea y una instalaci\u00f3n in situ sin problemas.<\/p>\n<p data-start=\"366\" data-end=\"735\">Caracter\u00edsticas principales<br data-start=\"378\" data-end=\"381\" \/>- Coordinar la coherencia de los patrones para facilitar la comparaci\u00f3n entre lotes<br data-start=\"448\" data-end=\"451\" \/>- Reduzca los problemas de manipulaci\u00f3n con bordes limpios y escuadra controlada<br data-start=\"521\" data-end=\"524\" \/>- Prepare orificios, muescas y radios listos para el hardware cuando los dise\u00f1os lo requieran.<br data-start=\"596\" data-end=\"599\" \/>- Mejorar la privacidad y el control del deslumbramiento manteniendo la luz natural \u00fatil<br data-start=\"664\" data-end=\"667\" \/>- Mantiene estable el color y la opacidad en juegos de varias piezas<\/p>\n<p data-start=\"739\" data-end=\"1193\">Opciones y personalizaci\u00f3n<br data-start=\"762\" data-end=\"765\" \/>- Lamas de puerta, paneles de luz lateral y travesa\u00f1os a medida \/ a medida<br data-start=\"837\" data-end=\"840\" \/>- M\u00e9todos de estampado disponibles bajo pedido: grabado al \u00e1cido, efecto chorro de arena o impresi\u00f3n cer\u00e1mica\/digital<br data-start=\"935\" data-end=\"938\" \/>- Opciones de construcci\u00f3n seguras, como construcciones templadas o laminadas, previa solicitud<br data-start=\"1015\" data-end=\"1018\" \/>- Acabados de cantos: cosido, l\u00e1piz o pulido plano, con detalles en las esquinas seg\u00fan sea necesario.<br data-start=\"1100\" data-end=\"1103\" \/>- Soporte de planos y revisi\u00f3n de planos de taller para ubicaciones de recortes, tolerancias y etiquetado.<\/p>\n<p data-start=\"1197\" data-end=\"1386\">Aplicaciones t\u00edpicas<br data-start=\"1217\" data-end=\"1220\" \/>Inserciones de cristal para puertas de entrada, cristales para puertas batientes interiores, luces de posici\u00f3n, travesa\u00f1os, paneles para puertas pivotantes, puertas de habitaciones de hotel, puertas de salas de reuniones de oficinas, puertas de trastienda de comercios.<\/p>\n<p data-start=\"1390\" data-end=\"1715\">Suministro y asistencia<br data-start=\"1406\" data-end=\"1409\" \/>La producci\u00f3n en serie respalda los programas de venta al por mayor, con una planificaci\u00f3n de plazos de entrega estables para pedidos continuos. El soporte de dise\u00f1o contin\u00faa hasta la fabricaci\u00f3n, y el control de calidad interno proporciona comprobaciones trazables en los pasos clave. Embalaje para exportaci\u00f3n y embalaje en cajas disponibles para el env\u00edo.<\/p>","protected":false},"excerpt":{"rendered":"<p>Dise\u00f1ado para pedidos repetidos, este vidrio decorativo al por mayor para puertas ofrece m\u00faltiples opciones de patrones con un dimensionamiento a medida y un mecanizado listo para el hardware. Se utiliza com\u00fanmente para insertos de puertas de entrada y luces laterales donde la apariencia consistente y el embalaje fiable agilizan la fabricaci\u00f3n y la instalaci\u00f3n.<\/p>","protected":false},"featured_media":1035,"template":"","meta":{"_gspb_post_css":""},"product_brand":[],"product_cat":[42],"product_tag":[554,64,551,348,555,557,553,86,556,552,550],"class_list":{"0":"post-1019","1":"product","2":"type-product","3":"status-publish","4":"has-post-thumbnail","6":"product_cat-door-window-glass","7":"product_tag-acid-etched-patterned-glass","8":"product_tag-custom-size","9":"product_tag-decorative-door-glass-inserts","10":"product_tag-digital-printed-glass","11":"product_tag-entry-door-glass","12":"product_tag-interior-door-glass","13":"product_tag-laminated-door-lite-glass","14":"product_tag-oem-odm-service","15":"product_tag-sidelight-and-transom-glass","16":"product_tag-tempered-door-glass","17":"product_tag-wholesale-pattern-optionsdecorative-door-glass","19":"first","20":"instock","21":"shipping-taxable","22":"purchasable","23":"product-type-simple"},"_links":{"self":[{"href":"https:\/\/theinsulatedglass.com\/es\/wp-json\/wp\/v2\/product\/1019","targetHints":{"allow":["GET"]}}],"collection":[{"href":"https:\/\/theinsulatedglass.com\/es\/wp-json\/wp\/v2\/product"}],"about":[{"href":"https:\/\/theinsulatedglass.com\/es\/wp-json\/wp\/v2\/types\/product"}],"wp:featuredmedia":[{"embeddable":true,"href":"https:\/\/theinsulatedglass.com\/es\/wp-json\/wp\/v2\/media\/1035"}],"wp:attachment":[{"href":"https:\/\/theinsulatedglass.com\/es\/wp-json\/wp\/v2\/media?parent=1019"}],"wp:term":[{"taxonomy":"product_brand","embeddable":true,"href":"https:\/\/theinsulatedglass.com\/es\/wp-json\/wp\/v2\/product_brand?post=1019"},{"taxonomy":"product_cat","embeddable":true,"href":"https:\/\/theinsulatedglass.com\/es\/wp-json\/wp\/v2\/product_cat?post=1019"},{"taxonomy":"product_tag","embeddable":true,"href":"https:\/\/theinsulatedglass.com\/es\/wp-json\/wp\/v2\/product_tag?post=1019"}],"curies":[{"name":"wp","href":"https:\/\/api.w.org\/{rel}","templated":true}]}}