{"id":1161,"date":"2026-01-29T03:10:11","date_gmt":"2026-01-29T03:10:11","guid":{"rendered":"https:\/\/theinsulatedglass.com\/?post_type=product&#038;p=1161"},"modified":"2026-01-29T03:10:11","modified_gmt":"2026-01-29T03:10:11","slug":"custom-curtain-wall-laminated-glass-for-safety-use","status":"publish","type":"product","link":"https:\/\/theinsulatedglass.com\/es\/custom-curtain-wall-laminated-glass-for-safety-use\/","title":{"rendered":"Vidrio laminado a medida para muro cortina de seguridad"},"content":{"rendered":"<p data-start=\"63\" data-end=\"416\">Visi\u00f3n general<br data-start=\"71\" data-end=\"74\" \/>Los interiores silenciosos empiezan por la fachada, y el vidrio laminado desempe\u00f1a un papel fundamental tanto en la seguridad como en el confort. En los sistemas de muro cortina, la capa intermedia mantiene unidos los fragmentos rotos y mejora la atenuaci\u00f3n ac\u00fastica frente al acristalamiento monol\u00edtico. El resultado es una estructura de seguridad fiable que sustenta oficinas, hoteles y torres residenciales m\u00e1s tranquilos.<\/p>\n<p data-start=\"420\" data-end=\"814\">Caracter\u00edsticas principales<br data-start=\"432\" data-end=\"435\" \/>- L\u00e1minas de vidrio de uni\u00f3n con una capa intermedia para la retenci\u00f3n posterior a la rotura<br data-start=\"500\" data-end=\"503\" \/>- Reduce la transmisi\u00f3n del ruido del tr\u00e1fico y la ciudad para mejorar el confort de los ocupantes.<br data-start=\"577\" data-end=\"580\" \/>- Refuerce las prestaciones de seguridad de los muros cortina cuando se especifiquen para zonas de riesgo a\u00e9reo o de borde<br data-start=\"670\" data-end=\"673\" \/>- Mantener l\u00edneas de visi\u00f3n limpias con calidad de bordes controlada y comprobaciones de planitud<br data-start=\"749\" data-end=\"752\" \/>- Control de calidad interno y trazabilidad de la calidad de los documentos producidos<\/p>\n<p data-start=\"818\" data-end=\"1249\">Opciones y personalizaci\u00f3n<br data-start=\"841\" data-end=\"844\" \/>- Paneles fabricados a medida para adaptarse a las rejillas de los m\u00f3dulos de muro cortina<br data-start=\"915\" data-end=\"918\" \/>- Selecci\u00f3n de capas intermedias disponibles bajo pedido, incluidas opciones ac\u00fasticas y estructurales<br data-start=\"1005\" data-end=\"1008\" \/>- Configuraciones opcionales templadas + laminadas para mayores expectativas de seguridad<br data-start=\"1085\" data-end=\"1088\" \/>- Cenefas, esquinas de seguridad y aristas aptas para selladores seg\u00fan las especificaciones del proyecto.<br data-start=\"1170\" data-end=\"1173\" \/>- Mecanizado de orificios\/ranuras y detalles de muescas coordinados mediante el soporte de planos de taller.<\/p>\n<p data-start=\"1253\" data-end=\"1473\">Aplicaciones t\u00edpicas<br data-start=\"1273\" data-end=\"1276\" \/>Paneles de visi\u00f3n de muro cortina de gran altura, fachadas de podio, unidades de esquina, acristalamiento de seguridad adyacente al spandrel, elevaciones de atrios, muros cortina de escaleras, fachadas de habitaciones de hotel, fachadas de torres residenciales.<\/p>\n<p data-start=\"1477\" data-end=\"1736\">Suministro y asistencia<br data-start=\"1493\" data-end=\"1496\" \/>Planificaci\u00f3n de la producci\u00f3n en serie con plazos de entrega estables para proyectos por fases y fachadas repetidas. Los paneles se inspeccionan, se etiquetan para garantizar su trazabilidad y se embalan en cajas listas para la exportaci\u00f3n para proteger los bordes. Cumplimiento de normas disponible previa solicitud.<\/p>","protected":false},"excerpt":{"rendered":"<p>El vidrio laminado para muros cortina utiliza una capa intermedia para mantener los fragmentos unidos despu\u00e9s de la rotura, al tiempo que mejora el confort ac\u00fastico. Se suministran paneles a medida con coordinaci\u00f3n de planos de taller para zonas de visi\u00f3n de muros cortina de gran altura, fachadas de podios y otras zonas de acristalamiento exterior cr\u00edticas para la seguridad.<\/p>","protected":false},"featured_media":1173,"template":"","meta":{"_gspb_post_css":""},"product_brand":[],"product_cat":[40],"product_tag":[237,66,696,64,697,698,695,68,65,238,694],"class_list":{"0":"post-1161","1":"product","2":"type-product","3":"status-publish","4":"has-post-thumbnail","6":"product_cat-project-application-glass","7":"product_tag-acoustic-pvb-interlayer","8":"product_tag-bulk-supply","9":"product_tag-curtain-wall-vision-panel-glass","10":"product_tag-custom-size","11":"product_tag-facade-glazing-panels","12":"product_tag-high-rise-window-wall-glazing","13":"product_tag-igu-curtain-wall-option","14":"product_tag-laminated-safety-glass","15":"product_tag-shop-drawing-support","16":"product_tag-tempered-laminated-glass","17":"product_tag-useful-curtain-wall-laminated-glass-for-safety-use","19":"first","20":"instock","21":"shipping-taxable","22":"purchasable","23":"product-type-simple"},"_links":{"self":[{"href":"https:\/\/theinsulatedglass.com\/es\/wp-json\/wp\/v2\/product\/1161","targetHints":{"allow":["GET"]}}],"collection":[{"href":"https:\/\/theinsulatedglass.com\/es\/wp-json\/wp\/v2\/product"}],"about":[{"href":"https:\/\/theinsulatedglass.com\/es\/wp-json\/wp\/v2\/types\/product"}],"wp:featuredmedia":[{"embeddable":true,"href":"https:\/\/theinsulatedglass.com\/es\/wp-json\/wp\/v2\/media\/1173"}],"wp:attachment":[{"href":"https:\/\/theinsulatedglass.com\/es\/wp-json\/wp\/v2\/media?parent=1161"}],"wp:term":[{"taxonomy":"product_brand","embeddable":true,"href":"https:\/\/theinsulatedglass.com\/es\/wp-json\/wp\/v2\/product_brand?post=1161"},{"taxonomy":"product_cat","embeddable":true,"href":"https:\/\/theinsulatedglass.com\/es\/wp-json\/wp\/v2\/product_cat?post=1161"},{"taxonomy":"product_tag","embeddable":true,"href":"https:\/\/theinsulatedglass.com\/es\/wp-json\/wp\/v2\/product_tag?post=1161"}],"curies":[{"name":"wp","href":"https:\/\/api.w.org\/{rel}","templated":true}]}}