{"id":1269,"date":"2026-01-29T06:34:35","date_gmt":"2026-01-29T06:34:35","guid":{"rendered":"https:\/\/theinsulatedglass.com\/?post_type=product&#038;p=1269"},"modified":"2026-01-29T06:34:35","modified_gmt":"2026-01-29T06:34:35","slug":"project-spec-bullet-resistant-glass-for-security-use","status":"publish","type":"product","link":"https:\/\/theinsulatedglass.com\/es\/project-spec-bullet-resistant-glass-for-security-use\/","title":{"rendered":"Project Spec Vidrio antibalas para uso de seguridad"},"content":{"rendered":"<p data-start=\"65\" data-end=\"393\">Visi\u00f3n general<br data-start=\"73\" data-end=\"76\" \/>Desde las primeras notas de dise\u00f1o hasta la instalaci\u00f3n final, el acristalamiento de seguridad funciona mejor cuando el vidrio, el marco y los detalles de interfaz est\u00e1n coordinados. Nuestro vidrio resistente a las balas se suministra seg\u00fan las especificaciones del proyecto con caracter\u00edsticas de retenci\u00f3n mejoradas para ayudar a limitar la ca\u00edda de proyectiles peligrosos y, al mismo tiempo, mantener las l\u00edneas de visi\u00f3n despejadas para las operaciones diarias.<\/p>\n<p data-start=\"397\" data-end=\"805\">Caracter\u00edsticas principales<br data-start=\"409\" data-end=\"412\" \/>- Coordine la geometr\u00eda de los paneles con los bastidores y los herrajes para un ajuste predecible.<br data-start=\"485\" data-end=\"488\" \/>- Aumento de la integridad tras la rotura gracias a la construcci\u00f3n laminada multicapa<br data-start=\"565\" data-end=\"568\" \/>- Mantener las opciones de claridad \u00f3ptica adaptadas a los puntos de seguridad de cara al cliente<br data-start=\"644\" data-end=\"647\" \/>- Respaldan una vida \u00fatil duradera con una calidad de cantos y una gu\u00eda de manipulaci\u00f3n controladas<br data-start=\"728\" data-end=\"731\" \/>- Simplifique la planificaci\u00f3n de riesgos en el emplazamiento proporcionando construcciones trazables y repetibles.<\/p>\n<p data-start=\"809\" data-end=\"1265\">Opciones y personalizaci\u00f3n<br data-start=\"832\" data-end=\"835\" \/>- Dimensiones, formas y numeraci\u00f3n de los conjuntos seg\u00fan los planos<br data-start=\"901\" data-end=\"904\" \/>- Configuraciones de construcci\u00f3n disponibles bajo pedido (laminado totalmente de vidrio, policarbonato revestido de vidrio o capas mixtas)<br data-start=\"1010\" data-end=\"1013\" \/>- Acabado de cantos, orificios y recortes para sistemas pasantes y fijaciones<br data-start=\"1094\" data-end=\"1097\" \/>- Soluciones opcionales de control de desprendimientos o de superficie antiara\u00f1azos disponibles previa solicitud.<br data-start=\"1176\" data-end=\"1179\" \/>- Cuando se requiera confort t\u00e9rmico, se pueden instalar unidades antibalas preparadas para IGU.<\/p>\n<p data-start=\"1269\" data-end=\"1473\">Aplicaciones t\u00edpicas<br data-start=\"1289\" data-end=\"1292\" \/>Ventanas de transacciones, recintos de cajeros, cabinas de guardia, acristalamiento de embajadas y consulados, l\u00edneas de cajeros bancarios, \u00e1reas de recepci\u00f3n seguras, observaci\u00f3n de centros de detenci\u00f3n, ventanas de salas de control<\/p>\n<p data-start=\"1477\" data-end=\"1800\">Suministro y asistencia<br data-start=\"1493\" data-end=\"1496\" \/>El suministro directo de f\u00e1brica permite la programaci\u00f3n de programas con un plazo de entrega estable, incluido el embalaje para exportaci\u00f3n\/embalaje en cajas para el transporte a larga distancia. Se aplica el control de calidad interno y la trazabilidad de la calidad; se dispone de soporte de planos y coordinaci\u00f3n de planos de taller, y se puede solicitar el cumplimiento de las normas.<\/p>","protected":false},"excerpt":{"rendered":"<p>Dise\u00f1ado para puntos de seguridad en los que la coordinaci\u00f3n es importante, este vidrio laminado resistente a las balas se fabrica conforme a las especificaciones del proyecto con una retenci\u00f3n mejorada para un comportamiento m\u00e1s seguro tras la rotura. Com\u00fanmente utilizado para ventanas de transacciones y cabinas de guardia, permite una visibilidad clara a la vez que se integra con marcos y herrajes compatibles.<\/p>","protected":false},"featured_media":1291,"template":"","meta":{"_gspb_post_css":""},"product_brand":[],"product_cat":[32],"product_tag":[590,66,765,64,97,767,429,766,764,768,65,428],"class_list":{"0":"post-1269","1":"product","2":"type-product","3":"status-publish","4":"has-post-thumbnail","6":"product_cat-bulletproof-glass","7":"product_tag-bank-teller-window-glass","8":"product_tag-bulk-supply","9":"product_tag-bullet-resistant-laminated-glass","10":"product_tag-custom-size","11":"product_tag-factory-direct","12":"product_tag-glass-clad-polycarbonate-option","13":"product_tag-guard-booth-glazing","14":"product_tag-multi-layer-security-glazing","15":"product_tag-project-spec-bullet-resistant-glass-for-security-use","16":"product_tag-security-reception-glazing","17":"product_tag-shop-drawing-support","18":"product_tag-transaction-window-glass","20":"first","21":"instock","22":"shipping-taxable","23":"purchasable","24":"product-type-simple"},"_links":{"self":[{"href":"https:\/\/theinsulatedglass.com\/es\/wp-json\/wp\/v2\/product\/1269","targetHints":{"allow":["GET"]}}],"collection":[{"href":"https:\/\/theinsulatedglass.com\/es\/wp-json\/wp\/v2\/product"}],"about":[{"href":"https:\/\/theinsulatedglass.com\/es\/wp-json\/wp\/v2\/types\/product"}],"wp:featuredmedia":[{"embeddable":true,"href":"https:\/\/theinsulatedglass.com\/es\/wp-json\/wp\/v2\/media\/1291"}],"wp:attachment":[{"href":"https:\/\/theinsulatedglass.com\/es\/wp-json\/wp\/v2\/media?parent=1269"}],"wp:term":[{"taxonomy":"product_brand","embeddable":true,"href":"https:\/\/theinsulatedglass.com\/es\/wp-json\/wp\/v2\/product_brand?post=1269"},{"taxonomy":"product_cat","embeddable":true,"href":"https:\/\/theinsulatedglass.com\/es\/wp-json\/wp\/v2\/product_cat?post=1269"},{"taxonomy":"product_tag","embeddable":true,"href":"https:\/\/theinsulatedglass.com\/es\/wp-json\/wp\/v2\/product_tag?post=1269"}],"curies":[{"name":"wp","href":"https:\/\/api.w.org\/{rel}","templated":true}]}}