{"id":550,"date":"2026-01-27T06:13:37","date_gmt":"2026-01-27T06:13:37","guid":{"rendered":"https:\/\/theinsulatedglass.com\/?post_type=product&#038;p=550"},"modified":"2026-01-27T06:13:37","modified_gmt":"2026-01-27T06:13:37","slug":"bulk-custom-size-ultra-clear-low-iron-glass","status":"publish","type":"product","link":"https:\/\/theinsulatedglass.com\/es\/bulk-custom-size-ultra-clear-low-iron-glass\/","title":{"rendered":"Vidrio ultraclaro de bajo contenido en hierro, a granel y a medida"},"content":{"rendered":"<p data-start=\"48\" data-end=\"369\"><strong data-start=\"56\" data-end=\"68\">Visi\u00f3n general<\/strong><br data-start=\"68\" data-end=\"71\" \/>La fabricaci\u00f3n de precisi\u00f3n comienza con el vidrio ultraclaro con bajo contenido en hierro, seleccionado cuando el color de los bordes y la reproducci\u00f3n del blanco real son importantes. Al reducir el contenido de hierro, el vidrio bajo en hierro ofrece una mayor transmisi\u00f3n de la luz y un aspecto m\u00e1s limpio y menos verde que el vidrio transparente est\u00e1ndar.<\/p>\n<p data-start=\"371\" data-end=\"389\"><strong data-start=\"371\" data-end=\"387\">Caracter\u00edsticas principales<\/strong><\/p>\n<ul data-start=\"390\" data-end=\"831\">\n<li data-start=\"390\" data-end=\"499\">\n<p data-start=\"392\" data-end=\"499\">Mejora la fidelidad del color para pantallas y condiciones de iluminaci\u00f3n de primera calidad.<\/p>\n<\/li>\n<li data-start=\"500\" data-end=\"612\">\n<p data-start=\"502\" data-end=\"612\">Proporcione cantos con control de virutas mediante el rectificado y pulido de cantos CNC.<\/p>\n<\/li>\n<li data-start=\"613\" data-end=\"679\">\n<p data-start=\"615\" data-end=\"679\">Repetibilidad desde el muestreo hasta la producci\u00f3n en serie.<\/p>\n<\/li>\n<li data-start=\"680\" data-end=\"756\">\n<p data-start=\"682\" data-end=\"756\">Permiten el procesamiento posterior, como el templado o el laminado, previa solicitud.<\/p>\n<\/li>\n<li data-start=\"757\" data-end=\"831\">\n<p data-start=\"759\" data-end=\"831\">Mantener la trazabilidad de la calidad con puntos de control de calidad internos documentados.<\/p>\n<\/li>\n<\/ul>\n<p data-start=\"833\" data-end=\"862\"><strong data-start=\"833\" data-end=\"860\">Opciones y personalizaci\u00f3n<\/strong><\/p>\n<ul data-start=\"863\" data-end=\"1269\">\n<li data-start=\"863\" data-end=\"941\">\n<p data-start=\"865\" data-end=\"941\">Perfiles a medida, rectangulares o perfilados seg\u00fan las especificaciones del proyecto.<\/p>\n<\/li>\n<li data-start=\"942\" data-end=\"1034\">\n<p data-start=\"944\" data-end=\"1034\">Taladrado de agujeros, muescas y recortes internos con soporte de planos \/ revisi\u00f3n de planos de taller.<\/p>\n<\/li>\n<li data-start=\"1035\" data-end=\"1102\">\n<p data-start=\"1037\" data-end=\"1102\">Opciones de bordes: cosido, pulido plano, pulido l\u00e1piz o biselado.<\/p>\n<\/li>\n<li data-start=\"1103\" data-end=\"1188\">\n<p data-start=\"1105\" data-end=\"1188\">Opciones de superficie: transparente, grabada al \u00e1cido, frita\/impresi\u00f3n o pel\u00edculas protectoras seg\u00fan se requiera.<\/p>\n<\/li>\n<li data-start=\"1189\" data-end=\"1269\">\n<p data-start=\"1191\" data-end=\"1269\">Formatos de embalaje para SKU mixtas, conjuntos de etiquetas y kitting para servicio OEM\/ODM.<\/p>\n<\/li>\n<\/ul>\n<p data-start=\"1271\" data-end=\"1486\"><strong data-start=\"1271\" data-end=\"1295\">Aplicaciones t\u00edpicas<\/strong><br data-start=\"1295\" data-end=\"1298\" \/>Acristalamientos para vitrinas de museos, estanter\u00edas para escaparates, cristales para cubiertas de paneles solares, paneles para acuarios, paneles para cabinas de ducha, mamparas interiores, puertas y estantes de armarios, paneles frontales de electrodom\u00e9sticos.<\/p>\n<p data-start=\"1488\" data-end=\"1776\"><strong data-start=\"1488\" data-end=\"1508\">Suministro y asistencia<\/strong><br data-start=\"1508\" data-end=\"1511\" \/>La planificaci\u00f3n de plazos de entrega r\u00e1pidos est\u00e1 disponible tanto para prototipos como para programas de suministro a granel. Las unidades se env\u00edan con embalaje para exportaci\u00f3n y embalaje en cajas dise\u00f1ado para controlar el movimiento y proteger las esquinas. Cumplimiento de normas disponible previa solicitud.<\/p>","protected":false},"excerpt":{"rendered":"<p>El vidrio ultra claro de bajo contenido en hierro a granel se fabrica a medida para conseguir una mayor transmisi\u00f3n de la luz y un color de los bordes m\u00e1s limpio que el vidrio claro est\u00e1ndar. Un uso com\u00fan es el acristalamiento de museos y tiendas donde el color verdadero y los bordes pulidos son cr\u00edticos.<\/p>","protected":false},"featured_media":553,"template":"","meta":{"_gspb_post_css":""},"product_brand":[],"product_cat":[35],"product_tag":[84,78,66,80,82,81,79,86,53,85,83,61],"class_list":{"0":"post-550","1":"product","2":"type-product","3":"status-publish","4":"has-post-thumbnail","6":"product_cat-ultra-clear-glass","7":"product_tag-aquarium-glass-panels","8":"product_tag-bulk-custom-size-ultra-clear-low-iron-glass","9":"product_tag-bulk-supply","10":"product_tag-cnc-cut-glass","11":"product_tag-display-case-glass","12":"product_tag-laminated-glass-option","13":"product_tag-low-iron-float-glass","14":"product_tag-oem-odm-service","15":"product_tag-polished-edge-glass","16":"product_tag-shower-enclosure-glass","17":"product_tag-solar-panel-cover-glass","18":"product_tag-tempered-glass-option","20":"first","21":"instock","22":"shipping-taxable","23":"purchasable","24":"product-type-simple"},"_links":{"self":[{"href":"https:\/\/theinsulatedglass.com\/es\/wp-json\/wp\/v2\/product\/550","targetHints":{"allow":["GET"]}}],"collection":[{"href":"https:\/\/theinsulatedglass.com\/es\/wp-json\/wp\/v2\/product"}],"about":[{"href":"https:\/\/theinsulatedglass.com\/es\/wp-json\/wp\/v2\/types\/product"}],"wp:featuredmedia":[{"embeddable":true,"href":"https:\/\/theinsulatedglass.com\/es\/wp-json\/wp\/v2\/media\/553"}],"wp:attachment":[{"href":"https:\/\/theinsulatedglass.com\/es\/wp-json\/wp\/v2\/media?parent=550"}],"wp:term":[{"taxonomy":"product_brand","embeddable":true,"href":"https:\/\/theinsulatedglass.com\/es\/wp-json\/wp\/v2\/product_brand?post=550"},{"taxonomy":"product_cat","embeddable":true,"href":"https:\/\/theinsulatedglass.com\/es\/wp-json\/wp\/v2\/product_cat?post=550"},{"taxonomy":"product_tag","embeddable":true,"href":"https:\/\/theinsulatedglass.com\/es\/wp-json\/wp\/v2\/product_tag?post=550"}],"curies":[{"name":"wp","href":"https:\/\/api.w.org\/{rel}","templated":true}]}}