{"id":577,"date":"2026-01-27T06:49:53","date_gmt":"2026-01-27T06:49:53","guid":{"rendered":"https:\/\/theinsulatedglass.com\/?post_type=product&#038;p=577"},"modified":"2026-01-27T06:49:53","modified_gmt":"2026-01-27T06:49:53","slug":"cut-to-size-bulk-supply-blue-tinted-glass","status":"publish","type":"product","link":"https:\/\/theinsulatedglass.com\/es\/cut-to-size-bulk-supply-blue-tinted-glass\/","title":{"rendered":"Corte a medida Suministro a granel Vidrio tintado azul"},"content":{"rendered":"<p data-start=\"46\" data-end=\"413\"><strong data-start=\"54\" data-end=\"66\">Visi\u00f3n general<\/strong><br data-start=\"66\" data-end=\"69\" \/>Construido para paquetes de acristalamiento exigentes, el vidrio tintado azul ayuda a controlar el brillo y la radiaci\u00f3n solar al tiempo que a\u00f1ade un tono de color duradero y consistente. Los productos flotantes tintados suelen seleccionarse para reducir el deslumbramiento y la transferencia de calor en comparaci\u00f3n con el vidrio transparente, mejorando el confort de los ocupantes en las elevaciones orientadas al sol.<\/p>\n<p data-start=\"415\" data-end=\"433\"><strong data-start=\"415\" data-end=\"431\">Caracter\u00edsticas principales<\/strong><\/p>\n<ul data-start=\"434\" data-end=\"950\">\n<li data-start=\"434\" data-end=\"548\">\n<p data-start=\"436\" data-end=\"548\">Mejoran el confort visual reduciendo la transmisi\u00f3n de la luz visible y el deslumbramiento.<\/p>\n<\/li>\n<li data-start=\"549\" data-end=\"657\">\n<p data-start=\"551\" data-end=\"657\">Absorben una parte de la energ\u00eda solar para ayudar a moderar la ganancia de calor solar.<\/p>\n<\/li>\n<li data-start=\"658\" data-end=\"741\">\n<p data-start=\"660\" data-end=\"741\">Mantenga la uniformidad del color lote a lote con el control de calidad interno y la trazabilidad de la calidad.<\/p>\n<\/li>\n<li data-start=\"742\" data-end=\"867\">\n<p data-start=\"744\" data-end=\"867\">Aumente las prestaciones de seguridad con opciones de construcci\u00f3n templada o laminada cuando sea necesario.<\/p>\n<\/li>\n<li data-start=\"868\" data-end=\"950\">\n<p data-start=\"870\" data-end=\"950\">Permiten un ajuste repetible mediante el procesamiento de corte a medida y el canteado controlado.<\/p>\n<\/li>\n<\/ul>\n<p data-start=\"952\" data-end=\"981\"><strong data-start=\"952\" data-end=\"979\">Opciones y personalizaci\u00f3n<\/strong><\/p>\n<ul data-start=\"982\" data-end=\"1408\">\n<li data-start=\"982\" data-end=\"1062\">\n<p data-start=\"984\" data-end=\"1062\">Fabricaci\u00f3n a medida Paneles, rect\u00e1ngulos o perfiles conformados seg\u00fan plano.<\/p>\n<\/li>\n<li data-start=\"1063\" data-end=\"1138\">\n<p data-start=\"1065\" data-end=\"1138\">Acabados del canto: cosido, pulido plano, pulido l\u00e1piz o peque\u00f1os biseles.<\/p>\n<\/li>\n<li data-start=\"1139\" data-end=\"1217\">\n<p data-start=\"1141\" data-end=\"1217\">Taladrado CNC para accesorios, avellanados y holguras de herrajes.<\/p>\n<\/li>\n<li data-start=\"1218\" data-end=\"1337\">\n<p data-start=\"1220\" data-end=\"1337\">Configuraciones templadas o laminadas disponibles bajo pedido para acristalamiento de seguridad.<\/p>\n<\/li>\n<li data-start=\"1338\" data-end=\"1408\">\n<p data-start=\"1340\" data-end=\"1408\">Paquetes mixtos, juegos de etiquetas y kitting para programas de servicio OEM\/ODM.<\/p>\n<\/li>\n<\/ul>\n<p data-start=\"1410\" data-end=\"1624\"><strong data-start=\"1410\" data-end=\"1434\">Aplicaciones t\u00edpicas<\/strong><br data-start=\"1434\" data-end=\"1437\" \/>\u00c1reas de visi\u00f3n de muros cortina, paneles t\u00edmpano y de sombra, acristalamiento de escaparates, ventanas exteriores, tabiques interiores, relleno de balaustradas (cuando es laminado), acristalamiento de marquesinas, paneles de exposici\u00f3n.<\/p>\n<p data-start=\"1626\" data-end=\"1861\"><strong data-start=\"1626\" data-end=\"1646\">Suministro y asistencia<\/strong><br data-start=\"1646\" data-end=\"1649\" \/>El suministro directo de f\u00e1brica a granel admite programas de volumen con planificaci\u00f3n de plazos de entrega estables. Embalaje para exportaci\u00f3n y embalaje en cajas disponibles para proteger esquinas y superficies, y conformidad con las normas disponible bajo petici\u00f3n.<\/p>","protected":false},"excerpt":{"rendered":"<p>El vidrio tintado azul cortado a medida reduce el deslumbramiento y controla la radiaci\u00f3n solar, al tiempo que ofrece un aspecto duradero y de color uniforme. Se utiliza habitualmente para acristalamientos de escaparates y antepechos de muros cortina en los que es importante un ajuste repetible y lotes estables.<\/p>","protected":false},"featured_media":581,"template":"","meta":{"_gspb_post_css":""},"product_brand":[],"product_cat":[36],"product_tag":[107,66,62,64,106,97,111,81,110,109,61,108],"class_list":{"0":"post-577","1":"product","2":"type-product","3":"status-publish","4":"has-post-thumbnail","6":"product_cat-tinted-glass","7":"product_tag-blue-tinted-float-glass","8":"product_tag-bulk-supply","9":"product_tag-curtain-wall-glazing","10":"product_tag-custom-size","11":"product_tag-cut-to-size-bulk-supply-blue-tinted-glass","12":"product_tag-factory-direct","13":"product_tag-interior-partitions","14":"product_tag-laminated-glass-option","15":"product_tag-spandrel-panels","16":"product_tag-storefront-glass","17":"product_tag-tempered-glass-option","18":"product_tag-tinted-architectural-glass","20":"first","21":"instock","22":"shipping-taxable","23":"purchasable","24":"product-type-simple"},"_links":{"self":[{"href":"https:\/\/theinsulatedglass.com\/es\/wp-json\/wp\/v2\/product\/577","targetHints":{"allow":["GET"]}}],"collection":[{"href":"https:\/\/theinsulatedglass.com\/es\/wp-json\/wp\/v2\/product"}],"about":[{"href":"https:\/\/theinsulatedglass.com\/es\/wp-json\/wp\/v2\/types\/product"}],"wp:featuredmedia":[{"embeddable":true,"href":"https:\/\/theinsulatedglass.com\/es\/wp-json\/wp\/v2\/media\/581"}],"wp:attachment":[{"href":"https:\/\/theinsulatedglass.com\/es\/wp-json\/wp\/v2\/media?parent=577"}],"wp:term":[{"taxonomy":"product_brand","embeddable":true,"href":"https:\/\/theinsulatedglass.com\/es\/wp-json\/wp\/v2\/product_brand?post=577"},{"taxonomy":"product_cat","embeddable":true,"href":"https:\/\/theinsulatedglass.com\/es\/wp-json\/wp\/v2\/product_cat?post=577"},{"taxonomy":"product_tag","embeddable":true,"href":"https:\/\/theinsulatedglass.com\/es\/wp-json\/wp\/v2\/product_tag?post=577"}],"curies":[{"name":"wp","href":"https:\/\/api.w.org\/{rel}","templated":true}]}}