{"id":589,"date":"2026-01-27T07:02:11","date_gmt":"2026-01-27T07:02:11","guid":{"rendered":"https:\/\/theinsulatedglass.com\/?post_type=product&#038;p=589"},"modified":"2026-01-27T07:02:11","modified_gmt":"2026-01-27T07:02:11","slug":"cut-to-size-bulk-hard-coat-online-low-e-glass","status":"publish","type":"product","link":"https:\/\/theinsulatedglass.com\/es\/cut-to-size-bulk-hard-coat-online-low-e-glass\/","title":{"rendered":"Vidrio de baja emisividad de capa dura en l\u00ednea a granel cortado a medida"},"content":{"rendered":"<p data-start=\"50\" data-end=\"537\"><strong data-start=\"58\" data-end=\"70\">Visi\u00f3n general<\/strong><br data-start=\"70\" data-end=\"73\" \/>Para proyectos que requieren un aspecto limpio y uniforme con un manejo pr\u00e1ctico, el revestimiento duro (pirol\u00edtico) Low-E es una opci\u00f3n fiable. Los revestimientos pirol\u00edticos se aplican en l\u00ednea durante la producci\u00f3n flotante y forman una uni\u00f3n superficial duradera que facilita los flujos de trabajo de fabricaci\u00f3n y procesamiento. Los revestimientos de baja emisividad reflejan la energ\u00eda infrarroja de onda larga para ayudar a mejorar el confort t\u00e9rmico sin bloquear la luz natural.<\/p>\n<p data-start=\"539\" data-end=\"557\"><strong data-start=\"539\" data-end=\"555\">Caracter\u00edsticas principales<\/strong><\/p>\n<ul data-start=\"558\" data-end=\"1104\">\n<li data-start=\"558\" data-end=\"646\">\n<p data-start=\"560\" data-end=\"646\">Mantenga un tono visual uniforme en todos los lotes con una uniformidad de recubrimiento controlada.<\/p>\n<\/li>\n<li data-start=\"647\" data-end=\"762\">\n<p data-start=\"649\" data-end=\"762\">Mejora el confort interior reflejando el calor radiante hacia su origen.<\/p>\n<\/li>\n<li data-start=\"763\" data-end=\"887\">\n<p data-start=\"765\" data-end=\"887\">Soportan l\u00edneas de corte eficientes gracias a la robustez de las superficies de revestimiento duro.<\/p>\n<\/li>\n<li data-start=\"888\" data-end=\"1030\">\n<p data-start=\"890\" data-end=\"1030\">Habilite construcciones de seguridad combin\u00e1ndolas con templado o laminado cuando sea necesario (disponible bajo pedido).<\/p>\n<\/li>\n<li data-start=\"1031\" data-end=\"1104\">\n<p data-start=\"1033\" data-end=\"1104\">Mantenga un control de calidad interno con trazabilidad de la calidad para obtener resultados repetibles.<\/p>\n<\/li>\n<\/ul>\n<p data-start=\"1106\" data-end=\"1135\"><strong data-start=\"1106\" data-end=\"1133\">Opciones y personalizaci\u00f3n<\/strong><\/p>\n<ul data-start=\"1136\" data-end=\"1683\">\n<li data-start=\"1136\" data-end=\"1233\">\n<p data-start=\"1138\" data-end=\"1233\">Planchas a medida, rect\u00e1ngulos cortados a medida o perfiles conformados seg\u00fan las especificaciones del proyecto.<\/p>\n<\/li>\n<li data-start=\"1234\" data-end=\"1313\">\n<p data-start=\"1236\" data-end=\"1313\">Opciones de cantos: cosidos, aristados o pulidos seg\u00fan la exposici\u00f3n.<\/p>\n<\/li>\n<li data-start=\"1314\" data-end=\"1408\">\n<p data-start=\"1316\" data-end=\"1408\">Orientaci\u00f3n sobre la colocaci\u00f3n de revestimientos a trav\u00e9s de soporte de planos \/ revisi\u00f3n de planos de taller para la ubicaci\u00f3n de superficies.<\/p>\n<\/li>\n<li data-start=\"1409\" data-end=\"1539\">\n<p data-start=\"1411\" data-end=\"1539\">Opciones de integraci\u00f3n IGU (posici\u00f3n del espaciador y configuraci\u00f3n de la cavidad) disponibles bajo pedido.<\/p>\n<\/li>\n<li data-start=\"1540\" data-end=\"1683\">\n<p data-start=\"1542\" data-end=\"1683\">Tratamiento t\u00e9rmico y compatibilidad de laminaci\u00f3n disponibles a petici\u00f3n, sujetos a la selecci\u00f3n de vidrio\/recubrimiento.<\/p>\n<\/li>\n<\/ul>\n<p data-start=\"1685\" data-end=\"1871\"><strong data-start=\"1685\" data-end=\"1709\">Aplicaciones t\u00edpicas<\/strong><br data-start=\"1709\" data-end=\"1712\" \/>Ventanas contra tormentas, acristalamiento secundario, ventanas de sustituci\u00f3n, ventanas IGU de doble acristalamiento, zonas de visi\u00f3n de muros cortina, acristalamiento de claraboyas, solariums, mostradores de servicio.<\/p>\n<p data-start=\"1873\" data-end=\"2143\"><strong data-start=\"1873\" data-end=\"1893\">Suministro y asistencia<\/strong><br data-start=\"1893\" data-end=\"1896\" \/>Los programas de suministro directo de f\u00e1brica a granel se apoyan con programaci\u00f3n de plazos de entrega estables, embalaje para exportaci\u00f3n y embalaje en cajas para env\u00edos de larga distancia. Los registros de inspecci\u00f3n se pueden proporcionar con cada lote, y el cumplimiento de las normas est\u00e1 disponible bajo petici\u00f3n.<\/p>","protected":false},"excerpt":{"rendered":"<p>El vidrio de baja emisividad de capa dura en l\u00ednea se corta a medida con una capa pirol\u00edtica duradera dise\u00f1ada para una manipulaci\u00f3n y fabricaci\u00f3n eficaces. Suministrado a granel para acristalamiento secundario y paneles de ventanas contra tormentas, permite realizar mejoras energ\u00e9ticas pr\u00e1cticas manteniendo un aspecto uniforme.<\/p>","protected":false},"featured_media":590,"template":"","meta":{"_gspb_post_css":""},"product_brand":[],"product_cat":[27],"product_tag":[64,121,77,122,125,127,124,123,129,128,126,130],"class_list":{"0":"post-589","1":"product","2":"type-product","3":"status-publish","4":"has-post-thumbnail","6":"product_cat-online-low-e-glass","7":"product_tag-custom-size","8":"product_tag-cut-to-size-bulk-hard-coat-online-low-e-glass","9":"product_tag-factory-direct-bulk-supply","10":"product_tag-hard-coat-low-e-glass","11":"product_tag-igu-compatible-glass","12":"product_tag-laminated-option","13":"product_tag-low-emissivity-coating","14":"product_tag-pyrolytic-online-coating","15":"product_tag-secondary-glazing","16":"product_tag-storm-window-glass","17":"product_tag-tempered-option","18":"product_tag-window-replacement-lites","20":"first","21":"instock","22":"shipping-taxable","23":"purchasable","24":"product-type-simple"},"_links":{"self":[{"href":"https:\/\/theinsulatedglass.com\/es\/wp-json\/wp\/v2\/product\/589","targetHints":{"allow":["GET"]}}],"collection":[{"href":"https:\/\/theinsulatedglass.com\/es\/wp-json\/wp\/v2\/product"}],"about":[{"href":"https:\/\/theinsulatedglass.com\/es\/wp-json\/wp\/v2\/types\/product"}],"wp:featuredmedia":[{"embeddable":true,"href":"https:\/\/theinsulatedglass.com\/es\/wp-json\/wp\/v2\/media\/590"}],"wp:attachment":[{"href":"https:\/\/theinsulatedglass.com\/es\/wp-json\/wp\/v2\/media?parent=589"}],"wp:term":[{"taxonomy":"product_brand","embeddable":true,"href":"https:\/\/theinsulatedglass.com\/es\/wp-json\/wp\/v2\/product_brand?post=589"},{"taxonomy":"product_cat","embeddable":true,"href":"https:\/\/theinsulatedglass.com\/es\/wp-json\/wp\/v2\/product_cat?post=589"},{"taxonomy":"product_tag","embeddable":true,"href":"https:\/\/theinsulatedglass.com\/es\/wp-json\/wp\/v2\/product_tag?post=589"}],"curies":[{"name":"wp","href":"https:\/\/api.w.org\/{rel}","templated":true}]}}