{"id":597,"date":"2026-01-27T07:30:31","date_gmt":"2026-01-27T07:30:31","guid":{"rendered":"https:\/\/theinsulatedglass.com\/?post_type=product&#038;p=597"},"modified":"2026-01-27T07:30:31","modified_gmt":"2026-01-27T07:30:31","slug":"privacy-use-bulk-supply-fluted-pattern-glass","status":"publish","type":"product","link":"https:\/\/theinsulatedglass.com\/es\/privacy-use-bulk-supply-fluted-pattern-glass\/","title":{"rendered":"Privacy Use Bulk Supply Vidrio acanalado"},"content":{"rendered":"<p data-start=\"57\" data-end=\"306\">Visi\u00f3n general<br data-start=\"65\" data-end=\"68\" \/>Cuando la intimidad y el confort deben coexistir, el vidrio acanalado ofrece un equilibrio pr\u00e1ctico: difumina las l\u00edneas de visi\u00f3n directas sin dejar de admitir una luz generosa. Adem\u00e1s, su textura lineal suaviza el deslumbramiento, haciendo que los espacios resulten m\u00e1s tranquilos y aprovechables.<\/p>\n<p data-start=\"310\" data-end=\"324\">Caracter\u00edsticas principales<\/p>\n<p data-start=\"327\" data-end=\"398\">Difumina la luz entrante para reducir los reflejos molestos y la fatiga visual.<\/p>\n<p data-start=\"401\" data-end=\"473\">Oculte las vistas con una superficie estriada direccional para una privacidad fiable<\/p>\n<p data-start=\"476\" data-end=\"548\">Mantener un aspecto limpio y arquitect\u00f3nico que se adapte a los interiores modernos<\/p>\n<p data-start=\"551\" data-end=\"621\">Apoyo a la fabricaci\u00f3n posterior mediante la repetici\u00f3n de patrones estables y coherentes<\/p>\n<p data-start=\"624\" data-end=\"691\">Facilitan la coordinaci\u00f3n con marcos, juntas y sistemas de herrajes<\/p>\n<p data-start=\"695\" data-end=\"720\">Opciones y personalizaci\u00f3n<\/p>\n<p data-start=\"723\" data-end=\"768\">Tama\u00f1os a medida y suministro cortado a medida<\/p>\n<p data-start=\"771\" data-end=\"847\">Modelos templados o laminados disponibles bajo pedido para mejorar el rendimiento<\/p>\n<p data-start=\"850\" data-end=\"912\">Elecci\u00f3n de la direcci\u00f3n de la flauta, la profundidad del patr\u00f3n y el acabado de la superficie<\/p>\n<p data-start=\"915\" data-end=\"981\">Realizaci\u00f3n de bordes, radios en esquinas y taladros y recortes CNC seg\u00fan sea necesario.<\/p>\n<p data-start=\"984\" data-end=\"1050\">Servicio OEM\/ODM y opciones de etiquetado\/marcado para el suministro de programas<\/p>\n<p data-start=\"1054\" data-end=\"1258\">Aplicaciones t\u00edpicas<br data-start=\"1074\" data-end=\"1077\" \/>Mamparas de oficina, acristalamientos para salas de reuniones, mamparas de ducha, ventanas de ba\u00f1o, puertas interiores, frentes de armario, marcos de escalera, mamparas de escaparate, separadores de recepci\u00f3n<\/p>\n<p data-start=\"1262\" data-end=\"1584\">Suministro y asistencia<br data-start=\"1278\" data-end=\"1281\" \/>Suministro directo de f\u00e1brica a granel con planificaci\u00f3n de producci\u00f3n por volumen y plazo de entrega estable para pedidos repetidos. Control de calidad interno con trazabilidad de la calidad, adem\u00e1s de embalaje para exportaci\u00f3n y embalaje en cajas para entregas internacionales. Disponemos de soporte para especificaciones de proyecto y planos de taller; cumplimiento de normas bajo petici\u00f3n.<\/p>","protected":false},"excerpt":{"rendered":"<p>Dise\u00f1ado para la intimidad y el confort visual, nuestro vidrio acanalado suaviza el deslumbramiento y difumina las l\u00edneas de visi\u00f3n, al tiempo que mantiene la luminosidad de los espacios. Suministrado en grandes cantidades con medidas a medida, es una opci\u00f3n fiable para mamparas de oficina, mamparas de ducha y puertas interiores.<\/p>","protected":false},"featured_media":598,"template":"","meta":{"_gspb_post_css":""},"product_brand":[],"product_cat":[37],"product_tag":[139,93,132,138,134,140,136,131,135,137,133],"class_list":{"0":"post-597","1":"product","2":"type-product","3":"status-publish","4":"has-post-thumbnail","6":"product_cat-patterned-glass","7":"product_tag-custom-size-glass","8":"product_tag-factory-direct-supply","9":"product_tag-fluted-pattern-glass","10":"product_tag-interior-door-glazing","11":"product_tag-laminated-fluted-glass","12":"product_tag-oem-service","13":"product_tag-office-partition-glass","14":"product_tag-privacy-use-bulk-supply-fluted-pattern-glass","15":"product_tag-rolled-patterned-glass","16":"product_tag-shower-screen-glass","17":"product_tag-tempered-fluted-glass","19":"first","20":"instock","21":"shipping-taxable","22":"purchasable","23":"product-type-simple"},"_links":{"self":[{"href":"https:\/\/theinsulatedglass.com\/es\/wp-json\/wp\/v2\/product\/597","targetHints":{"allow":["GET"]}}],"collection":[{"href":"https:\/\/theinsulatedglass.com\/es\/wp-json\/wp\/v2\/product"}],"about":[{"href":"https:\/\/theinsulatedglass.com\/es\/wp-json\/wp\/v2\/types\/product"}],"wp:featuredmedia":[{"embeddable":true,"href":"https:\/\/theinsulatedglass.com\/es\/wp-json\/wp\/v2\/media\/598"}],"wp:attachment":[{"href":"https:\/\/theinsulatedglass.com\/es\/wp-json\/wp\/v2\/media?parent=597"}],"wp:term":[{"taxonomy":"product_brand","embeddable":true,"href":"https:\/\/theinsulatedglass.com\/es\/wp-json\/wp\/v2\/product_brand?post=597"},{"taxonomy":"product_cat","embeddable":true,"href":"https:\/\/theinsulatedglass.com\/es\/wp-json\/wp\/v2\/product_cat?post=597"},{"taxonomy":"product_tag","embeddable":true,"href":"https:\/\/theinsulatedglass.com\/es\/wp-json\/wp\/v2\/product_tag?post=597"}],"curies":[{"name":"wp","href":"https:\/\/api.w.org\/{rel}","templated":true}]}}