{"id":618,"date":"2026-01-27T07:47:48","date_gmt":"2026-01-27T07:47:48","guid":{"rendered":"https:\/\/theinsulatedglass.com\/?post_type=product&#038;p=618"},"modified":"2026-01-27T07:47:48","modified_gmt":"2026-01-27T07:47:48","slug":"project-spec-bulk-supply-heat-soaked-tempered-glass","status":"publish","type":"product","link":"https:\/\/theinsulatedglass.com\/es\/project-spec-bulk-supply-heat-soaked-tempered-glass\/","title":{"rendered":"Especificaciones del proyecto Suministro a granel Vidrio templado impregnado de calor"},"content":{"rendered":"<p data-start=\"64\" data-end=\"347\">Visi\u00f3n general<br data-start=\"72\" data-end=\"75\" \/>Para las fachadas de alta visibilidad y el acristalamiento superior, la consistencia visual forma parte de la historia del rendimiento. El vidrio templado en caliente a\u00f1ade un paso adicional de apantallamiento despu\u00e9s del templado para ayudar a mejorar la confianza en servicio, manteniendo al mismo tiempo el aspecto limpio y claro que esperan los arquitectos.<\/p>\n<p data-start=\"351\" data-end=\"365\">Caracter\u00edsticas principales<\/p>\n<p data-start=\"368\" data-end=\"424\">Aclare las l\u00edneas de visi\u00f3n con un tinte bajo y una gran transparencia<\/p>\n<p data-start=\"427\" data-end=\"485\">Reforzar las prestaciones de seguridad mediante la construcci\u00f3n templada<\/p>\n<p data-start=\"488\" data-end=\"565\">Reducir el riesgo de rotura inesperada en servicio aplicando el tratamiento por inmersi\u00f3n en calor.<\/p>\n<p data-start=\"568\" data-end=\"642\">Apoye los detalles n\u00edtidos con una calidad de bordes y un acabado de esquinas controlados<\/p>\n<p data-start=\"645\" data-end=\"713\">Mantener un aspecto repetible en todos los lotes para grandes elevaciones<\/p>\n<p data-start=\"716\" data-end=\"794\">Permiten una instalaci\u00f3n m\u00e1s suave al mantener los paneles planos y dimensionalmente estables<\/p>\n<p data-start=\"798\" data-end=\"823\">Opciones y personalizaci\u00f3n<\/p>\n<p data-start=\"826\" data-end=\"900\">Corte a medida seg\u00fan las especificaciones del proyecto, incluido el corte a medida si se solicita<\/p>\n<p data-start=\"903\" data-end=\"978\">Orificios, muescas y recortes CNC para soportes, fijaciones puntuales y herrajes<\/p>\n<p data-start=\"981\" data-end=\"1047\">Opciones de canteado disponibles bajo pedido (pulido, aristado, rebajado)<\/p>\n<p data-start=\"1050\" data-end=\"1121\">Patrones de frita cer\u00e1mica o impresiones antideslizantes opcionales para zonas seleccionadas<\/p>\n<p data-start=\"1124\" data-end=\"1184\">Maquillajes laminados o integraci\u00f3n IGU disponibles bajo pedido<\/p>\n<p data-start=\"1187\" data-end=\"1250\">Embalaje, etiquetado y kitting adaptados a la secuenciaci\u00f3n del sitio<\/p>\n<p data-start=\"1254\" data-end=\"1460\">Aplicaciones t\u00edpicas<br data-start=\"1274\" data-end=\"1277\" \/>Vidrio de visi\u00f3n de muro cortina, acristalamiento de escaparates, claraboyas, marquesinas de vidrio, cubiertas de atrios, zonas t\u00edmpano de fachada, paneles de relleno de barandillas, acristalamiento de vest\u00edbulos de ascensores, pantallas cortavientos<\/p>\n<p data-start=\"1464\" data-end=\"1773\">Suministro y asistencia<br data-start=\"1480\" data-end=\"1483\" \/>Suministro a granel con planificaci\u00f3n de la producci\u00f3n por volumen y un plazo de entrega r\u00e1pido cuando la programaci\u00f3n lo permite. Se ofrece soporte de planos y coordinaci\u00f3n de planos de taller, respaldados por un control de calidad interno y trazabilidad de la calidad. Embalaje para exportaci\u00f3n y embalaje en cajas disponibles; conformidad con las normas disponible previa solicitud.<\/p>","protected":false},"excerpt":{"rendered":"<p>El vidrio templado impregnado en calor proporciona una est\u00e9tica clara y uniforme con un paso de apantallamiento a\u00f1adido para garantizar la fiabilidad a largo plazo. Se suministra en tama\u00f1os personalizados para programas a granel, y se especifica ampliamente para paneles de visi\u00f3n de muros cortina y acristalamiento superior donde la apariencia y la confianza son importantes.<\/p>","protected":false},"featured_media":619,"template":"","meta":{"_gspb_post_css":""},"product_brand":[],"product_cat":[23],"product_tag":[161,62,139,160,158,157,159,156,65,76,109,113],"class_list":{"0":"post-618","1":"product","2":"type-product","3":"status-publish","4":"has-post-thumbnail","6":"product_cat-heat-soaked-tempered-glass","7":"product_tag-bulk-supply-glass","8":"product_tag-curtain-wall-glazing","9":"product_tag-custom-size-glass","10":"product_tag-glass-canopy-panels","11":"product_tag-heat-soak-processed-glass","12":"product_tag-heat-soaked-tempered-glass","13":"product_tag-laminated-heat-soaked-glass","14":"product_tag-project-spec-bulk-supply-heat-soaked-tempered-glass","15":"product_tag-shop-drawing-support","16":"product_tag-skylight-glazing","17":"product_tag-storefront-glass","18":"product_tag-tempered-safety-glass","20":"first","21":"instock","22":"shipping-taxable","23":"purchasable","24":"product-type-simple"},"_links":{"self":[{"href":"https:\/\/theinsulatedglass.com\/es\/wp-json\/wp\/v2\/product\/618","targetHints":{"allow":["GET"]}}],"collection":[{"href":"https:\/\/theinsulatedglass.com\/es\/wp-json\/wp\/v2\/product"}],"about":[{"href":"https:\/\/theinsulatedglass.com\/es\/wp-json\/wp\/v2\/types\/product"}],"wp:featuredmedia":[{"embeddable":true,"href":"https:\/\/theinsulatedglass.com\/es\/wp-json\/wp\/v2\/media\/619"}],"wp:attachment":[{"href":"https:\/\/theinsulatedglass.com\/es\/wp-json\/wp\/v2\/media?parent=618"}],"wp:term":[{"taxonomy":"product_brand","embeddable":true,"href":"https:\/\/theinsulatedglass.com\/es\/wp-json\/wp\/v2\/product_brand?post=618"},{"taxonomy":"product_cat","embeddable":true,"href":"https:\/\/theinsulatedglass.com\/es\/wp-json\/wp\/v2\/product_cat?post=618"},{"taxonomy":"product_tag","embeddable":true,"href":"https:\/\/theinsulatedglass.com\/es\/wp-json\/wp\/v2\/product_tag?post=618"}],"curies":[{"name":"wp","href":"https:\/\/api.w.org\/{rel}","templated":true}]}}