{"id":625,"date":"2026-01-27T07:53:33","date_gmt":"2026-01-27T07:53:33","guid":{"rendered":"https:\/\/theinsulatedglass.com\/?post_type=product&#038;p=625"},"modified":"2026-01-27T07:53:33","modified_gmt":"2026-01-27T07:53:33","slug":"project-spec-custom-solar-control-coated-glass","status":"publish","type":"product","link":"https:\/\/theinsulatedglass.com\/es\/project-spec-custom-solar-control-coated-glass\/","title":{"rendered":"Especificaci\u00f3n del proyecto Vidrio con capa de control solar personalizado"},"content":{"rendered":"<p data-start=\"59\" data-end=\"366\">Visi\u00f3n general<br data-start=\"67\" data-end=\"70\" \/>Desde la coordinaci\u00f3n inicial de la fachada hasta el env\u00edo final, el vidrio de capa con control solar rinde mejor cuando se suministra exactamente seg\u00fan los requisitos de montaje y manipulaci\u00f3n del proyecto. Esta soluci\u00f3n Project Spec ayuda a reducir el calor solar y el deslumbramiento, preservando al mismo tiempo la luz natural y un aspecto exterior uniforme.<\/p>\n<p data-start=\"370\" data-end=\"384\">Caracter\u00edsticas principales<\/p>\n<p data-start=\"387\" data-end=\"461\">Gestionar la ganancia solar y el deslumbramiento para mejorar el confort interior cerca de las l\u00edneas de acristalamiento<\/p>\n<p data-start=\"464\" data-end=\"546\">Mantener la coherencia del color arquitect\u00f3nico en todas las elevaciones y entregas escalonadas<\/p>\n<p data-start=\"549\" data-end=\"627\">Apoyar los ensamblajes IGU y laminados con pr\u00e1cticas de procesamiento respetuosas con el revestimiento<\/p>\n<p data-start=\"630\" data-end=\"701\">Coordinar la orientaci\u00f3n del revestimiento para su correcta instalaci\u00f3n en el emplazamiento<\/p>\n<p data-start=\"704\" data-end=\"788\">Mejorar la fiabilidad del sellado posterior mediante la preparaci\u00f3n controlada del borde del revestimiento<\/p>\n<p data-start=\"791\" data-end=\"863\">Permitir una ejecuci\u00f3n predecible de los proyectos con un control de la producci\u00f3n rastreable<\/p>\n<p data-start=\"867\" data-end=\"892\">Opciones y personalizaci\u00f3n<\/p>\n<p data-start=\"895\" data-end=\"968\">Tama\u00f1o personalizado \/ Cortes, formas y paneles a medida bajo pedido<\/p>\n<p data-start=\"971\" data-end=\"1046\">Posibilidad de elegir el tono y la reflectancia del revestimiento en funci\u00f3n de la fachada<\/p>\n<p data-start=\"1049\" data-end=\"1128\">Configuraciones IGU y compatibilidad de espaciador\/sello disponibles bajo pedido<\/p>\n<p data-start=\"1131\" data-end=\"1198\">Eliminaci\u00f3n de bordes, enmascaramiento y zonas protegidas seg\u00fan planos<\/p>\n<p data-start=\"1201\" data-end=\"1272\">Conversiones templadas o laminadas disponibles bajo pedido cuando sea necesario<\/p>\n<p data-start=\"1275\" data-end=\"1335\">Muestras y paneles de aprobaci\u00f3n disponibles para la firma del proyecto<\/p>\n<p data-start=\"1339\" data-end=\"1550\">Aplicaciones t\u00edpicas<br data-start=\"1359\" data-end=\"1362\" \/>IGU de muro cortina, unidades de ventanas comerciales, rehabilitaci\u00f3n de fachadas, torres de oficinas, acristalamiento de hoteles, escaparates de tiendas, cerramientos de atrios, claraboyas y claraboyas de tejado, terminales de aeropuertos y de tr\u00e1nsito.<\/p>\n<p data-start=\"1554\" data-end=\"1903\">Suministro y asistencia<br data-start=\"1570\" data-end=\"1573\" \/>Suministro directo de f\u00e1brica con alineaci\u00f3n de especificaciones de proyecto, soporte de planos y coordinaci\u00f3n de planos de taller para aprobaciones y secuenciaci\u00f3n. Planificaci\u00f3n de plazos de entrega estables para entregas escalonadas, respaldada por un control de calidad interno y trazabilidad de la calidad. Se puede organizar el embalaje para la exportaci\u00f3n y el embalaje en cajas; conformidad con las normas disponible previa solicitud.<\/p>","protected":false},"excerpt":{"rendered":"<p>El vidrio con capa de control solar Project Spec reduce el calor y el deslumbramiento a la vez que mantiene la luz natural y un tono exterior limpio. Fabricado bajo pedido en tama\u00f1os personalizados con coordinaci\u00f3n de planos, es una opci\u00f3n fiable para proyectos de muros cortina y ventanas comerciales que requieren un aspecto uniforme en todas las entregas.<\/p>","protected":false},"featured_media":629,"template":"","meta":{"_gspb_post_css":""},"product_brand":[],"product_cat":[28],"product_tag":[66,166,62,139,167,169,164,58,165,162,168,163],"class_list":{"0":"post-625","1":"product","2":"type-product","3":"status-publish","4":"has-post-thumbnail","6":"product_cat-coated-glass","7":"product_tag-bulk-supply","8":"product_tag-commercial-window-glass","9":"product_tag-curtain-wall-glazing","10":"product_tag-custom-size-glass","11":"product_tag-facade-glass","12":"product_tag-factory-direct-glass","13":"product_tag-igu-glass","14":"product_tag-low-e-coated-glass","15":"product_tag-magnetron-coated-glass","16":"product_tag-project-spec-custom-solar-control-coated-glass","17":"product_tag-project-spec-support","18":"product_tag-solar-control-coated-glass","20":"first","21":"instock","22":"shipping-taxable","23":"purchasable","24":"product-type-simple"},"_links":{"self":[{"href":"https:\/\/theinsulatedglass.com\/es\/wp-json\/wp\/v2\/product\/625","targetHints":{"allow":["GET"]}}],"collection":[{"href":"https:\/\/theinsulatedglass.com\/es\/wp-json\/wp\/v2\/product"}],"about":[{"href":"https:\/\/theinsulatedglass.com\/es\/wp-json\/wp\/v2\/types\/product"}],"wp:featuredmedia":[{"embeddable":true,"href":"https:\/\/theinsulatedglass.com\/es\/wp-json\/wp\/v2\/media\/629"}],"wp:attachment":[{"href":"https:\/\/theinsulatedglass.com\/es\/wp-json\/wp\/v2\/media?parent=625"}],"wp:term":[{"taxonomy":"product_brand","embeddable":true,"href":"https:\/\/theinsulatedglass.com\/es\/wp-json\/wp\/v2\/product_brand?post=625"},{"taxonomy":"product_cat","embeddable":true,"href":"https:\/\/theinsulatedglass.com\/es\/wp-json\/wp\/v2\/product_cat?post=625"},{"taxonomy":"product_tag","embeddable":true,"href":"https:\/\/theinsulatedglass.com\/es\/wp-json\/wp\/v2\/product_tag?post=625"}],"curies":[{"name":"wp","href":"https:\/\/api.w.org\/{rel}","templated":true}]}}