{"id":716,"date":"2026-01-27T09:39:57","date_gmt":"2026-01-27T09:39:57","guid":{"rendered":"https:\/\/theinsulatedglass.com\/?post_type=product&#038;p=716"},"modified":"2026-01-27T09:39:57","modified_gmt":"2026-01-27T09:39:57","slug":"energy-upgrade-useful-triple-glazed-low-e-insulating-glass","status":"publish","type":"product","link":"https:\/\/theinsulatedglass.com\/es\/energy-upgrade-useful-triple-glazed-low-e-insulating-glass\/","title":{"rendered":"Mejora energ\u00e9tica Vidrio aislante triple de baja emisividad \u00fatil"},"content":{"rendered":"<p data-start=\"71\" data-end=\"472\">Visi\u00f3n general<br data-start=\"79\" data-end=\"82\" \/>La coordinaci\u00f3n de una mejora energ\u00e9tica en la fachada suele empezar por el plano, y se especifica un vidrio aislante triple de baja emisividad para cumplir los objetivos de confort sin complicar en exceso la instalaci\u00f3n. Los tres cristales y las cavidades selladas ayudan a estabilizar la temperatura interior y a reducir los efectos de la superficie fr\u00eda. Las opciones de revestimiento de baja emisividad permiten adaptar la unidad a las necesidades solares y de luz natural del proyecto.<\/p>\n<p data-start=\"476\" data-end=\"829\">Caracter\u00edsticas principales<br data-start=\"488\" data-end=\"491\" \/>\u00a0Mejora el rendimiento t\u00e9rmico gracias a la construcci\u00f3n con triple IGU<br data-start=\"553\" data-end=\"556\" \/>\u00a0Reduce la p\u00e9rdida de calor radiante con las opciones de superficie Low-E<br data-start=\"609\" data-end=\"612\" \/>\u00a0Ayuda a reducir el riesgo de condensaci\u00f3n al mantener el cristal interior m\u00e1s caliente<br data-start=\"674\" data-end=\"677\" \/>\u00a0Mantiene l\u00edneas de visi\u00f3n consistentes con la alineaci\u00f3n controlada del espaciador<\/p>\n<p data-start=\"476\" data-end=\"829\">\u00a0Admite maquillajes m\u00e1s seguros cuando se combina con cristales templados o laminados bajo pedido.<\/p>\n<p data-start=\"833\" data-end=\"1295\">Opciones y personalizaci\u00f3n<br data-start=\"856\" data-end=\"859\" \/>\u00a0Producci\u00f3n bajo pedido en tama\u00f1o personalizado para adaptarse a los m\u00f3dulos y a las tolerancias del taller<br data-start=\"937\" data-end=\"940\" \/>\u00a0Especificaciones del proyecto y planos de taller para la colocaci\u00f3n del revestimiento, el etiquetado y la orientaci\u00f3n de las unidades.<br data-start=\"1033\" data-end=\"1036\" \/>\u00a0Composiciones del vidrio seleccionables: recocido \/ templado \/ laminado combinaciones seg\u00fan las necesidades<br data-start=\"1121\" data-end=\"1124\" \/>\u00a0Opciones de tipo y color de espaciador, incluidas selecciones de borde c\u00e1lido bajo pedido<\/p>\n<p data-start=\"833\" data-end=\"1295\">\u00a0Llenado de gas y ajuste del rendimiento disponibles a petici\u00f3n para diferentes climas y elevaciones.<\/p>\n<p data-start=\"1299\" data-end=\"1501\">Aplicaciones t\u00edpicas<br data-start=\"1319\" data-end=\"1322\" \/>IGU de muro cortina unificado, ventanas de alto rendimiento, claraboyas, cintas de fachada, acristalamiento de atrios, torres residenciales, envolventes de oficinas, renovaciones de clima fr\u00edo, fachadas de salas de exposici\u00f3n.<\/p>\n<p data-start=\"1505\" data-end=\"1796\">Suministro y asistencia<br data-start=\"1521\" data-end=\"1524\" \/>Disponemos de programas de suministro a granel con planificaci\u00f3n r\u00e1pida para entregas escalonadas. El control de calidad interno con trazabilidad de la calidad permite un sellado y embalaje uniformes, con embalaje para exportaci\u00f3n y embalaje en cajas para la protecci\u00f3n durante el transporte. Cumplimiento de normas disponible previa solicitud.<\/p>","protected":false},"excerpt":{"rendered":"<p>El triple acristalamiento aislante de baja emisividad es una mejora energ\u00e9tica para envolventes exigentes, que combina tres cristales para mejorar el confort y reducir la transferencia de calor. Se suministra a medida para ventanas y muros cortina de alto rendimiento en los que la temperatura interior estable y la resistencia a la condensaci\u00f3n son importantes.<\/p>","protected":false},"featured_media":717,"template":"","meta":{"_gspb_post_css":""},"product_brand":[],"product_cat":[26],"product_tag":[66,232,64,264,271,267,270,266,269,265,268],"class_list":{"0":"post-716","1":"product","2":"type-product","3":"status-publish","4":"has-post-thumbnail","6":"product_cat-low-e-insulating-glass","7":"product_tag-bulk-supply","8":"product_tag-curtain-wall-igu","9":"product_tag-custom-size","10":"product_tag-energy-upgrade-useful-triple-glazed-low-e-insulating-glass","11":"product_tag-high-performance-windows","12":"product_tag-insulated-glass-unit-igu","13":"product_tag-laminated-glass-make-up","14":"product_tag-low-e-insulating-glass","15":"product_tag-tempered-glass-make-up","16":"product_tag-triple-glazed-igu","17":"product_tag-warm-edge-spacer-option","19":"first","20":"instock","21":"shipping-taxable","22":"purchasable","23":"product-type-simple"},"_links":{"self":[{"href":"https:\/\/theinsulatedglass.com\/es\/wp-json\/wp\/v2\/product\/716","targetHints":{"allow":["GET"]}}],"collection":[{"href":"https:\/\/theinsulatedglass.com\/es\/wp-json\/wp\/v2\/product"}],"about":[{"href":"https:\/\/theinsulatedglass.com\/es\/wp-json\/wp\/v2\/types\/product"}],"wp:featuredmedia":[{"embeddable":true,"href":"https:\/\/theinsulatedglass.com\/es\/wp-json\/wp\/v2\/media\/717"}],"wp:attachment":[{"href":"https:\/\/theinsulatedglass.com\/es\/wp-json\/wp\/v2\/media?parent=716"}],"wp:term":[{"taxonomy":"product_brand","embeddable":true,"href":"https:\/\/theinsulatedglass.com\/es\/wp-json\/wp\/v2\/product_brand?post=716"},{"taxonomy":"product_cat","embeddable":true,"href":"https:\/\/theinsulatedglass.com\/es\/wp-json\/wp\/v2\/product_cat?post=716"},{"taxonomy":"product_tag","embeddable":true,"href":"https:\/\/theinsulatedglass.com\/es\/wp-json\/wp\/v2\/product_tag?post=716"}],"curies":[{"name":"wp","href":"https:\/\/api.w.org\/{rel}","templated":true}]}}