{"id":980,"date":"2026-01-28T09:02:41","date_gmt":"2026-01-28T09:02:41","guid":{"rendered":"https:\/\/theinsulatedglass.com\/?post_type=product&#038;p=980"},"modified":"2026-01-28T09:02:41","modified_gmt":"2026-01-28T09:02:41","slug":"custom-build-bulk-high-security-laminated-glass","status":"publish","type":"product","link":"https:\/\/theinsulatedglass.com\/es\/custom-build-bulk-high-security-laminated-glass\/","title":{"rendered":"Vidrio laminado de alta seguridad a granel fabricado a medida"},"content":{"rendered":"<p data-start=\"60\" data-end=\"351\">Visi\u00f3n general<br data-start=\"68\" data-end=\"71\" \/>Dise\u00f1ado para zonas de edificios de alto riesgo, este vidrio laminado de alta seguridad combina m\u00faltiples capas y capas intermedias resistentes para permanecer en su sitio cuando se rompe. El resultado es un acristalamiento duradero y de alta retenci\u00f3n que ayuda a retrasar la intrusi\u00f3n y reduce la peligrosa lluvia radiactiva en aberturas estructurales.<\/p>\n<p data-start=\"355\" data-end=\"766\">Caracter\u00edsticas principales<br data-start=\"367\" data-end=\"370\" \/>- Resiste los impactos y los intentos de entrada forzada al mantener unidos los fragmentos tras la rotura.<br data-start=\"457\" data-end=\"460\" \/>- Mantiene la integridad del panel para ayudar a proteger a los ocupantes y los bienes adyacentes<br data-start=\"533\" data-end=\"536\" \/>- Mejora la seguridad al limitar la ca\u00edda de cristales y la dispersi\u00f3n de fragmentos afilados.<br data-start=\"606\" data-end=\"609\" \/>- Durabilidad a largo plazo gracias a la laminaci\u00f3n controlada y los controles de calidad internos<br data-start=\"690\" data-end=\"693\" \/>- Permite l\u00edneas de visi\u00f3n limpias para vigilancia y zonas de acceso controlado<\/p>\n<p data-start=\"770\" data-end=\"1370\">Opciones y personalizaci\u00f3n<br data-start=\"793\" data-end=\"796\" \/>- Elija dimensiones personalizadas \/ a medida en funci\u00f3n de su programa de apertura<br data-start=\"874\" data-end=\"877\" \/>- Especifique los acristalamientos con capas recocidas, templadas o termoendurecidas seg\u00fan sea necesario.<br data-start=\"966\" data-end=\"969\" \/>- Seleccionar tipos y combinaciones de capas intermedias (p. ej., PVB o ionoplast) que se ajusten a los objetivos de rendimiento del proyecto.<br data-start=\"1073\" data-end=\"1076\" \/>- A\u00f1ada acabado de bordes, radios de esquinas, muescas y taladros con ayuda de las especificaciones del proyecto y los planos de taller.<br data-start=\"1181\" data-end=\"1184\" \/>- Integre tintes, vidrio bajo en hierro o patrones de frita cer\u00e1mica para la visibilidad y la gesti\u00f3n del deslumbramiento.<br data-start=\"1279\" data-end=\"1282\" \/>- Solicite maquillajes IGU con una lama laminada para sistemas seguros de muro cortina o ventanas<\/p>\n<p data-start=\"1374\" data-end=\"1586\">Aplicaciones t\u00edpicas<br data-start=\"1394\" data-end=\"1397\" \/>Cabinas de vigilancia, ventanillas de seguridad, l\u00edneas de cajeros de bancos, embajadas y consulados, centros de detenci\u00f3n, centros de datos, salas de control, vest\u00edbulos seguros, acristalamiento perimetral, mamparas de alta seguridad<\/p>\n<p data-start=\"1590\" data-end=\"1879\">Suministro y asistencia<br data-start=\"1606\" data-end=\"1609\" \/>Se dispone de producci\u00f3n directa de f\u00e1brica en volumen con planificaci\u00f3n de suministro a granel, apoyada por la coordinaci\u00f3n de planos y la trazabilidad de la calidad. Plazo de entrega estable y Embalaje para exportaci\u00f3n \/ Embalaje en cajas para entregas internacionales. Cumplimiento de normas disponible previa solicitud.<\/p>","protected":false},"excerpt":{"rendered":"<p>Fabricado para mantener a los ocupantes protegidos tras un impacto, este vidrio laminado de alta seguridad se fabrica a medida para proyectos exigentes y se suministra en volumen con un control de calidad constante. Una elecci\u00f3n fiable para cabinas de vigilancia y ventanillas de transacciones en las que la retenci\u00f3n tras la rotura y la claridad son importantes.<\/p>","protected":false},"featured_media":981,"template":"","meta":{"_gspb_post_css":""},"product_brand":[],"product_cat":[31],"product_tag":[66,62,480,64,483,101,481,482,103,238,484],"class_list":{"0":"post-980","1":"product","2":"type-product","3":"status-publish","4":"has-post-thumbnail","6":"product_cat-explosion-proof-glass","7":"product_tag-bulk-supply","8":"product_tag-curtain-wall-glazing","9":"product_tag-custom-build-bulk-high-security-laminated-glass","10":"product_tag-custom-size","11":"product_tag-guard-booth-glass","12":"product_tag-ionoplast-interlayer","13":"product_tag-laminated-safety-glazing","14":"product_tag-multi-ply-lamination","15":"product_tag-security-window-glazing","16":"product_tag-tempered-laminated-glass","17":"product_tag-transaction-counter-glass","19":"first","20":"instock","21":"shipping-taxable","22":"purchasable","23":"product-type-simple"},"_links":{"self":[{"href":"https:\/\/theinsulatedglass.com\/es\/wp-json\/wp\/v2\/product\/980","targetHints":{"allow":["GET"]}}],"collection":[{"href":"https:\/\/theinsulatedglass.com\/es\/wp-json\/wp\/v2\/product"}],"about":[{"href":"https:\/\/theinsulatedglass.com\/es\/wp-json\/wp\/v2\/types\/product"}],"wp:featuredmedia":[{"embeddable":true,"href":"https:\/\/theinsulatedglass.com\/es\/wp-json\/wp\/v2\/media\/981"}],"wp:attachment":[{"href":"https:\/\/theinsulatedglass.com\/es\/wp-json\/wp\/v2\/media?parent=980"}],"wp:term":[{"taxonomy":"product_brand","embeddable":true,"href":"https:\/\/theinsulatedglass.com\/es\/wp-json\/wp\/v2\/product_brand?post=980"},{"taxonomy":"product_cat","embeddable":true,"href":"https:\/\/theinsulatedglass.com\/es\/wp-json\/wp\/v2\/product_cat?post=980"},{"taxonomy":"product_tag","embeddable":true,"href":"https:\/\/theinsulatedglass.com\/es\/wp-json\/wp\/v2\/product_tag?post=980"}],"curies":[{"name":"wp","href":"https:\/\/api.w.org\/{rel}","templated":true}]}}