{"id":989,"date":"2026-01-28T09:35:09","date_gmt":"2026-01-28T09:35:09","guid":{"rendered":"https:\/\/theinsulatedglass.com\/?post_type=product&#038;p=989"},"modified":"2026-01-28T09:35:09","modified_gmt":"2026-01-28T09:35:09","slug":"low-iron-option-factory-direct-ultra-clear-glass","status":"publish","type":"product","link":"https:\/\/theinsulatedglass.com\/es\/low-iron-option-factory-direct-ultra-clear-glass\/","title":{"rendered":"Opci\u00f3n de bajo contenido en hierro Cristal ultraclaro directo de f\u00e1brica"},"content":{"rendered":"<p data-start=\"61\" data-end=\"393\">Visi\u00f3n general<br data-start=\"69\" data-end=\"72\" \/>Cuando la luz natural y la reproducci\u00f3n fiel del color son prioridades de dise\u00f1o, el vidrio ultraclaro con bajo contenido en hierro ayuda a minimizar el tinte verde que se observa en el vidrio flotado est\u00e1ndar. A menudo se selecciona como sustrato de alta claridad para construcciones de acristalamiento centradas en la energ\u00eda, incluidas las unidades aislantes y las configuraciones de capa especificadas para el confort de la fachada.<\/p>\n<p data-start=\"397\" data-end=\"411\">Caracter\u00edsticas principales<\/p>\n<p data-start=\"414\" data-end=\"493\">Proporcionan una \u00f3ptica m\u00e1s limpia para interiores m\u00e1s luminosos y una presentaci\u00f3n m\u00e1s fiel del producto.<\/p>\n<p data-start=\"496\" data-end=\"572\">Reduce el tinte de los bordes para un aspecto m\u00e1s neutro en construcciones gruesas o en capas.<\/p>\n<p data-start=\"575\" data-end=\"655\">Apoyar estrategias de iluminaci\u00f3n natural que puedan reducir la dependencia de la iluminaci\u00f3n artificial.<\/p>\n<p data-start=\"658\" data-end=\"743\">Permiten rutas de fabricaci\u00f3n como el templado o el laminado para las necesidades de acristalamiento de seguridad.<\/p>\n<p data-start=\"746\" data-end=\"816\">Mantener la coherencia con el control de calidad interno y la trazabilidad de la calidad por lote.<\/p>\n<p data-start=\"820\" data-end=\"845\">Opciones y personalizaci\u00f3n<\/p>\n<p data-start=\"848\" data-end=\"928\">Suministramos tama\u00f1os y formas cortados a medida para cumplir los requisitos de las especificaciones del proyecto.<\/p>\n<p data-start=\"931\" data-end=\"1013\">Ofrecer soporte de dibujo y revisi\u00f3n de dibujos de taller para dise\u00f1os de patrones y despegues.<\/p>\n<p data-start=\"1016\" data-end=\"1094\">Config\u00farelas como monol\u00edticas, templadas, laminadas o preparadas para IGU bajo pedido.<\/p>\n<p data-start=\"1097\" data-end=\"1182\">Prepare opciones de canteado (cosido, arrisado, pulido) que se adapten a las instalaciones visibles.<\/p>\n<p data-start=\"1185\" data-end=\"1257\">Organice el servicio OEM\/ODM para etiquetado, c\u00f3digos de barras y kitting basado en modelos.<\/p>\n<p data-start=\"1261\" data-end=\"1475\">Aplicaciones t\u00edpicas<br data-start=\"1281\" data-end=\"1284\" \/>\u00c1reas de visi\u00f3n de muros cortina de iluminaci\u00f3n natural, escaparates premium, claraboyas y claraboyas de tejado, acristalamiento de invernaderos, paneles de acuarios, acristalamiento de vitrinas, mamparas de ducha, particiones interiores.<\/p>\n<p data-start=\"1479\" data-end=\"1777\">Suministro y asistencia<br data-start=\"1495\" data-end=\"1498\" \/>El suministro directo de f\u00e1brica a granel admite la planificaci\u00f3n de plazos de entrega estables para programas repetidos y lanzamientos de volumen. Embalaje para exportaci\u00f3n con embalaje en cajas disponible para env\u00edos de larga distancia, con registros de inspecci\u00f3n emitidos por lote cuando se soliciten. Cumplimiento de normas disponible a petici\u00f3n.<\/p>","protected":false},"excerpt":{"rendered":"<p>El vidrio ultraclaro con bajo contenido en hierro mejora la transparencia y la neutralidad del color, ayudando a que la luz diurna penetre m\u00e1s profundamente en los interiores con un resultado visual m\u00e1s limpio. Suministrado bajo pedido y directamente de f\u00e1brica, se utiliza ampliamente para escaparates y claraboyas de primera calidad en los que el aspecto y la uniformidad son importantes.<\/p>","protected":false},"featured_media":1000,"template":"","meta":{"_gspb_post_css":""},"product_brand":[],"product_cat":[35],"product_tag":[66,226,64,530,293,528,51,525,529,241,527,526],"class_list":{"0":"post-989","1":"product","2":"type-product","3":"status-publish","4":"has-post-thumbnail","6":"product_cat-ultra-clear-glass","7":"product_tag-bulk-supply","8":"product_tag-curtain-wall-vision-glass","9":"product_tag-custom-size","10":"product_tag-greenhouse-glazing","11":"product_tag-igu-ready-glass","12":"product_tag-laminated-ultra-clear-glass","13":"product_tag-low-iron-glass","14":"product_tag-low-iron-option-factory-direct-ultra-clear-glass","15":"product_tag-skylight-glass","16":"product_tag-storefront-window-glass","17":"product_tag-tempered-low-iron-glass","18":"product_tag-ultra-clear-glass","20":"first","21":"instock","22":"shipping-taxable","23":"purchasable","24":"product-type-simple"},"_links":{"self":[{"href":"https:\/\/theinsulatedglass.com\/es\/wp-json\/wp\/v2\/product\/989","targetHints":{"allow":["GET"]}}],"collection":[{"href":"https:\/\/theinsulatedglass.com\/es\/wp-json\/wp\/v2\/product"}],"about":[{"href":"https:\/\/theinsulatedglass.com\/es\/wp-json\/wp\/v2\/types\/product"}],"wp:featuredmedia":[{"embeddable":true,"href":"https:\/\/theinsulatedglass.com\/es\/wp-json\/wp\/v2\/media\/1000"}],"wp:attachment":[{"href":"https:\/\/theinsulatedglass.com\/es\/wp-json\/wp\/v2\/media?parent=989"}],"wp:term":[{"taxonomy":"product_brand","embeddable":true,"href":"https:\/\/theinsulatedglass.com\/es\/wp-json\/wp\/v2\/product_brand?post=989"},{"taxonomy":"product_cat","embeddable":true,"href":"https:\/\/theinsulatedglass.com\/es\/wp-json\/wp\/v2\/product_cat?post=989"},{"taxonomy":"product_tag","embeddable":true,"href":"https:\/\/theinsulatedglass.com\/es\/wp-json\/wp\/v2\/product_tag?post=989"}],"curies":[{"name":"wp","href":"https:\/\/api.w.org\/{rel}","templated":true}]}}