{"id":1015,"date":"2026-01-28T09:55:01","date_gmt":"2026-01-28T09:55:01","guid":{"rendered":"https:\/\/theinsulatedglass.com\/?post_type=product&#038;p=1015"},"modified":"2026-01-28T09:55:01","modified_gmt":"2026-01-28T09:55:01","slug":"custom-high-performance-low-e-insulating-glass","status":"publish","type":"product","link":"https:\/\/theinsulatedglass.com\/fr\/custom-high-performance-low-e-insulating-glass\/","title":{"rendered":"Verre isolant Low-E haute performance sur mesure"},"content":{"rendered":"<p data-start=\"59\" data-end=\"439\">Vue d'ensemble<br data-start=\"67\" data-end=\"70\" \/>Construit en fonction de votre calendrier d'\u00e9l\u00e9vation et de votre liste de coupes, le vitrage isolant Low-E haute performance doit \u00eatre livr\u00e9 avec la bonne composition, les bons num\u00e9ros d'identification de l'unit\u00e9 et la bonne protection contre les manipulations. Nos vitrages isolants sont produits en usine selon les sp\u00e9cifications du projet, l'orientation du rev\u00eatement et les \u00e9tapes de scellement \u00e9tant contr\u00f4l\u00e9es pour un traitement coh\u00e9rent. La production sur commande permet de r\u00e9aliser des maquettes ainsi que des livraisons \u00e9chelonn\u00e9es.<\/p>\n<p data-start=\"443\" data-end=\"883\">Caract\u00e9ristiques principales<br data-start=\"455\" data-end=\"458\" \/>- Coordonner l'\u00e9tiquetage des unit\u00e9s pour l'installation et le suivi \u00e9tage par \u00e9tage<br data-start=\"529\" data-end=\"532\" \/>- Am\u00e9liorer le confort thermique en associant des rev\u00eatements \u00e0 faible \u00e9missivit\u00e9 \u00e0 des espaces a\u00e9riens isol\u00e9s (en fonction de la conception)<br data-start=\"626\" data-end=\"629\" \/>- Gestion des conditions p\u00e9rim\u00e9triques gr\u00e2ce \u00e0 la suppression contr\u00f4l\u00e9e des ar\u00eates et aux zones de contact avec le produit d'\u00e9tanch\u00e9it\u00e9<br data-start=\"717\" data-end=\"720\" \/>- Maintenir l'uniformit\u00e9 de l'apparence des lots gr\u00e2ce \u00e0 la tra\u00e7abilit\u00e9 de la qualit\u00e9<br data-start=\"794\" data-end=\"797\" \/>- V\u00e9rifier les points critiques avec le service interne de contr\u00f4le qualit\u00e9 en ce qui concerne les dimensions, l'int\u00e9grit\u00e9 des joints et les \u00e9l\u00e9ments visuels.<\/p>\n<p data-start=\"887\" data-end=\"1289\">Options et personnalisation<br data-start=\"910\" data-end=\"913\" \/>- Rectangles, formes et rayons d'angle sur mesure selon les dessins d'atelier<br data-start=\"982\" data-end=\"985\" \/>- Possibilit\u00e9 de construire des doubles ou triples vitrages sur demande<br data-start=\"1042\" data-end=\"1045\" \/>- Lentilles ext\u00e9rieures \u00e0 faible teneur en fer, teint\u00e9es ou r\u00e9fl\u00e9chissantes disponibles sur demande<br data-start=\"1111\" data-end=\"1114\" \/>- S\u00e9lection des couleurs de remplissage de gaz et d'entretoise selon les sp\u00e9cifications<br data-start=\"1165\" data-end=\"1168\" \/>- Composants tremp\u00e9s ou lamin\u00e9s disponibles sur demande pour des raisons de s\u00e9curit\u00e9<br data-start=\"1240\" data-end=\"1243\" \/>- Conformit\u00e9 aux normes disponible sur demande.<\/p>\n<p data-start=\"1293\" data-end=\"1446\">Applications typiques<br data-start=\"1313\" data-end=\"1316\" \/>Unit\u00e9s de vision pour murs-rideaux, syst\u00e8mes de murs-fen\u00eatres, fen\u00eatres perfor\u00e9es, portes coulissantes, vitrages de vitrines, puits de lumi\u00e8re, vitrages d'atriums.<\/p>\n<p data-start=\"1450\" data-end=\"1708\">Approvisionnement et soutien<br data-start=\"1466\" data-end=\"1469\" \/>Le d\u00e9lai d'ex\u00e9cution rapide est disponible pour les tailles r\u00e9p\u00e9titives, et la planification du d\u00e9lai d'ex\u00e9cution stable permet d'effectuer des livraisons importantes. Nous fournissons des dessins, des listes d'emballage et des rapports d'inspection. L'emballage pour l'exportation avec des caisses est disponible pour les exp\u00e9ditions \u00e0 l'\u00e9tranger.<\/p>","protected":false},"excerpt":{"rendered":"<p>Les vitrages isolants \u00e0 faible \u00e9missivit\u00e9 fabriqu\u00e9s sur commande permettent de r\u00e9duire le transfert de chaleur tout en conservant la lumi\u00e8re du jour utilisable, avec un placement de rev\u00eatement coordonn\u00e9 \u00e0 votre construction. Ces vitrages sont souvent utilis\u00e9s dans les zones de vision des murs-rideaux et dans les lignes de fen\u00eatres \u00e0 haute performance qui n\u00e9cessitent un rendement constant et une apparence propre.<\/p>","protected":false},"featured_media":1021,"template":"","meta":{"_gspb_post_css":""},"product_brand":[],"product_cat":[26],"product_tag":[66,62,567,64,230,570,97,569,540,229,65,568],"class_list":{"0":"post-1015","1":"product","2":"type-product","3":"status-publish","4":"has-post-thumbnail","6":"product_cat-low-e-insulating-glass","7":"product_tag-bulk-supply","8":"product_tag-curtain-wall-glazing","9":"product_tag-custom-high-performance-low-e-insulating-glass","10":"product_tag-custom-size","11":"product_tag-double-glazing","12":"product_tag-energy-efficient-windows","13":"product_tag-factory-direct","14":"product_tag-gas-filled-igu","15":"product_tag-insulating-glass-unit","16":"product_tag-low-e-igu","17":"product_tag-shop-drawing-support","18":"product_tag-triple-glazing-option","20":"first","21":"instock","22":"shipping-taxable","23":"purchasable","24":"product-type-simple"},"_links":{"self":[{"href":"https:\/\/theinsulatedglass.com\/fr\/wp-json\/wp\/v2\/product\/1015","targetHints":{"allow":["GET"]}}],"collection":[{"href":"https:\/\/theinsulatedglass.com\/fr\/wp-json\/wp\/v2\/product"}],"about":[{"href":"https:\/\/theinsulatedglass.com\/fr\/wp-json\/wp\/v2\/types\/product"}],"wp:featuredmedia":[{"embeddable":true,"href":"https:\/\/theinsulatedglass.com\/fr\/wp-json\/wp\/v2\/media\/1021"}],"wp:attachment":[{"href":"https:\/\/theinsulatedglass.com\/fr\/wp-json\/wp\/v2\/media?parent=1015"}],"wp:term":[{"taxonomy":"product_brand","embeddable":true,"href":"https:\/\/theinsulatedglass.com\/fr\/wp-json\/wp\/v2\/product_brand?post=1015"},{"taxonomy":"product_cat","embeddable":true,"href":"https:\/\/theinsulatedglass.com\/fr\/wp-json\/wp\/v2\/product_cat?post=1015"},{"taxonomy":"product_tag","embeddable":true,"href":"https:\/\/theinsulatedglass.com\/fr\/wp-json\/wp\/v2\/product_tag?post=1015"}],"curies":[{"name":"wp","href":"https:\/\/api.w.org\/{rel}","templated":true}]}}