{"id":536,"date":"2026-01-27T05:58:28","date_gmt":"2026-01-27T05:58:28","guid":{"rendered":"https:\/\/theinsulatedglass.com\/?post_type=product&#038;p=536"},"modified":"2026-01-27T06:02:56","modified_gmt":"2026-01-27T06:02:56","slug":"double-glazed-igu-custom-build-bulk-supply","status":"publish","type":"product","link":"https:\/\/theinsulatedglass.com\/fr\/double-glazed-igu-custom-build-bulk-supply\/","title":{"rendered":"Fabrication sur mesure d'IGU double vitrage Livraison en vrac"},"content":{"rendered":"<p data-start=\"49\" data-end=\"487\"><strong data-start=\"57\" data-end=\"69\">Vue d'ensemble<\/strong><br data-start=\"69\" data-end=\"72\" \/>Les plaintes concernant le bruit remontent souvent \u00e0 la fa\u00e7ade. Un double vitrage utilise deux vitres espac\u00e9es et herm\u00e9tiquement scell\u00e9es pour former une lame d'air isolante, contribuant \u00e0 stabiliser les conditions int\u00e9rieures tout en am\u00e9liorant le confort de l'occupant. Des rev\u00eatements \u00e0 faible \u00e9missivit\u00e9 et des remplissages au gaz inerte peuvent \u00eatre sp\u00e9cifi\u00e9s pour r\u00e9duire davantage le transfert de chaleur sans sacrifier la lumi\u00e8re du jour.<\/p>\n<p data-start=\"489\" data-end=\"507\"><strong data-start=\"489\" data-end=\"505\">Caract\u00e9ristiques principales<\/strong><\/p>\n<ul data-start=\"508\" data-end=\"1001\">\n<li data-start=\"508\" data-end=\"613\">\n<p data-start=\"510\" data-end=\"613\">Att\u00e9nuer les bruits ext\u00e9rieurs en adaptant la conception des cavit\u00e9s et la composition du verre.<\/p>\n<\/li>\n<li data-start=\"614\" data-end=\"733\">\n<p data-start=\"616\" data-end=\"733\">Am\u00e9liorer les performances thermiques en r\u00e9duisant le flux de chaleur \u00e0 travers le syst\u00e8me de vitrage.<\/p>\n<\/li>\n<li data-start=\"734\" data-end=\"849\">\n<p data-start=\"736\" data-end=\"849\">G\u00e9rer les apports solaires et la lumi\u00e8re visible lorsque des options Low-E sont s\u00e9lectionn\u00e9es.<\/p>\n<\/li>\n<li data-start=\"850\" data-end=\"923\">\n<p data-start=\"852\" data-end=\"923\">Maintenir la coh\u00e9rence de la construction avec le CQ interne et la tra\u00e7abilit\u00e9 de la qualit\u00e9.<\/p>\n<\/li>\n<li data-start=\"924\" data-end=\"1001\">\n<p data-start=\"926\" data-end=\"1001\">La production en volume directe \u00e0 l'usine permet d'\u00e9chelonner de mani\u00e8re fiable les projets r\u00e9p\u00e9titifs.<\/p>\n<\/li>\n<\/ul>\n<p data-start=\"1003\" data-end=\"1032\"><strong data-start=\"1003\" data-end=\"1030\">Options et personnalisation<\/strong><\/p>\n<ul data-start=\"1033\" data-end=\"1587\">\n<li data-start=\"1033\" data-end=\"1101\">\n<p data-start=\"1035\" data-end=\"1101\">Fabriqu\u00e9 sur commande Dimensions et formes personnalis\u00e9es pour r\u00e9pondre aux sp\u00e9cifications de votre projet.<\/p>\n<\/li>\n<li data-start=\"1102\" data-end=\"1183\">\n<p data-start=\"1104\" data-end=\"1183\">Dessin d'atelier et support de dessin pour la disposition de l'unit\u00e9, les lignes de vue et les tol\u00e9rances.<\/p>\n<\/li>\n<li data-start=\"1184\" data-end=\"1321\">\n<p data-start=\"1186\" data-end=\"1321\">Combinaisons de verre : clair\/teint\u00e9, tremp\u00e9, feuillet\u00e9, ou \u00e9paisseur mixte pour le confort acoustique.<\/p>\n<\/li>\n<li data-start=\"1322\" data-end=\"1465\">\n<p data-start=\"1324\" data-end=\"1465\">Choix d'entretoises, y compris des conceptions \u00e0 bord chaud pour aider \u00e0 r\u00e9duire le facteur U et le risque de condensation sur les bords.<\/p>\n<\/li>\n<li data-start=\"1466\" data-end=\"1587\">\n<p data-start=\"1468\" data-end=\"1587\">Remplissage \u00e0 l'air ou au gaz inerte (argon\/krypton) et syst\u00e8mes d'\u00e9tanch\u00e9it\u00e9 disponibles sur demande.<\/p>\n<\/li>\n<\/ul>\n<p data-start=\"1589\" data-end=\"1822\"><strong data-start=\"1589\" data-end=\"1613\">Applications typiques<\/strong><br data-start=\"1613\" data-end=\"1616\" \/>Zones de vision des murs-rideaux, panneaux de fa\u00e7ade unitaire, vitrage des devantures de magasins, fen\u00eatres des chambres d'h\u00f4tel, fen\u00eatres p\u00e9riph\u00e9riques des bureaux, salles de r\u00e9union, chambres \u00e0 coucher r\u00e9sidentielles, h\u00f4pitaux et cliniques, \u00e9coles et biblioth\u00e8ques.<\/p>\n<p data-start=\"1824\" data-end=\"2107\"><strong data-start=\"1824\" data-end=\"1844\">Approvisionnement et soutien<\/strong><br data-start=\"1844\" data-end=\"1847\" \/>Des d\u00e9lais d'ex\u00e9cution stables sont propos\u00e9s pour les constructions sur mesure et les programmes d'approvisionnement en vrac, avec un emballage pour l'exportation et un emballage en caisse pour la protection de la livraison. La conformit\u00e9 aux normes est disponible sur demande, avec des rapports d'inspection et des listes de colisage fournis pour chaque exp\u00e9dition.<\/p>","protected":false},"excerpt":{"rendered":"<p>Con\u00e7us pour des int\u00e9rieurs plus silencieux et plus confortables, nos IGU \u00e0 double vitrage combinent des espaces scell\u00e9s air\/gaz avec des vitrages configurables pour contr\u00f4ler le flux de chaleur et le bruit ext\u00e9rieur. Fabriqu\u00e9s sur mesure pour les murs-rideaux et les modules de fen\u00eatres dans les h\u00f4tels, les bureaux et les tours r\u00e9sidentielles.<\/p>","protected":false},"featured_media":537,"template":"","meta":{"_gspb_post_css":""},"product_brand":[],"product_cat":[25],"product_tag":[59,66,62,64,56,57,58,65,61,60,63],"class_list":{"0":"post-536","1":"product","2":"type-product","3":"status-publish","4":"has-post-thumbnail","6":"product_cat-insulating-glass-igu","7":"product_tag-argon-gas-fill","8":"product_tag-bulk-supply","9":"product_tag-curtain-wall-glazing","10":"product_tag-custom-size","11":"product_tag-double-glazed-igu","12":"product_tag-insulated-glass-unit","13":"product_tag-low-e-coated-glass","14":"product_tag-shop-drawing-support","15":"product_tag-tempered-glass-option","16":"product_tag-warm-edge-spacer","17":"product_tag-window-modules","19":"first","20":"instock","21":"shipping-taxable","22":"purchasable","23":"product-type-simple"},"_links":{"self":[{"href":"https:\/\/theinsulatedglass.com\/fr\/wp-json\/wp\/v2\/product\/536","targetHints":{"allow":["GET"]}}],"collection":[{"href":"https:\/\/theinsulatedglass.com\/fr\/wp-json\/wp\/v2\/product"}],"about":[{"href":"https:\/\/theinsulatedglass.com\/fr\/wp-json\/wp\/v2\/types\/product"}],"wp:featuredmedia":[{"embeddable":true,"href":"https:\/\/theinsulatedglass.com\/fr\/wp-json\/wp\/v2\/media\/537"}],"wp:attachment":[{"href":"https:\/\/theinsulatedglass.com\/fr\/wp-json\/wp\/v2\/media?parent=536"}],"wp:term":[{"taxonomy":"product_brand","embeddable":true,"href":"https:\/\/theinsulatedglass.com\/fr\/wp-json\/wp\/v2\/product_brand?post=536"},{"taxonomy":"product_cat","embeddable":true,"href":"https:\/\/theinsulatedglass.com\/fr\/wp-json\/wp\/v2\/product_cat?post=536"},{"taxonomy":"product_tag","embeddable":true,"href":"https:\/\/theinsulatedglass.com\/fr\/wp-json\/wp\/v2\/product_tag?post=536"}],"curies":[{"name":"wp","href":"https:\/\/api.w.org\/{rel}","templated":true}]}}