{"id":543,"date":"2026-01-27T06:06:26","date_gmt":"2026-01-27T06:06:26","guid":{"rendered":"https:\/\/theinsulatedglass.com\/?post_type=product&#038;p=543"},"modified":"2026-01-27T06:06:26","modified_gmt":"2026-01-27T06:06:26","slug":"pvb-laminated-glass-safety-use-bulk-supply","status":"publish","type":"product","link":"https:\/\/theinsulatedglass.com\/fr\/pvb-laminated-glass-safety-use-bulk-supply\/","title":{"rendered":"PVB Verre feuillet\u00e9 de s\u00e9curit\u00e9 Approvisionnement en vrac"},"content":{"rendered":"<p data-start=\"49\" data-end=\"445\"><strong data-start=\"57\" data-end=\"69\">Vue d'ensemble<\/strong><br data-start=\"69\" data-end=\"72\" \/>Con\u00e7u pour le confort dans les environnements tr\u00e8s fr\u00e9quent\u00e9s, le verre feuillet\u00e9 PVB r\u00e9duit le transfert de vibrations tout en fournissant une couche de s\u00e9curit\u00e9 qui aide \u00e0 maintenir les fragments bris\u00e9s coll\u00e9s \u00e0 l'intercalaire. Il s'agit d'un choix pratique lorsque le risque d'impact, le risque de chute ou un trafic pi\u00e9tonnier important exigent un comportement contr\u00f4l\u00e9 en mati\u00e8re de bris.<\/p>\n<p data-start=\"447\" data-end=\"465\"><strong data-start=\"447\" data-end=\"463\">Caract\u00e9ristiques principales<\/strong><\/p>\n<ul data-start=\"466\" data-end=\"997\">\n<li data-start=\"466\" data-end=\"582\">\n<p data-start=\"468\" data-end=\"582\">Amortir les bruits et limiter les r\u00e9sonances gr\u00e2ce \u00e0 l'effet d'amortissement de la couche interm\u00e9diaire en PVB.<\/p>\n<\/li>\n<li data-start=\"583\" data-end=\"702\">\n<p data-start=\"585\" data-end=\"702\">Conservez les morceaux de verre apr\u00e8s les avoir bris\u00e9s afin de r\u00e9duire les retomb\u00e9es tranchantes dans les zones occup\u00e9es.<\/p>\n<\/li>\n<li data-start=\"703\" data-end=\"826\">\n<p data-start=\"705\" data-end=\"826\">Am\u00e9liore la protection int\u00e9rieure en filtrant les UV lorsqu'il est sp\u00e9cifi\u00e9 avec du PVB anti-UV.<\/p>\n<\/li>\n<li data-start=\"827\" data-end=\"918\">\n<p data-start=\"829\" data-end=\"918\">Maintenir la coh\u00e9rence de la fabrication gr\u00e2ce \u00e0 un contr\u00f4le interne de la qualit\u00e9 et \u00e0 une tra\u00e7abilit\u00e9 de la qualit\u00e9 entre les lots.<\/p>\n<\/li>\n<li data-start=\"919\" data-end=\"997\">\n<p data-start=\"921\" data-end=\"997\">Soutenir la production en volume directe \u00e0 l'usine pour les programmes d'approvisionnement en vrac en cours.<\/p>\n<\/li>\n<\/ul>\n<p data-start=\"999\" data-end=\"1028\"><strong data-start=\"999\" data-end=\"1026\">Options et personnalisation<\/strong><\/p>\n<ul data-start=\"1029\" data-end=\"1471\">\n<li data-start=\"1029\" data-end=\"1098\">\n<p data-start=\"1031\" data-end=\"1098\">Fabriqu\u00e9 sur commande Dimensions, formes et bordures personnalis\u00e9es selon les sp\u00e9cifications du projet.<\/p>\n<\/li>\n<li data-start=\"1099\" data-end=\"1186\">\n<p data-start=\"1101\" data-end=\"1186\">Des nappes tremp\u00e9es ou renforc\u00e9es \u00e0 chaud sont disponibles sur demande pour des besoins de r\u00e9sistance plus \u00e9lev\u00e9s.<\/p>\n<\/li>\n<li data-start=\"1187\" data-end=\"1260\">\n<p data-start=\"1189\" data-end=\"1260\">Combinaisons de verre clair, teint\u00e9, \u00e0 motifs ou \u00e0 faible teneur en fer, selon les besoins.<\/p>\n<\/li>\n<li data-start=\"1261\" data-end=\"1390\">\n<p data-start=\"1263\" data-end=\"1390\">Choix de PVB : standard, acoustique ou s\u00e9rigraphi\u00e9 aux UV ; \u00e9paisseur et nombre de couches sur demande.<\/p>\n<\/li>\n<li data-start=\"1391\" data-end=\"1471\">\n<p data-start=\"1393\" data-end=\"1471\">D\u00e9coupes, encoches et per\u00e7ages CNC avec dessin d'atelier \/ support de dessin.<\/p>\n<\/li>\n<\/ul>\n<p data-start=\"1473\" data-end=\"1688\"><strong data-start=\"1473\" data-end=\"1497\">Applications typiques<\/strong><br data-start=\"1497\" data-end=\"1500\" \/>Cloisons int\u00e9rieures, fa\u00e7ades de bureaux, balustrades et garde-corps, vitrages d'escaliers, auvents, puits de lumi\u00e8re, vitrages de vitrines, vitrages de murs-rideaux, halls d'ascenseurs, fen\u00eatres de visualisation des \u00e9quipements.<\/p>\n<p data-start=\"1690\" data-end=\"1908\"><strong data-start=\"1690\" data-end=\"1710\">Approvisionnement et soutien<\/strong><br data-start=\"1710\" data-end=\"1713\" \/>Nous proposons des d\u00e9lais de livraison stables, des emballages pour l'exportation et des caisses pour r\u00e9duire les risques li\u00e9s au transit. La documentation pour l'inspection \u00e0 l'arriv\u00e9e est fournie, et la conformit\u00e9 aux normes est disponible sur demande.<\/p>","protected":false},"excerpt":{"rendered":"<p>Le verre feuillet\u00e9 PVB combine deux couches avec un intercalaire PVB pour aider \u00e0 retenir les fragments apr\u00e8s l'impact et am\u00e9liorer le confort dans les espaces occup\u00e9s au quotidien. Il est couramment sp\u00e9cifi\u00e9 pour les cloisons int\u00e9rieures et les balustrades n\u00e9cessitant un comportement de rupture contr\u00f4l\u00e9.<\/p>","protected":false},"featured_media":544,"template":"","meta":{"_gspb_post_css":""},"product_brand":[],"product_cat":[30],"product_tag":[70,74,75,64,77,73,68,69,67,76,72,71],"class_list":{"0":"post-543","1":"product","2":"type-product","3":"status-publish","4":"has-post-thumbnail","6":"product_cat-laminated-glass","7":"product_tag-acoustic-laminated-glass","8":"product_tag-balustrade-glass","9":"product_tag-canopy-glazing","10":"product_tag-custom-size","11":"product_tag-factory-direct-bulk-supply","12":"product_tag-glass-partition-panels","13":"product_tag-laminated-safety-glass","14":"product_tag-pvb-interlayer","15":"product_tag-pvb-laminated-glass-safety-use-bulk-supply","16":"product_tag-skylight-glazing","17":"product_tag-tempered-ply-option","18":"product_tag-uv-screening-interlayer","20":"first","21":"instock","22":"shipping-taxable","23":"purchasable","24":"product-type-simple"},"_links":{"self":[{"href":"https:\/\/theinsulatedglass.com\/fr\/wp-json\/wp\/v2\/product\/543","targetHints":{"allow":["GET"]}}],"collection":[{"href":"https:\/\/theinsulatedglass.com\/fr\/wp-json\/wp\/v2\/product"}],"about":[{"href":"https:\/\/theinsulatedglass.com\/fr\/wp-json\/wp\/v2\/types\/product"}],"wp:featuredmedia":[{"embeddable":true,"href":"https:\/\/theinsulatedglass.com\/fr\/wp-json\/wp\/v2\/media\/544"}],"wp:attachment":[{"href":"https:\/\/theinsulatedglass.com\/fr\/wp-json\/wp\/v2\/media?parent=543"}],"wp:term":[{"taxonomy":"product_brand","embeddable":true,"href":"https:\/\/theinsulatedglass.com\/fr\/wp-json\/wp\/v2\/product_brand?post=543"},{"taxonomy":"product_cat","embeddable":true,"href":"https:\/\/theinsulatedglass.com\/fr\/wp-json\/wp\/v2\/product_cat?post=543"},{"taxonomy":"product_tag","embeddable":true,"href":"https:\/\/theinsulatedglass.com\/fr\/wp-json\/wp\/v2\/product_tag?post=543"}],"curies":[{"name":"wp","href":"https:\/\/api.w.org\/{rel}","templated":true}]}}