{"id":557,"date":"2026-01-27T06:21:06","date_gmt":"2026-01-27T06:21:06","guid":{"rendered":"https:\/\/theinsulatedglass.com\/?post_type=product&#038;p=557"},"modified":"2026-01-27T06:21:06","modified_gmt":"2026-01-27T06:21:06","slug":"curtain-wall-low-e-igu-for-facade-use-project-spec","status":"publish","type":"product","link":"https:\/\/theinsulatedglass.com\/fr\/curtain-wall-low-e-igu-for-facade-use-project-spec\/","title":{"rendered":"Mur-rideau IGU \u00e0 faible \u00e9missivit\u00e9 pour utilisation en fa\u00e7ade Project Spec"},"content":{"rendered":"<p data-start=\"55\" data-end=\"457\">VUE D'ENSEMBLE<br data-start=\"71\" data-end=\"74\" \/>Sur les fa\u00e7ades expos\u00e9es au soleil et \u00e0 la circulation, les probl\u00e8mes de confort apparaissent rapidement : \u00e9blouissement des postes de travail, froid rayonnant pr\u00e8s du verre et augmentation du bruit per\u00e7u. Notre IGU Low-E pour murs-rideaux est fabriqu\u00e9 selon les sp\u00e9cifications du projet pour am\u00e9liorer le confort visuel et thermique dans les syst\u00e8mes de murs-rideaux en r\u00e9fl\u00e9chissant l'\u00e9nergie thermique \u00e0 ondes longues tout en aidant \u00e0 g\u00e9rer l'\u00e9blouissement.<\/p>\n<p data-start=\"459\" data-end=\"473\">CARACT\u00c9RISTIQUES PRINCIPALES<\/p>\n<ul data-start=\"474\" data-end=\"1147\">\n<li data-start=\"474\" data-end=\"606\">\n<p data-start=\"476\" data-end=\"606\">R\u00e9duire l'\u00e9change de chaleur par rayonnement en utilisant des vitres \u00e0 rev\u00eatement Low-E con\u00e7ues pour r\u00e9fl\u00e9chir l'\u00e9nergie infrarouge.<\/p>\n<\/li>\n<li data-start=\"607\" data-end=\"742\">\n<p data-start=\"609\" data-end=\"742\">Favoriser la luminosit\u00e9 des int\u00e9rieurs gr\u00e2ce \u00e0 la lumi\u00e8re du jour tout en att\u00e9nuant l'\u00e9blouissement sur les fa\u00e7ades \u00e0 grande hauteur de fen\u00eatre \u00e0 mur.<\/p>\n<\/li>\n<li data-start=\"743\" data-end=\"918\">\n<p data-start=\"745\" data-end=\"918\">Ajustez les performances acoustiques en ajustant l'espace a\u00e9rien et la composition des vitres, y compris l'\u00e9paisseur asym\u00e9trique ou les options stratifi\u00e9es si n\u00e9cessaire.<\/p>\n<\/li>\n<li data-start=\"919\" data-end=\"1043\">\n<p data-start=\"921\" data-end=\"1043\">Am\u00e9liorer l'isolation avec des remplissages optionnels de gaz argon\/krypton \u00e0 l'int\u00e9rieur de la cavit\u00e9 scell\u00e9e.<\/p>\n<\/li>\n<li data-start=\"1044\" data-end=\"1147\">\n<p data-start=\"1046\" data-end=\"1147\">Maintenir la coh\u00e9rence de la fabrication gr\u00e2ce \u00e0 un contr\u00f4le interne de la qualit\u00e9 et \u00e0 une tra\u00e7abilit\u00e9 de la qualit\u00e9, de la d\u00e9coupe au scellement final.<\/p>\n<\/li>\n<\/ul>\n<p data-start=\"1149\" data-end=\"1174\">OPTIONS ET PERSONNALISATION<\/p>\n<ul data-start=\"1175\" data-end=\"1676\">\n<li data-start=\"1175\" data-end=\"1265\">\n<p data-start=\"1177\" data-end=\"1265\">Fabriqu\u00e9 sur commande Taille, forme et \u00e9paisseur totale sur mesure pour s'adapter \u00e0 la profondeur des poches du syst\u00e8me.<\/p>\n<\/li>\n<li data-start=\"1266\" data-end=\"1401\">\n<p data-start=\"1268\" data-end=\"1401\">Syst\u00e8mes d'espacement comprenant des options de bord chaud pour r\u00e9duire les ponts thermiques au niveau du p\u00e9rim\u00e8tre du verre.<\/p>\n<\/li>\n<li data-start=\"1402\" data-end=\"1502\">\n<p data-start=\"1404\" data-end=\"1502\">Verre : clair\/teint\u00e9, tremp\u00e9, renforc\u00e9 \u00e0 la chaleur ou stratifi\u00e9, selon les besoins.<\/p>\n<\/li>\n<li data-start=\"1503\" data-end=\"1588\">\n<p data-start=\"1505\" data-end=\"1588\">La s\u00e9lection et l'emplacement des rev\u00eatements sont coordonn\u00e9s par les dessins d'atelier et le support de dessin.<\/p>\n<\/li>\n<li data-start=\"1589\" data-end=\"1676\">\n<p data-start=\"1591\" data-end=\"1676\">Films de protection, d\u00e9tails sur la suppression des bords, et \u00e9tiquetage\/kitting disponibles sur demande.<\/p>\n<\/li>\n<\/ul>\n<p data-start=\"1678\" data-end=\"1875\">APPLICATIONS TYPIQUES<br data-start=\"1698\" data-end=\"1701\" \/>Modules de murs-rideaux unitis\u00e9s, zones de vision de murs-rideaux construits sur mesure, syst\u00e8mes de murs-fen\u00eatres, panneaux de vision d'angle, fa\u00e7ades de podium, tours de bureaux, h\u00f4tels, h\u00f4pitaux, a\u00e9roports.<\/p>\n<p data-start=\"1877\" data-end=\"2099\">APPROVISIONNEMENT ET SOUTIEN<br data-start=\"1893\" data-end=\"1896\" \/>La production directe en usine permet d'\u00e9chelonner les livraisons et de planifier des d\u00e9lais d'ex\u00e9cution stables pour les projets en plusieurs phases. L'emballage pour l'exportation et l'emballage en caisse sont possibles, et la conformit\u00e9 aux normes est disponible sur demande.<\/p>","protected":false},"excerpt":{"rendered":"<p>Les vitrages isolants \u00e0 faible \u00e9missivit\u00e9 pour murs-rideaux sont fabriqu\u00e9s sur mesure pour am\u00e9liorer le confort thermique et r\u00e9duire l'\u00e9blouissement, avec des compl\u00e9ments acoustiques en option pour des int\u00e9rieurs plus silencieux. Ils sont couramment utilis\u00e9s dans les panneaux de vision des murs-rideaux et les vitrages d'angle o\u00f9 la r\u00e9p\u00e9tabilit\u00e9 des dimensions et la constance de la qualit\u00e9 sont importantes.<\/p>","protected":false},"featured_media":558,"template":"","meta":{"_gspb_post_css":""},"product_brand":[],"product_cat":[41],"product_tag":[89,87,92,64,91,93,81,88,65,61,90,60],"class_list":{"0":"post-557","1":"product","2":"type-product","3":"status-publish","4":"has-post-thumbnail","6":"product_cat-curtain-wall-glass","7":"product_tag-argon-filled-igu","8":"product_tag-curtain-wall-low-e-igu-for-facade-use-project-spec","9":"product_tag-curtain-wall-modules","10":"product_tag-custom-size","11":"product_tag-facade-vision-panels","12":"product_tag-factory-direct-supply","13":"product_tag-laminated-glass-option","14":"product_tag-low-e-insulated-glass-unit","15":"product_tag-shop-drawing-support","16":"product_tag-tempered-glass-option","17":"product_tag-unitized-curtain-wall-glazing","18":"product_tag-warm-edge-spacer","20":"first","21":"instock","22":"shipping-taxable","23":"purchasable","24":"product-type-simple"},"_links":{"self":[{"href":"https:\/\/theinsulatedglass.com\/fr\/wp-json\/wp\/v2\/product\/557","targetHints":{"allow":["GET"]}}],"collection":[{"href":"https:\/\/theinsulatedglass.com\/fr\/wp-json\/wp\/v2\/product"}],"about":[{"href":"https:\/\/theinsulatedglass.com\/fr\/wp-json\/wp\/v2\/types\/product"}],"wp:featuredmedia":[{"embeddable":true,"href":"https:\/\/theinsulatedglass.com\/fr\/wp-json\/wp\/v2\/media\/558"}],"wp:attachment":[{"href":"https:\/\/theinsulatedglass.com\/fr\/wp-json\/wp\/v2\/media?parent=557"}],"wp:term":[{"taxonomy":"product_brand","embeddable":true,"href":"https:\/\/theinsulatedglass.com\/fr\/wp-json\/wp\/v2\/product_brand?post=557"},{"taxonomy":"product_cat","embeddable":true,"href":"https:\/\/theinsulatedglass.com\/fr\/wp-json\/wp\/v2\/product_cat?post=557"},{"taxonomy":"product_tag","embeddable":true,"href":"https:\/\/theinsulatedglass.com\/fr\/wp-json\/wp\/v2\/product_tag?post=557"}],"curies":[{"name":"wp","href":"https:\/\/api.w.org\/{rel}","templated":true}]}}