{"id":564,"date":"2026-01-27T06:34:09","date_gmt":"2026-01-27T06:34:09","guid":{"rendered":"https:\/\/theinsulatedglass.com\/?post_type=product&#038;p=564"},"modified":"2026-01-27T06:34:09","modified_gmt":"2026-01-27T06:34:09","slug":"project-spec-bulk-double-glazed-low-e-insulating-glass","status":"publish","type":"product","link":"https:\/\/theinsulatedglass.com\/fr\/project-spec-bulk-double-glazed-low-e-insulating-glass\/","title":{"rendered":"Project Spec Verre isolant double vitrage \u00e0 faible \u00e9missivit\u00e9 en vrac"},"content":{"rendered":"<p data-start=\"59\" data-end=\"357\"><strong data-start=\"67\" data-end=\"79\">Vue d'ensemble<\/strong><br data-start=\"79\" data-end=\"82\" \/>La performance \u00e9nerg\u00e9tique commence d\u00e8s la ligne de vitrage. Notre double vitrage isolant \u00e0 faible \u00e9missivit\u00e9 est conforme \u00e0 Project Spec, combinant un espace d'air scell\u00e9 avec des verres \u00e0 rev\u00eatement \u00e0 faible \u00e9missivit\u00e9 pour r\u00e9duire le transfert de chaleur tout en maintenant une forte transmission de la lumi\u00e8re du jour.<\/p>\n<p data-start=\"359\" data-end=\"377\"><strong data-start=\"359\" data-end=\"375\">Caract\u00e9ristiques principales<\/strong><\/p>\n<ul data-start=\"378\" data-end=\"942\">\n<li data-start=\"378\" data-end=\"506\">\n<p data-start=\"380\" data-end=\"506\">R\u00e9duire l'\u00e9change de chaleur radiante gr\u00e2ce \u00e0 des rev\u00eatements \u00e0 faible \u00e9missivit\u00e9 pour am\u00e9liorer le confort thermique.<\/p>\n<\/li>\n<li data-start=\"507\" data-end=\"603\">\n<p data-start=\"509\" data-end=\"603\">Am\u00e9liorer le confort int\u00e9rieur \u00e0 proximit\u00e9 des vitrages p\u00e9rim\u00e9triques en limitant les variations de temp\u00e9rature au niveau du vitrage.<\/p>\n<\/li>\n<li data-start=\"604\" data-end=\"729\">\n<p data-start=\"606\" data-end=\"729\">L'isolation est renforc\u00e9e par des remplissages de cavit\u00e9s \u00e0 l'argon\/krypton (disponibles sur demande).<\/p>\n<\/li>\n<li data-start=\"730\" data-end=\"846\">\n<p data-start=\"732\" data-end=\"846\">Minimiser les pertes au niveau des bords en sp\u00e9cifiant des syst\u00e8mes d'espacement des bords chauds lorsque cela est n\u00e9cessaire.<\/p>\n<\/li>\n<li data-start=\"847\" data-end=\"942\">\n<p data-start=\"849\" data-end=\"942\">Maintenir la coh\u00e9rence de la construction par le biais d'un contr\u00f4le interne de la qualit\u00e9 et d'une tra\u00e7abilit\u00e9 de la qualit\u00e9 dans les lots de production.<\/p>\n<\/li>\n<\/ul>\n<p data-start=\"944\" data-end=\"973\"><strong data-start=\"944\" data-end=\"971\">Options et personnalisation<\/strong><\/p>\n<ul data-start=\"974\" data-end=\"1416\">\n<li data-start=\"974\" data-end=\"1064\">\n<p data-start=\"976\" data-end=\"1064\">Fabriqu\u00e9 sur commande Dimensions, formes et \u00e9paisseur totale sur mesure pour correspondre \u00e0 la profondeur de la poche du syst\u00e8me.<\/p>\n<\/li>\n<li data-start=\"1065\" data-end=\"1154\">\n<p data-start=\"1067\" data-end=\"1154\">Verres : clair ou teint\u00e9 ; verres tremp\u00e9s et\/ou feuillet\u00e9s disponibles sur demande.<\/p>\n<\/li>\n<li data-start=\"1155\" data-end=\"1247\">\n<p data-start=\"1157\" data-end=\"1247\">Le choix du rev\u00eatement et l'emplacement de la surface sont coordonn\u00e9s avec le dessin d'atelier \/ le support de dessin.<\/p>\n<\/li>\n<li data-start=\"1248\" data-end=\"1334\">\n<p data-start=\"1250\" data-end=\"1334\">Les options d'entretoise et de joint (y compris les variantes \u00e0 bord chaud) sont fournies selon les sp\u00e9cifications.<\/p>\n<\/li>\n<li data-start=\"1335\" data-end=\"1416\">\n<p data-start=\"1337\" data-end=\"1416\">L'\u00e9tiquetage, le kitting et le service OEM\/ODM sont disponibles pour les programmes r\u00e9p\u00e9titifs.<\/p>\n<\/li>\n<\/ul>\n<p data-start=\"1418\" data-end=\"1656\"><strong data-start=\"1418\" data-end=\"1442\">Applications typiques<\/strong><br data-start=\"1442\" data-end=\"1445\" \/>Modules de murs-rideaux unitaires, zones de vision de murs-rideaux construits sur mesure, syst\u00e8mes de murs-fen\u00eatres, fa\u00e7ades de bureaux de grande hauteur, \u00e9l\u00e9vations d'h\u00f4tels, fa\u00e7ades de magasins de podium, vitrages d'escaliers et de vestibules, \u00e9coles et b\u00e2timents de soins de sant\u00e9.<\/p>\n<p data-start=\"1658\" data-end=\"1891\"><strong data-start=\"1658\" data-end=\"1678\">Approvisionnement et soutien<\/strong><br data-start=\"1678\" data-end=\"1681\" \/>La fabrication directe en usine permet des programmes d'approvisionnement en vrac et de production en volume avec une planification stable des d\u00e9lais d'ex\u00e9cution. L'emballage pour l'exportation et l'emballage en caisse sont possibles, et la conformit\u00e9 aux normes est disponible sur demande.<\/p>","protected":false},"excerpt":{"rendered":"<p>Le double vitrage isolant \u00e0 faible \u00e9missivit\u00e9 Project Spec am\u00e9liore le confort thermique en combinant une cavit\u00e9 scell\u00e9e avec des vitres \u00e0 rev\u00eatement \u00e0 faible \u00e9missivit\u00e9. Fabriqu\u00e9 sur mesure pour les modules de murs-rideaux et les syst\u00e8mes de fen\u00eatres \u00e0 haute performance n\u00e9cessitant des dimensions r\u00e9p\u00e9tables et des constructions coh\u00e9rentes.<\/p>","protected":false},"featured_media":565,"template":"","meta":{"_gspb_post_css":""},"product_brand":[],"product_cat":[26],"product_tag":[95,66,62,64,56,97,81,58,94,61,60,96],"class_list":{"0":"post-564","1":"product","2":"type-product","3":"status-publish","4":"has-post-thumbnail","6":"product_cat-low-e-insulating-glass","7":"product_tag-argon-gas-fill-option","8":"product_tag-bulk-supply","9":"product_tag-curtain-wall-glazing","10":"product_tag-custom-size","11":"product_tag-double-glazed-igu","12":"product_tag-factory-direct","13":"product_tag-laminated-glass-option","14":"product_tag-low-e-coated-glass","15":"product_tag-project-spec-bulk-double-glazed-low-e-insulating-glass","16":"product_tag-tempered-glass-option","17":"product_tag-warm-edge-spacer","18":"product_tag-window-wall-systems","20":"first","21":"instock","22":"shipping-taxable","23":"purchasable","24":"product-type-simple"},"_links":{"self":[{"href":"https:\/\/theinsulatedglass.com\/fr\/wp-json\/wp\/v2\/product\/564","targetHints":{"allow":["GET"]}}],"collection":[{"href":"https:\/\/theinsulatedglass.com\/fr\/wp-json\/wp\/v2\/product"}],"about":[{"href":"https:\/\/theinsulatedglass.com\/fr\/wp-json\/wp\/v2\/types\/product"}],"wp:featuredmedia":[{"embeddable":true,"href":"https:\/\/theinsulatedglass.com\/fr\/wp-json\/wp\/v2\/media\/565"}],"wp:attachment":[{"href":"https:\/\/theinsulatedglass.com\/fr\/wp-json\/wp\/v2\/media?parent=564"}],"wp:term":[{"taxonomy":"product_brand","embeddable":true,"href":"https:\/\/theinsulatedglass.com\/fr\/wp-json\/wp\/v2\/product_brand?post=564"},{"taxonomy":"product_cat","embeddable":true,"href":"https:\/\/theinsulatedglass.com\/fr\/wp-json\/wp\/v2\/product_cat?post=564"},{"taxonomy":"product_tag","embeddable":true,"href":"https:\/\/theinsulatedglass.com\/fr\/wp-json\/wp\/v2\/product_tag?post=564"}],"curies":[{"name":"wp","href":"https:\/\/api.w.org\/{rel}","templated":true}]}}