{"id":571,"date":"2026-01-27T06:43:07","date_gmt":"2026-01-27T06:43:07","guid":{"rendered":"https:\/\/theinsulatedglass.com\/?post_type=product&#038;p=571"},"modified":"2026-01-27T06:43:07","modified_gmt":"2026-01-27T06:43:07","slug":"custom-build-explosion-proof-glass-project-spec","status":"publish","type":"product","link":"https:\/\/theinsulatedglass.com\/fr\/custom-build-explosion-proof-glass-project-spec\/","title":{"rendered":"Sp\u00e9cifications du projet de verre antid\u00e9flagrant construit sur mesure"},"content":{"rendered":"<p data-start=\"52\" data-end=\"471\"><strong data-start=\"60\" data-end=\"72\">Vue d'ensemble<\/strong><br data-start=\"72\" data-end=\"75\" \/>Con\u00e7u pour les ouvertures \u00e0 haut risque, le verre antid\u00e9flagrant Custom Build est configur\u00e9 comme un assemblage de vitrage d'att\u00e9nuation des explosions afin de r\u00e9duire les retomb\u00e9es de verre dangereuses et d'am\u00e9liorer l'int\u00e9grit\u00e9 apr\u00e8s la rupture. Les performances d\u00e9pendent du syst\u00e8me - le type de verre, la s\u00e9lection des couches interm\u00e9diaires, la conception du cadre et l'ancrage influencent tous le r\u00e9sultat.<\/p>\n<p data-start=\"473\" data-end=\"491\"><strong data-start=\"473\" data-end=\"489\">Caract\u00e9ristiques principales<\/strong><\/p>\n<ul data-start=\"492\" data-end=\"1019\">\n<li data-start=\"492\" data-end=\"633\">\n<p data-start=\"494\" data-end=\"633\">R\u00e9duisez les risques li\u00e9s aux \u00e9clats en utilisant du verre feuillet\u00e9 qui lie les fragments \u00e0 une couche interm\u00e9diaire apr\u00e8s la rupture.<\/p>\n<\/li>\n<li data-start=\"634\" data-end=\"725\">\n<p data-start=\"636\" data-end=\"725\">Augmenter la capacit\u00e9 r\u00e9siduelle avec des constructions multi-plis adapt\u00e9es aux exigences du cahier des charges.<\/p>\n<\/li>\n<li data-start=\"726\" data-end=\"839\">\n<p data-start=\"728\" data-end=\"839\">Combinez la r\u00e9sistance et un comportement s\u00fbr en cas de rupture en associant des verres tremp\u00e9s \u00e0 des constructions stratifi\u00e9es (sur demande).<\/p>\n<\/li>\n<li data-start=\"840\" data-end=\"943\">\n<p data-start=\"842\" data-end=\"943\">Coordonner les tol\u00e9rances \u00e0 l'aide des dessins d'atelier et des dessins d'appui pour les interfaces de la quincaillerie et de l'ossature.<\/p>\n<\/li>\n<li data-start=\"944\" data-end=\"1019\">\n<p data-start=\"946\" data-end=\"1019\">Maintenir la tra\u00e7abilit\u00e9 de la qualit\u00e9 par le biais d'un contr\u00f4le de qualit\u00e9 interne et de l'identification des lots.<\/p>\n<\/li>\n<\/ul>\n<p data-start=\"1021\" data-end=\"1050\"><strong data-start=\"1021\" data-end=\"1048\">Options et personnalisation<\/strong><\/p>\n<ul data-start=\"1051\" data-end=\"1479\">\n<li data-start=\"1051\" data-end=\"1139\">\n<p data-start=\"1053\" data-end=\"1139\">Fabrication sur mesure Dimensions, formes et conditions des bords pour les cadres fixes ou ouvrants.<\/p>\n<\/li>\n<li data-start=\"1140\" data-end=\"1220\">\n<p data-start=\"1142\" data-end=\"1220\">Choix des couches interm\u00e9diaires (PVB ou ionoplaste) et nombre de couches disponibles sur demande.<\/p>\n<\/li>\n<li data-start=\"1221\" data-end=\"1318\">\n<p data-start=\"1223\" data-end=\"1318\">Film de s\u00e9curit\u00e9 secondaire optionnel, doublures de protection contre les \u00e9clats, ou composites verre-polym\u00e8re, selon les besoins.<\/p>\n<\/li>\n<li data-start=\"1319\" data-end=\"1402\">\n<p data-start=\"1321\" data-end=\"1402\">Per\u00e7age de trous, d'encoches et de d\u00e9coupes pour les pinces, les fraisages ou les passages.<\/p>\n<\/li>\n<li data-start=\"1403\" data-end=\"1479\">\n<p data-start=\"1405\" data-end=\"1479\">Options de surface : bandes d'intimit\u00e9 transparentes, \u00e0 faible teneur en fer, teint\u00e9es ou en c\u00e9ramique.<\/p>\n<\/li>\n<\/ul>\n<p data-start=\"1481\" data-end=\"1703\"><strong data-start=\"1481\" data-end=\"1505\">Applications typiques<\/strong><br data-start=\"1505\" data-end=\"1508\" \/>Salles de contr\u00f4le, cabines de garde, fen\u00eatres de s\u00e9curit\u00e9, installations p\u00e9trochimiques, sous-stations \u00e9lectriques, panneaux d'observation de laboratoire, centres de donn\u00e9es, plates-formes a\u00e9roportuaires et de transport, guichets de services publics.<\/p>\n<p data-start=\"1705\" data-end=\"1907\"><strong data-start=\"1705\" data-end=\"1725\">Approvisionnement et soutien<\/strong><br data-start=\"1725\" data-end=\"1728\" \/>La production directe en usine permet des sorties \u00e9chelonn\u00e9es avec une planification stable des d\u00e9lais d'ex\u00e9cution. L'emballage pour l'exportation et l'emballage en caisse sont possibles, et la conformit\u00e9 aux normes est disponible sur demande.<\/p>","protected":false},"excerpt":{"rendered":"<p>Les vitrages antid\u00e9flagrants fabriqu\u00e9s sur mesure utilisent des constructions lamin\u00e9es et multicouches pour retenir les fragments de verre et maintenir une barri\u00e8re apr\u00e8s un impact. Fabriqu\u00e9 sur mesure pour les fen\u00eatres des salles de contr\u00f4le et les panneaux de visualisation de s\u00e9curit\u00e9, o\u00f9 un ajustement fiable et des performances ax\u00e9es sur la s\u00e9curit\u00e9 sont sp\u00e9cifi\u00e9s.<\/p>","protected":false},"featured_media":572,"template":"","meta":{"_gspb_post_css":""},"product_brand":[],"product_cat":[31],"product_tag":[99,104,98,64,93,105,101,100,69,103,102],"class_list":{"0":"post-571","1":"product","2":"type-product","3":"status-publish","4":"has-post-thumbnail","6":"product_cat-explosion-proof-glass","7":"product_tag-blast-mitigation-glazing","8":"product_tag-control-room-glazing","9":"product_tag-custom-build-explosion-proof-glass-project-spec","10":"product_tag-custom-size","11":"product_tag-factory-direct-supply","12":"product_tag-guard-booth-window","13":"product_tag-ionoplast-interlayer","14":"product_tag-multi-ply-laminated-glass","15":"product_tag-pvb-interlayer","16":"product_tag-security-window-glazing","17":"product_tag-tempered-lite-option","19":"first","20":"instock","21":"shipping-taxable","22":"purchasable","23":"product-type-simple"},"_links":{"self":[{"href":"https:\/\/theinsulatedglass.com\/fr\/wp-json\/wp\/v2\/product\/571","targetHints":{"allow":["GET"]}}],"collection":[{"href":"https:\/\/theinsulatedglass.com\/fr\/wp-json\/wp\/v2\/product"}],"about":[{"href":"https:\/\/theinsulatedglass.com\/fr\/wp-json\/wp\/v2\/types\/product"}],"wp:featuredmedia":[{"embeddable":true,"href":"https:\/\/theinsulatedglass.com\/fr\/wp-json\/wp\/v2\/media\/572"}],"wp:attachment":[{"href":"https:\/\/theinsulatedglass.com\/fr\/wp-json\/wp\/v2\/media?parent=571"}],"wp:term":[{"taxonomy":"product_brand","embeddable":true,"href":"https:\/\/theinsulatedglass.com\/fr\/wp-json\/wp\/v2\/product_brand?post=571"},{"taxonomy":"product_cat","embeddable":true,"href":"https:\/\/theinsulatedglass.com\/fr\/wp-json\/wp\/v2\/product_cat?post=571"},{"taxonomy":"product_tag","embeddable":true,"href":"https:\/\/theinsulatedglass.com\/fr\/wp-json\/wp\/v2\/product_tag?post=571"}],"curies":[{"name":"wp","href":"https:\/\/api.w.org\/{rel}","templated":true}]}}