{"id":582,"date":"2026-01-27T06:56:24","date_gmt":"2026-01-27T06:56:24","guid":{"rendered":"https:\/\/theinsulatedglass.com\/?post_type=product&#038;p=582"},"modified":"2026-01-27T06:56:24","modified_gmt":"2026-01-27T06:56:24","slug":"custom-size-bulk-supply-tempered-door-and-window-glass","status":"publish","type":"product","link":"https:\/\/theinsulatedglass.com\/fr\/custom-size-bulk-supply-tempered-door-and-window-glass\/","title":{"rendered":"Verre tremp\u00e9 pour portes et fen\u00eatres, sur mesure et en vrac"},"content":{"rendered":"<p data-start=\"59\" data-end=\"606\"><strong data-start=\"67\" data-end=\"79\">Vue d'ensemble<\/strong><br data-start=\"79\" data-end=\"82\" \/>Lorsque les ouvertures des portes et des fen\u00eatres sont expos\u00e9es au soleil, au vent et \u00e0 des contacts fr\u00e9quents, le verre tremp\u00e9 contribue \u00e0 la durabilit\u00e9 des assemblages tout en assurant le confort des int\u00e9rieurs. La trempe thermique chauffe le verre et le refroidit rapidement pour cr\u00e9er une compression superficielle, ce qui le rend au moins quatre fois plus r\u00e9sistant que le verre recuit de m\u00eame \u00e9paisseur. En cas de rupture, le verre se divise g\u00e9n\u00e9ralement en petites particules, ce qui r\u00e9duit le risque de coupures graves dans les zones \u00e0 forte circulation.<\/p>\n<p data-start=\"608\" data-end=\"626\"><strong data-start=\"608\" data-end=\"624\">Caract\u00e9ristiques principales<\/strong><\/p>\n<ul data-start=\"627\" data-end=\"1140\">\n<li data-start=\"627\" data-end=\"731\">\n<p data-start=\"629\" data-end=\"731\">Augmentation de la r\u00e9sistance aux chocs et aux charges de vent par rapport au verre recuit.<\/p>\n<\/li>\n<li data-start=\"732\" data-end=\"829\">\n<p data-start=\"734\" data-end=\"829\">R\u00e9duisez les risques de blessure en adoptant un mod\u00e8le de rupture par petits fragments.<\/p>\n<\/li>\n<li data-start=\"830\" data-end=\"948\">\n<p data-start=\"832\" data-end=\"948\">Favoriser un scellement plus \u00e9tanche et un fonctionnement plus souple en maintenant la plan\u00e9it\u00e9 et la qualit\u00e9 des bords gr\u00e2ce \u00e0 un traitement contr\u00f4l\u00e9.<\/p>\n<\/li>\n<li data-start=\"949\" data-end=\"1072\">\n<p data-start=\"951\" data-end=\"1072\">Permet d'utiliser des vitrages de s\u00e9curit\u00e9 dans les applications de portes, de panneaux lat\u00e9raux et de certaines fen\u00eatres.<\/p>\n<\/li>\n<li data-start=\"1073\" data-end=\"1140\">\n<p data-start=\"1075\" data-end=\"1140\">Maintenir la coh\u00e9rence avec le CQ interne et la tra\u00e7abilit\u00e9 de la qualit\u00e9.<\/p>\n<\/li>\n<\/ul>\n<p data-start=\"1142\" data-end=\"1171\"><strong data-start=\"1142\" data-end=\"1169\">Options et personnalisation<\/strong><\/p>\n<ul data-start=\"1172\" data-end=\"1664\">\n<li data-start=\"1172\" data-end=\"1257\">\n<p data-start=\"1174\" data-end=\"1257\">Fabriqu\u00e9 \u00e0 la demande, sur mesure, selon les sp\u00e9cifications du projet, avec dessin d'atelier et support de dessin.<\/p>\n<\/li>\n<li data-start=\"1258\" data-end=\"1338\">\n<p data-start=\"1260\" data-end=\"1338\">Finitions des ar\u00eates : serties, arris\u00e9es, polies au crayon, polies \u00e0 plat, ou petits biseaux.<\/p>\n<\/li>\n<li data-start=\"1339\" data-end=\"1464\">\n<p data-start=\"1341\" data-end=\"1464\">Les trous, les encoches et les d\u00e9coupes de la quincaillerie sont r\u00e9alis\u00e9s avant la trempe, conform\u00e9ment \u00e0 vos dessins.<\/p>\n<\/li>\n<li data-start=\"1465\" data-end=\"1549\">\n<p data-start=\"1467\" data-end=\"1549\">Supports : transparents, faiblement ferreux, teint\u00e9s ; films de frittage\/impression et de protection sur demande.<\/p>\n<\/li>\n<li data-start=\"1550\" data-end=\"1664\">\n<p data-start=\"1552\" data-end=\"1664\">Des verres tremp\u00e9s pr\u00eats \u00e0 l'emploi sont disponibles pour les portes\/fen\u00eatres \u00e0 double vitrage.<\/p>\n<\/li>\n<\/ul>\n<p data-start=\"1666\" data-end=\"1865\"><strong data-start=\"1666\" data-end=\"1690\">Applications typiques<\/strong><br data-start=\"1690\" data-end=\"1693\" \/>Panneaux de portes-fen\u00eatres coulissantes, portes d'entr\u00e9e \u00e0 charni\u00e8res, vitrages de portes de magasins, lat\u00e9raux et impostes, vitres de fen\u00eatres, portes de balcon, portes vitr\u00e9es int\u00e9rieures, vitres de remplacement.<\/p>\n<p data-start=\"1867\" data-end=\"2068\"><strong data-start=\"1867\" data-end=\"1887\">Approvisionnement et soutien<\/strong><br data-start=\"1887\" data-end=\"1890\" \/>L'approvisionnement en vrac direct de l'usine permet une production en volume avec une planification stable des d\u00e9lais d'ex\u00e9cution. L'emballage pour l'exportation et l'emballage en caisse sont disponibles. Conformit\u00e9 aux normes sur demande.<\/p>","protected":false},"excerpt":{"rendered":"<p>Le verre tremp\u00e9 pour portes et fen\u00eatres est fabriqu\u00e9 sur mesure pour une plus grande r\u00e9sistance et un sch\u00e9ma de rupture plus s\u00fbr, ce qui contribue \u00e0 prot\u00e9ger les occupants dans les ouvertures \u00e0 fort trafic. Fabriqu\u00e9 selon vos plans pour les portes coulissantes et les panneaux lat\u00e9raux, avec des bords nets et des verres pr\u00eats \u00e0 l'emploi en option pour les assemblages isol\u00e9s.<\/p>","protected":false},"featured_media":583,"template":"","meta":{"_gspb_post_css":""},"product_brand":[],"product_cat":[42],"product_tag":[116,64,112,77,114,115,65,120,117,119,113,118],"class_list":{"0":"post-582","1":"product","2":"type-product","3":"status-publish","4":"has-post-thumbnail","6":"product_cat-door-window-glass","7":"product_tag-cnc-drilling-and-notching","8":"product_tag-custom-size","9":"product_tag-custom-size-bulk-supply-tempered-door-and-window-glass","10":"product_tag-factory-direct-bulk-supply","11":"product_tag-heat-treated-glass","12":"product_tag-polished-edgework","13":"product_tag-shop-drawing-support","14":"product_tag-sidelite-and-transom-glass","15":"product_tag-sliding-door-glass","16":"product_tag-storefront-door-glazing","17":"product_tag-tempered-safety-glass","18":"product_tag-window-sash-glass","20":"first","21":"instock","22":"shipping-taxable","23":"purchasable","24":"product-type-simple"},"_links":{"self":[{"href":"https:\/\/theinsulatedglass.com\/fr\/wp-json\/wp\/v2\/product\/582","targetHints":{"allow":["GET"]}}],"collection":[{"href":"https:\/\/theinsulatedglass.com\/fr\/wp-json\/wp\/v2\/product"}],"about":[{"href":"https:\/\/theinsulatedglass.com\/fr\/wp-json\/wp\/v2\/types\/product"}],"wp:featuredmedia":[{"embeddable":true,"href":"https:\/\/theinsulatedglass.com\/fr\/wp-json\/wp\/v2\/media\/583"}],"wp:attachment":[{"href":"https:\/\/theinsulatedglass.com\/fr\/wp-json\/wp\/v2\/media?parent=582"}],"wp:term":[{"taxonomy":"product_brand","embeddable":true,"href":"https:\/\/theinsulatedglass.com\/fr\/wp-json\/wp\/v2\/product_brand?post=582"},{"taxonomy":"product_cat","embeddable":true,"href":"https:\/\/theinsulatedglass.com\/fr\/wp-json\/wp\/v2\/product_cat?post=582"},{"taxonomy":"product_tag","embeddable":true,"href":"https:\/\/theinsulatedglass.com\/fr\/wp-json\/wp\/v2\/product_tag?post=582"}],"curies":[{"name":"wp","href":"https:\/\/api.w.org\/{rel}","templated":true}]}}