{"id":589,"date":"2026-01-27T07:02:11","date_gmt":"2026-01-27T07:02:11","guid":{"rendered":"https:\/\/theinsulatedglass.com\/?post_type=product&#038;p=589"},"modified":"2026-01-27T07:02:11","modified_gmt":"2026-01-27T07:02:11","slug":"cut-to-size-bulk-hard-coat-online-low-e-glass","status":"publish","type":"product","link":"https:\/\/theinsulatedglass.com\/fr\/cut-to-size-bulk-hard-coat-online-low-e-glass\/","title":{"rendered":"Verre \u00e0 couche dure en vrac, coup\u00e9 \u00e0 la taille, en ligne, \u00e0 faible \u00e9missivit\u00e9"},"content":{"rendered":"<p data-start=\"50\" data-end=\"537\"><strong data-start=\"58\" data-end=\"70\">Vue d'ensemble<\/strong><br data-start=\"70\" data-end=\"73\" \/>Pour les projets qui n\u00e9cessitent un aspect propre et coh\u00e9rent avec une manipulation pratique, la couche dure (pyrolytique) Low-E est un choix fiable. Les rev\u00eatements pyrolytiques sont appliqu\u00e9s en ligne pendant la production de flotteurs et forment une liaison de surface durable qui supporte les flux de travail de fabrication et de traitement. Les rev\u00eatements Low-E r\u00e9fl\u00e9chissent l'\u00e9nergie infrarouge \u00e0 ondes longues pour am\u00e9liorer le confort thermique sans bloquer la lumi\u00e8re du jour.<\/p>\n<p data-start=\"539\" data-end=\"557\"><strong data-start=\"539\" data-end=\"555\">Caract\u00e9ristiques principales<\/strong><\/p>\n<ul data-start=\"558\" data-end=\"1104\">\n<li data-start=\"558\" data-end=\"646\">\n<p data-start=\"560\" data-end=\"646\">Maintenir une tonalit\u00e9 visuelle coh\u00e9rente d'un lot \u00e0 l'autre en contr\u00f4lant l'uniformit\u00e9 de l'enrobage.<\/p>\n<\/li>\n<li data-start=\"647\" data-end=\"762\">\n<p data-start=\"649\" data-end=\"762\">Am\u00e9liorer le confort int\u00e9rieur en r\u00e9fl\u00e9chissant la chaleur rayonnante vers sa source.<\/p>\n<\/li>\n<li data-start=\"763\" data-end=\"887\">\n<p data-start=\"765\" data-end=\"887\">Favoriser l'efficacit\u00e9 des lignes de coupe gr\u00e2ce \u00e0 la robustesse des surfaces \u00e0 rev\u00eatement dur.<\/p>\n<\/li>\n<li data-start=\"888\" data-end=\"1030\">\n<p data-start=\"890\" data-end=\"1030\">Permettre des constructions s\u00fbres en les combinant avec la trempe ou le laminage si n\u00e9cessaire (disponible sur demande).<\/p>\n<\/li>\n<li data-start=\"1031\" data-end=\"1104\">\n<p data-start=\"1033\" data-end=\"1104\">Maintenir un contr\u00f4le de qualit\u00e9 interne avec une tra\u00e7abilit\u00e9 de la qualit\u00e9 pour des r\u00e9sultats reproductibles.<\/p>\n<\/li>\n<\/ul>\n<p data-start=\"1106\" data-end=\"1135\"><strong data-start=\"1106\" data-end=\"1133\">Options et personnalisation<\/strong><\/p>\n<ul data-start=\"1136\" data-end=\"1683\">\n<li data-start=\"1136\" data-end=\"1233\">\n<p data-start=\"1138\" data-end=\"1233\">Feuilles fabriqu\u00e9es sur commande, rectangles coup\u00e9s sur mesure ou profil\u00e9s fa\u00e7onn\u00e9s selon les sp\u00e9cifications du projet.<\/p>\n<\/li>\n<li data-start=\"1234\" data-end=\"1313\">\n<p data-start=\"1236\" data-end=\"1313\">Options de bordures : bords cousus, arris\u00e9s ou polis en fonction de l'exposition.<\/p>\n<\/li>\n<li data-start=\"1314\" data-end=\"1408\">\n<p data-start=\"1316\" data-end=\"1408\">Conseils sur la mise en place du rev\u00eatement par le biais de l'assistance au dessin \/ de l'examen des dessins d'atelier pour l'emplacement de la surface.<\/p>\n<\/li>\n<li data-start=\"1409\" data-end=\"1539\">\n<p data-start=\"1411\" data-end=\"1539\">Options d'int\u00e9gration IGU (position de l'entretoise et configuration de la cavit\u00e9) disponibles sur demande.<\/p>\n<\/li>\n<li data-start=\"1540\" data-end=\"1683\">\n<p data-start=\"1542\" data-end=\"1683\">Compatibilit\u00e9 avec le traitement thermique et le laminage disponible sur demande, sous r\u00e9serve du choix du verre\/du rev\u00eatement.<\/p>\n<\/li>\n<\/ul>\n<p data-start=\"1685\" data-end=\"1871\"><strong data-start=\"1685\" data-end=\"1709\">Applications typiques<\/strong><br data-start=\"1709\" data-end=\"1712\" \/>Contre-fen\u00eatres, vitrage secondaire, vitres de remplacement, vitres \u00e0 double vitrage, zones de vision du mur-rideau, vitrage des puits de lumi\u00e8re, solariums, comptoirs de service.<\/p>\n<p data-start=\"1873\" data-end=\"2143\"><strong data-start=\"1873\" data-end=\"1893\">Approvisionnement et soutien<\/strong><br data-start=\"1893\" data-end=\"1896\" \/>Les programmes d'approvisionnement en vrac en direct de l'usine s'accompagnent d'une programmation de d\u00e9lais stables, d'un emballage pour l'exportation et d'un emballage en caisse pour les exp\u00e9ditions sur de longues distances. Des rapports d'inspection peuvent \u00eatre fournis avec chaque lot, et la conformit\u00e9 aux normes est disponible sur demande.<\/p>","protected":false},"excerpt":{"rendered":"<p>Le verre Low-E \u00e0 couche dure en ligne est coup\u00e9 \u00e0 vos dimensions avec une couche pyrolytique durable con\u00e7ue pour une manipulation et une fabrication efficaces. Fourni en vrac pour les vitrages secondaires et les panneaux de contre-fen\u00eatres, il permet de r\u00e9aliser des am\u00e9liorations \u00e9nerg\u00e9tiques pratiques tout en conservant un aspect coh\u00e9rent.<\/p>","protected":false},"featured_media":590,"template":"","meta":{"_gspb_post_css":""},"product_brand":[],"product_cat":[27],"product_tag":[64,121,77,122,125,127,124,123,129,128,126,130],"class_list":{"0":"post-589","1":"product","2":"type-product","3":"status-publish","4":"has-post-thumbnail","6":"product_cat-online-low-e-glass","7":"product_tag-custom-size","8":"product_tag-cut-to-size-bulk-hard-coat-online-low-e-glass","9":"product_tag-factory-direct-bulk-supply","10":"product_tag-hard-coat-low-e-glass","11":"product_tag-igu-compatible-glass","12":"product_tag-laminated-option","13":"product_tag-low-emissivity-coating","14":"product_tag-pyrolytic-online-coating","15":"product_tag-secondary-glazing","16":"product_tag-storm-window-glass","17":"product_tag-tempered-option","18":"product_tag-window-replacement-lites","20":"first","21":"instock","22":"shipping-taxable","23":"purchasable","24":"product-type-simple"},"_links":{"self":[{"href":"https:\/\/theinsulatedglass.com\/fr\/wp-json\/wp\/v2\/product\/589","targetHints":{"allow":["GET"]}}],"collection":[{"href":"https:\/\/theinsulatedglass.com\/fr\/wp-json\/wp\/v2\/product"}],"about":[{"href":"https:\/\/theinsulatedglass.com\/fr\/wp-json\/wp\/v2\/types\/product"}],"wp:featuredmedia":[{"embeddable":true,"href":"https:\/\/theinsulatedglass.com\/fr\/wp-json\/wp\/v2\/media\/590"}],"wp:attachment":[{"href":"https:\/\/theinsulatedglass.com\/fr\/wp-json\/wp\/v2\/media?parent=589"}],"wp:term":[{"taxonomy":"product_brand","embeddable":true,"href":"https:\/\/theinsulatedglass.com\/fr\/wp-json\/wp\/v2\/product_brand?post=589"},{"taxonomy":"product_cat","embeddable":true,"href":"https:\/\/theinsulatedglass.com\/fr\/wp-json\/wp\/v2\/product_cat?post=589"},{"taxonomy":"product_tag","embeddable":true,"href":"https:\/\/theinsulatedglass.com\/fr\/wp-json\/wp\/v2\/product_tag?post=589"}],"curies":[{"name":"wp","href":"https:\/\/api.w.org\/{rel}","templated":true}]}}