{"id":618,"date":"2026-01-27T07:47:48","date_gmt":"2026-01-27T07:47:48","guid":{"rendered":"https:\/\/theinsulatedglass.com\/?post_type=product&#038;p=618"},"modified":"2026-01-27T07:47:48","modified_gmt":"2026-01-27T07:47:48","slug":"project-spec-bulk-supply-heat-soaked-tempered-glass","status":"publish","type":"product","link":"https:\/\/theinsulatedglass.com\/fr\/project-spec-bulk-supply-heat-soaked-tempered-glass\/","title":{"rendered":"Project Spec Bulk Supply Heat-soaked Tempered Glass (verre tremp\u00e9 \u00e0 chaud)"},"content":{"rendered":"<p data-start=\"64\" data-end=\"347\">Vue d'ensemble<br data-start=\"72\" data-end=\"75\" \/>Pour les fa\u00e7ades \u00e0 haute visibilit\u00e9 et les vitrages a\u00e9riens, la coh\u00e9rence visuelle fait partie de l'histoire de la performance. Le verre tremp\u00e9 \u00e0 la chaleur ajoute une \u00e9tape de filtrage suppl\u00e9mentaire apr\u00e8s la trempe pour aider \u00e0 am\u00e9liorer la confiance en service tout en conservant l'aspect propre et clair que les architectes attendent.<\/p>\n<p data-start=\"351\" data-end=\"365\">Caract\u00e9ristiques principales<\/p>\n<p data-start=\"368\" data-end=\"424\">Clarifier les lignes de vue gr\u00e2ce \u00e0 une faible teinte et une grande transparence<\/p>\n<p data-start=\"427\" data-end=\"485\">Renforcer les performances en mati\u00e8re de s\u00e9curit\u00e9 gr\u00e2ce \u00e0 la construction temp\u00e9r\u00e9e<\/p>\n<p data-start=\"488\" data-end=\"565\">R\u00e9duire le risque de rupture inattendue en service en appliquant le traitement par trempe thermique<\/p>\n<p data-start=\"568\" data-end=\"642\">Soutenir les d\u00e9tails soign\u00e9s en contr\u00f4lant la qualit\u00e9 des bords et la finition des angles<\/p>\n<p data-start=\"645\" data-end=\"713\">Maintien d'une apparence reproductible d'un lot \u00e0 l'autre pour les grandes \u00e9l\u00e9vations<\/p>\n<p data-start=\"716\" data-end=\"794\">Permet une installation plus ais\u00e9e en maintenant les panneaux \u00e0 plat et stables sur le plan dimensionnel.<\/p>\n<p data-start=\"798\" data-end=\"823\">Options et personnalisation<\/p>\n<p data-start=\"826\" data-end=\"900\">D\u00e9coupe \u00e0 la demande selon les sp\u00e9cifications du projet, y compris d\u00e9coupe \u00e0 la forme sur demande<\/p>\n<p data-start=\"903\" data-end=\"978\">Trous, encoches et d\u00e9coupes CNC pour les supports, les fixations ponctuelles et la quincaillerie<\/p>\n<p data-start=\"981\" data-end=\"1047\">Options de bordures disponibles sur demande (polies, arris\u00e9es, adoucies)<\/p>\n<p data-start=\"1050\" data-end=\"1121\">En option, des motifs de fritte c\u00e9ramique ou des impressions antid\u00e9rapantes pour certaines zones.<\/p>\n<p data-start=\"1124\" data-end=\"1184\">Des habillages stratifi\u00e9s ou l'int\u00e9gration d'IGU sont disponibles sur demande.<\/p>\n<p data-start=\"1187\" data-end=\"1250\">Emballage, \u00e9tiquetage et mise en kit adapt\u00e9s au s\u00e9quen\u00e7age du site<\/p>\n<p data-start=\"1254\" data-end=\"1460\">Applications typiques<br data-start=\"1274\" data-end=\"1277\" \/>Mur-rideau, vitrage de vitrine, puits de lumi\u00e8re, verri\u00e8res, toits d'atrium, zones d'all\u00e8ge de fa\u00e7ade, panneaux de remplissage de balustrade, vitrage d'\u00e9l\u00e9ment de hall d'ascenseur, pare-vent<\/p>\n<p data-start=\"1464\" data-end=\"1773\">Approvisionnement et soutien<br data-start=\"1480\" data-end=\"1483\" \/>Approvisionnement en vrac avec planification de la production en volume et d\u00e9lai d'ex\u00e9cution rapide lorsque la programmation le permet. L'assistance en mati\u00e8re de dessins et la coordination des dessins d'atelier sont assur\u00e9es, avec l'appui d'un contr\u00f4le de qualit\u00e9 interne et d'une tra\u00e7abilit\u00e9 de la qualit\u00e9. L'emballage pour l'exportation et l'emballage en caisse sont possibles ; la conformit\u00e9 aux normes est disponible sur demande.<\/p>","protected":false},"excerpt":{"rendered":"<p>Le verre tremp\u00e9 \u00e0 chaud offre une esth\u00e9tique claire et coh\u00e9rente avec une \u00e9tape de filtrage suppl\u00e9mentaire pour soutenir la fiabilit\u00e9 \u00e0 long terme. Fourni dans des tailles personnalis\u00e9es pour les programmes en vrac, il est largement sp\u00e9cifi\u00e9 pour les panneaux de vision des murs-rideaux et les vitrages a\u00e9riens o\u00f9 l'apparence et la confiance sont importantes.<\/p>","protected":false},"featured_media":619,"template":"","meta":{"_gspb_post_css":""},"product_brand":[],"product_cat":[23],"product_tag":[161,62,139,160,158,157,159,156,65,76,109,113],"class_list":{"0":"post-618","1":"product","2":"type-product","3":"status-publish","4":"has-post-thumbnail","6":"product_cat-heat-soaked-tempered-glass","7":"product_tag-bulk-supply-glass","8":"product_tag-curtain-wall-glazing","9":"product_tag-custom-size-glass","10":"product_tag-glass-canopy-panels","11":"product_tag-heat-soak-processed-glass","12":"product_tag-heat-soaked-tempered-glass","13":"product_tag-laminated-heat-soaked-glass","14":"product_tag-project-spec-bulk-supply-heat-soaked-tempered-glass","15":"product_tag-shop-drawing-support","16":"product_tag-skylight-glazing","17":"product_tag-storefront-glass","18":"product_tag-tempered-safety-glass","20":"first","21":"instock","22":"shipping-taxable","23":"purchasable","24":"product-type-simple"},"_links":{"self":[{"href":"https:\/\/theinsulatedglass.com\/fr\/wp-json\/wp\/v2\/product\/618","targetHints":{"allow":["GET"]}}],"collection":[{"href":"https:\/\/theinsulatedglass.com\/fr\/wp-json\/wp\/v2\/product"}],"about":[{"href":"https:\/\/theinsulatedglass.com\/fr\/wp-json\/wp\/v2\/types\/product"}],"wp:featuredmedia":[{"embeddable":true,"href":"https:\/\/theinsulatedglass.com\/fr\/wp-json\/wp\/v2\/media\/619"}],"wp:attachment":[{"href":"https:\/\/theinsulatedglass.com\/fr\/wp-json\/wp\/v2\/media?parent=618"}],"wp:term":[{"taxonomy":"product_brand","embeddable":true,"href":"https:\/\/theinsulatedglass.com\/fr\/wp-json\/wp\/v2\/product_brand?post=618"},{"taxonomy":"product_cat","embeddable":true,"href":"https:\/\/theinsulatedglass.com\/fr\/wp-json\/wp\/v2\/product_cat?post=618"},{"taxonomy":"product_tag","embeddable":true,"href":"https:\/\/theinsulatedglass.com\/fr\/wp-json\/wp\/v2\/product_tag?post=618"}],"curies":[{"name":"wp","href":"https:\/\/api.w.org\/{rel}","templated":true}]}}