{"id":625,"date":"2026-01-27T07:53:33","date_gmt":"2026-01-27T07:53:33","guid":{"rendered":"https:\/\/theinsulatedglass.com\/?post_type=product&#038;p=625"},"modified":"2026-01-27T07:53:33","modified_gmt":"2026-01-27T07:53:33","slug":"project-spec-custom-solar-control-coated-glass","status":"publish","type":"product","link":"https:\/\/theinsulatedglass.com\/fr\/project-spec-custom-solar-control-coated-glass\/","title":{"rendered":"Project Spec Verre \u00e0 couche de contr\u00f4le solaire personnalis\u00e9"},"content":{"rendered":"<p data-start=\"59\" data-end=\"366\">Vue d'ensemble<br data-start=\"67\" data-end=\"70\" \/>Depuis la coordination de la fa\u00e7ade jusqu'\u00e0 l'exp\u00e9dition finale, le verre \u00e0 couche de contr\u00f4le solaire donne les meilleurs r\u00e9sultats lorsqu'il est fourni exactement selon les exigences du projet en mati\u00e8re d'assemblage et de manutention. Cette solution sp\u00e9cifique au projet permet de r\u00e9duire la chaleur solaire et l'\u00e9blouissement tout en pr\u00e9servant la lumi\u00e8re du jour et un aspect ext\u00e9rieur coh\u00e9rent.<\/p>\n<p data-start=\"370\" data-end=\"384\">Caract\u00e9ristiques principales<\/p>\n<p data-start=\"387\" data-end=\"461\">G\u00e9rer les apports solaires et l'\u00e9blouissement pour am\u00e9liorer le confort int\u00e9rieur pr\u00e8s des lignes de vitrage<\/p>\n<p data-start=\"464\" data-end=\"546\">Maintenir la coh\u00e9rence des couleurs architecturales entre les \u00e9l\u00e9vations et les livraisons \u00e9chelonn\u00e9es.<\/p>\n<p data-start=\"549\" data-end=\"627\">Soutenir les assemblages d'IGU et de lamin\u00e9s avec des pratiques de traitement respectueuses des rev\u00eatements<\/p>\n<p data-start=\"630\" data-end=\"701\">Coordonner l'orientation du rev\u00eatement pour une installation correcte sur le site<\/p>\n<p data-start=\"704\" data-end=\"788\">Am\u00e9lioration de la fiabilit\u00e9 de l'\u00e9tanch\u00e9it\u00e9 en aval gr\u00e2ce \u00e0 une pr\u00e9paration contr\u00f4l\u00e9e des bords du rev\u00eatement<\/p>\n<p data-start=\"791\" data-end=\"863\">Permettre une ex\u00e9cution pr\u00e9visible des projets avec un contr\u00f4le tra\u00e7able de la production<\/p>\n<p data-start=\"867\" data-end=\"892\">Options et personnalisation<\/p>\n<p data-start=\"895\" data-end=\"968\">Dimensions personnalis\u00e9es \/ Coupes, formes et adaptation des panneaux sur demande<\/p>\n<p data-start=\"971\" data-end=\"1046\">Choix de teintes de rev\u00eatement\/r\u00e9flexion disponibles pour s'aligner sur l'intention de la fa\u00e7ade<\/p>\n<p data-start=\"1049\" data-end=\"1128\">Configurations IGU et compatibilit\u00e9 entre les entretoises et les joints disponibles sur demande<\/p>\n<p data-start=\"1131\" data-end=\"1198\">Suppression des ar\u00eates, masquage et zones prot\u00e9g\u00e9es conform\u00e9ment aux dessins<\/p>\n<p data-start=\"1201\" data-end=\"1272\">Des conversions temp\u00e9r\u00e9es ou stratifi\u00e9es sont disponibles sur demande, le cas \u00e9ch\u00e9ant.<\/p>\n<p data-start=\"1275\" data-end=\"1335\">\u00c9chantillons et panneaux d'approbation disponibles pour la signature du projet<\/p>\n<p data-start=\"1339\" data-end=\"1550\">Applications typiques<br data-start=\"1359\" data-end=\"1362\" \/>UGI pour murs-rideaux, unit\u00e9s de fen\u00eatres commerciales, r\u00e9novation de fa\u00e7ades, tours de bureaux, vitrages d'h\u00f4tels, devantures de magasins, atriums, puits de lumi\u00e8re et lanterneaux, terminaux d'a\u00e9roports et de transports en commun.<\/p>\n<p data-start=\"1554\" data-end=\"1903\">Approvisionnement et soutien<br data-start=\"1570\" data-end=\"1573\" \/>Fourniture directe \u00e0 l'usine avec alignement des sp\u00e9cifications du projet, soutien des dessins et coordination des dessins d'atelier pour les approbations et le s\u00e9quen\u00e7age. Une planification stable des d\u00e9lais d'ex\u00e9cution est disponible pour les livraisons \u00e9chelonn\u00e9es, soutenue par un contr\u00f4le de qualit\u00e9 interne et une tra\u00e7abilit\u00e9 de la qualit\u00e9. L'emballage pour l'exportation et l'emballage en caisse peuvent \u00eatre organis\u00e9s ; la conformit\u00e9 aux normes est disponible sur demande.<\/p>","protected":false},"excerpt":{"rendered":"<p>Le verre \u00e0 couche de contr\u00f4le solaire Project Spec r\u00e9duit la chaleur et l'\u00e9blouissement tout en conservant la lumi\u00e8re du jour et un ton ext\u00e9rieur propre. Fabriqu\u00e9 sur commande dans des dimensions personnalis\u00e9es avec coordination des dessins, il s'agit d'une option fiable pour les projets de murs-rideaux et de fen\u00eatres commerciales qui requi\u00e8rent une apparence coh\u00e9rente d'une livraison \u00e0 l'autre.<\/p>","protected":false},"featured_media":629,"template":"","meta":{"_gspb_post_css":""},"product_brand":[],"product_cat":[28],"product_tag":[66,166,62,139,167,169,164,58,165,162,168,163],"class_list":{"0":"post-625","1":"product","2":"type-product","3":"status-publish","4":"has-post-thumbnail","6":"product_cat-coated-glass","7":"product_tag-bulk-supply","8":"product_tag-commercial-window-glass","9":"product_tag-curtain-wall-glazing","10":"product_tag-custom-size-glass","11":"product_tag-facade-glass","12":"product_tag-factory-direct-glass","13":"product_tag-igu-glass","14":"product_tag-low-e-coated-glass","15":"product_tag-magnetron-coated-glass","16":"product_tag-project-spec-custom-solar-control-coated-glass","17":"product_tag-project-spec-support","18":"product_tag-solar-control-coated-glass","20":"first","21":"instock","22":"shipping-taxable","23":"purchasable","24":"product-type-simple"},"_links":{"self":[{"href":"https:\/\/theinsulatedglass.com\/fr\/wp-json\/wp\/v2\/product\/625","targetHints":{"allow":["GET"]}}],"collection":[{"href":"https:\/\/theinsulatedglass.com\/fr\/wp-json\/wp\/v2\/product"}],"about":[{"href":"https:\/\/theinsulatedglass.com\/fr\/wp-json\/wp\/v2\/types\/product"}],"wp:featuredmedia":[{"embeddable":true,"href":"https:\/\/theinsulatedglass.com\/fr\/wp-json\/wp\/v2\/media\/629"}],"wp:attachment":[{"href":"https:\/\/theinsulatedglass.com\/fr\/wp-json\/wp\/v2\/media?parent=625"}],"wp:term":[{"taxonomy":"product_brand","embeddable":true,"href":"https:\/\/theinsulatedglass.com\/fr\/wp-json\/wp\/v2\/product_brand?post=625"},{"taxonomy":"product_cat","embeddable":true,"href":"https:\/\/theinsulatedglass.com\/fr\/wp-json\/wp\/v2\/product_cat?post=625"},{"taxonomy":"product_tag","embeddable":true,"href":"https:\/\/theinsulatedglass.com\/fr\/wp-json\/wp\/v2\/product_tag?post=625"}],"curies":[{"name":"wp","href":"https:\/\/api.w.org\/{rel}","templated":true}]}}