{"id":1045,"date":"2026-01-28T11:00:21","date_gmt":"2026-01-28T11:00:21","guid":{"rendered":"https:\/\/theinsulatedglass.com\/?post_type=product&#038;p=1045"},"modified":"2026-01-28T11:00:21","modified_gmt":"2026-01-28T11:00:21","slug":"low-maintenance-wholesale-online-low-e-glass","status":"publish","type":"product","link":"https:\/\/theinsulatedglass.com\/it\/low-maintenance-wholesale-online-low-e-glass\/","title":{"rendered":"Vetro basso emissivo a bassa manutenzione all'ingrosso online"},"content":{"rendered":"<p data-start=\"57\" data-end=\"387\">Panoramica<br data-start=\"65\" data-end=\"68\" \/>Mantenere i vetri confortevoli non dovrebbe richiedere continui ritocchi o speciali procedure di pulizia. Il nostro vetro con rivestimento Low-E \u00e8 disponibile attraverso un flusso di lavoro all'ingrosso online, con selezioni mirate alla manutenzione pratica e al comfort interno equilibrato (a seconda del design). Ogni ordine viene prodotto su misura per soddisfare la vostra lista di tagli.<\/p>\n<p data-start=\"391\" data-end=\"796\">Caratteristiche principali<br data-start=\"403\" data-end=\"406\" \/>- Migliorare il comfort in prossimit\u00e0 delle finestre riducendo il trasferimento di calore radiante (a seconda della progettazione)<br data-start=\"488\" data-end=\"491\" \/>- Mantenere un aspetto pi\u00f9 pulito con scelte di rivestimento adatte a cicli di lavaggio di routine<br data-start=\"567\" data-end=\"570\" \/>- Bilanciare la luce diurna e l'abbagliamento per gli spazi di lavoro e le aree abitative (a seconda del progetto)<br data-start=\"649\" data-end=\"652\" \/>- Aggiungete il comfort acustico opzionale quando vengono specificati i make-up laminati<br data-start=\"721\" data-end=\"724\" \/>- Documentare i lotti con il controllo qualit\u00e0 interno e la tracciabilit\u00e0 della qualit\u00e0 basata sui lotti<\/p>\n<p data-start=\"800\" data-end=\"1221\">Opzioni e personalizzazione<br data-start=\"823\" data-end=\"826\" \/>- Taglio di dimensioni, forme e raggi d'angolo personalizzati su richiesta<br data-start=\"885\" data-end=\"888\" \/>- Famiglie di rivestimenti Low-E e tonalit\u00e0 visiva confermata dall'approvazione del campione<br data-start=\"957\" data-end=\"960\" \/>- Configurazioni temperate o laminate disponibili su richiesta<br data-start=\"1019\" data-end=\"1022\" \/>- Eliminazione dei bordi e zone di mascheratura per l'assemblaggio di IGU o per i dettagli dell'intelaiatura.<br data-start=\"1100\" data-end=\"1103\" \/>- Servizio OEM\/ODM per etichette private, codici prodotto e contrassegni in cartone<br data-start=\"1172\" data-end=\"1175\" \/>- La conformit\u00e0 agli standard \u00e8 disponibile su richiesta.<\/p>\n<p data-start=\"1225\" data-end=\"1411\">Applicazioni tipiche<br data-start=\"1245\" data-end=\"1248\" \/>Finestre di sostituzione, finestre di nuova costruzione, vetrate per vetrine, sistemi di pareti vetrate, aree di visione per facciate continue, pannelli per porte scorrevoli, vetrate per solarium, lucernari.<\/p>\n<p data-start=\"1415\" data-end=\"1649\">Fornitura e assistenza<br data-start=\"1431\" data-end=\"1434\" \/>La produzione in serie supporta la pianificazione delle forniture di massa con tempi di consegna stabili per gli ordini graduali. Forniamo supporto per i disegni, i registri di ispezione e l'imballaggio protettivo per l'esportazione con l'imballaggio in casse per le consegne a lunga distanza.<\/p>","protected":false},"excerpt":{"rendered":"<p>Vetro con rivestimento Low-E progettato per cicli di pulizia giornaliera a bassa manutenzione e per migliorare il comfort interno riducendo il trasferimento di calore radiante (a seconda del progetto). Viene comunemente utilizzato per le finestre di sostituzione e per le vetrate dei negozi, dove l'aspetto costante e gli ordini ripetuti sono importanti.<\/p>","protected":false},"featured_media":1050,"template":"","meta":{"_gspb_post_css":""},"product_brand":[],"product_cat":[27],"product_tag":[66,226,64,592,593,127,591,58,86,109,126,311],"class_list":{"0":"post-1045","1":"product","2":"type-product","3":"status-publish","4":"has-post-thumbnail","6":"product_cat-online-low-e-glass","7":"product_tag-bulk-supply","8":"product_tag-curtain-wall-vision-glass","9":"product_tag-custom-size","10":"product_tag-energy-saving-glass","11":"product_tag-igu-compatible","12":"product_tag-laminated-option","13":"product_tag-low-maintenance-wholesale-online-low-e-glass","14":"product_tag-low-e-coated-glass","15":"product_tag-oem-odm-service","16":"product_tag-storefront-glass","17":"product_tag-tempered-option","18":"product_tag-window-glazing","20":"first","21":"instock","22":"shipping-taxable","23":"purchasable","24":"product-type-simple"},"_links":{"self":[{"href":"https:\/\/theinsulatedglass.com\/it\/wp-json\/wp\/v2\/product\/1045","targetHints":{"allow":["GET"]}}],"collection":[{"href":"https:\/\/theinsulatedglass.com\/it\/wp-json\/wp\/v2\/product"}],"about":[{"href":"https:\/\/theinsulatedglass.com\/it\/wp-json\/wp\/v2\/types\/product"}],"wp:featuredmedia":[{"embeddable":true,"href":"https:\/\/theinsulatedglass.com\/it\/wp-json\/wp\/v2\/media\/1050"}],"wp:attachment":[{"href":"https:\/\/theinsulatedglass.com\/it\/wp-json\/wp\/v2\/media?parent=1045"}],"wp:term":[{"taxonomy":"product_brand","embeddable":true,"href":"https:\/\/theinsulatedglass.com\/it\/wp-json\/wp\/v2\/product_brand?post=1045"},{"taxonomy":"product_cat","embeddable":true,"href":"https:\/\/theinsulatedglass.com\/it\/wp-json\/wp\/v2\/product_cat?post=1045"},{"taxonomy":"product_tag","embeddable":true,"href":"https:\/\/theinsulatedglass.com\/it\/wp-json\/wp\/v2\/product_tag?post=1045"}],"curies":[{"name":"wp","href":"https:\/\/api.w.org\/{rel}","templated":true}]}}