{"id":1049,"date":"2026-01-28T11:00:10","date_gmt":"2026-01-28T11:00:10","guid":{"rendered":"https:\/\/theinsulatedglass.com\/?post_type=product&#038;p=1049"},"modified":"2026-01-28T11:00:10","modified_gmt":"2026-01-28T11:00:10","slug":"factory-direct-jumbo-heat-soaked-tempered-glass","status":"publish","type":"product","link":"https:\/\/theinsulatedglass.com\/it\/factory-direct-jumbo-heat-soaked-tempered-glass\/","title":{"rendered":"Vetro temperato Jumbo impregnato di calore diretto dalla fabbrica"},"content":{"rendered":"<p data-start=\"60\" data-end=\"425\">Panoramica<br data-start=\"68\" data-end=\"71\" \/>Per i vetri strutturali sovradimensionati, l'affidabilit\u00e0 \u00e8 stata progettata in ogni fase. Il vetro temperato Jumbo a bagno di calore combina una tempra di sicurezza con un processo di bagno di calore aggiuntivo che contribuisce a ridurre il rischio di rotture spontanee associate a inclusioni. \u00c8 adatto a facciate di grande formato e a installazioni aeree in cui i tempi di inattivit\u00e0 sono costosi.<\/p>\n<p data-start=\"429\" data-end=\"443\">Caratteristiche principali<\/p>\n<p data-start=\"446\" data-end=\"514\">Resiste a elevati carichi di vento con prestazioni di sicurezza temperate<\/p>\n<p data-start=\"517\" data-end=\"589\">Aggiunge la lavorazione a immersione termica per migliorare la sicurezza delle quote critiche.<\/p>\n<p data-start=\"592\" data-end=\"659\">Mantiene una planarit\u00e0 controllata per un'intelaiatura unificata e per l'accoppiamento delle guarnizioni<\/p>\n<p data-start=\"662\" data-end=\"735\">Offre bordi resistenti per ridurre le scheggiature durante il trasporto e la movimentazione<\/p>\n<p data-start=\"738\" data-end=\"797\">Supporta una lunga durata in condizioni esterne esposte<\/p>\n<p data-start=\"801\" data-end=\"826\">Opzioni e personalizzazione<\/p>\n<p data-start=\"829\" data-end=\"883\">Dimensioni e forme jumbo su ordinazione in base alle specifiche del progetto<\/p>\n<p data-start=\"886\" data-end=\"950\">Bordi e raggi d'angolo lucidati e rettificati disponibili su richiesta<\/p>\n<p data-start=\"953\" data-end=\"1020\">Fori, tacche e ritagli CNC disponibili su richiesta per i raccordi<\/p>\n<p data-start=\"1023\" data-end=\"1086\">L'accoppiamento di lampade pronte per l'IGU e di rivestimenti\/tinte \u00e8 disponibile su richiesta.<\/p>\n<p data-start=\"1089\" data-end=\"1147\">Servizio OEM\/ODM e metodi di marcatura disponibili su richiesta<\/p>\n<p data-start=\"1150\" data-end=\"1221\">Supporto ai disegni e coordinamento dei disegni d'officina disponibili per le approvazioni<\/p>\n<p data-start=\"1225\" data-end=\"1416\">Applicazioni tipiche<br data-start=\"1245\" data-end=\"1248\" \/>Pannelli visivi unificati per facciate continue, moduli per pareti vetrate giganti, vetrate per atri, lucernari, pensiline, pareti di vetro con supporto ad alette, grandi vetrine, ponti di osservazione.<\/p>\n<p data-start=\"1420\" data-end=\"1717\">Fornitura e assistenza<br data-start=\"1436\" data-end=\"1439\" \/>La produzione in volumi Factory Direct consente di pianificare forniture in grandi quantit\u00e0 con tempi di consegna stabili. Il controllo qualit\u00e0 interno e la tracciabilit\u00e0 della qualit\u00e0 sono mantenuti attraverso il batching, con imballaggi per l'esportazione e imballaggi in casse disponibili per le spedizioni a lunga distanza. La conformit\u00e0 agli standard \u00e8 disponibile su richiesta.<\/p>","protected":false},"excerpt":{"rendered":"<p>Realizzato per vetrate di grande formato, il nostro vetro temperato impregnato di calore aggiunge un'ulteriore fase di lavorazione per contribuire a ridurre il rischio di rottura spontanea, mantenendo la resistenza della sicurezza temperata. Fornito in formati jumbo su ordinazione, \u00e8 ampiamente utilizzato per i pannelli di visione delle facciate continue unificate e per i lucernari.<\/p>","protected":false},"featured_media":1068,"template":"","meta":{"_gspb_post_css":""},"product_brand":[],"product_cat":[23],"product_tag":[66,575,64,571,572,157,573,115,76,113,574],"class_list":{"0":"post-1049","1":"product","2":"type-product","3":"status-publish","4":"has-post-thumbnail","6":"product_cat-heat-soaked-tempered-glass","7":"product_tag-bulk-supply","8":"product_tag-canopy-glass-panels","9":"product_tag-custom-size","10":"product_tag-factory-direct-jumbo-heat-soaked-tempered-glass","11":"product_tag-heat-soak-processing","12":"product_tag-heat-soaked-tempered-glass","13":"product_tag-igu-ready-jumbo-lite","14":"product_tag-polished-edgework","15":"product_tag-skylight-glazing","16":"product_tag-tempered-safety-glass","17":"product_tag-unitized-curtain-wall","19":"first","20":"instock","21":"shipping-taxable","22":"purchasable","23":"product-type-simple"},"_links":{"self":[{"href":"https:\/\/theinsulatedglass.com\/it\/wp-json\/wp\/v2\/product\/1049","targetHints":{"allow":["GET"]}}],"collection":[{"href":"https:\/\/theinsulatedglass.com\/it\/wp-json\/wp\/v2\/product"}],"about":[{"href":"https:\/\/theinsulatedglass.com\/it\/wp-json\/wp\/v2\/types\/product"}],"wp:featuredmedia":[{"embeddable":true,"href":"https:\/\/theinsulatedglass.com\/it\/wp-json\/wp\/v2\/media\/1068"}],"wp:attachment":[{"href":"https:\/\/theinsulatedglass.com\/it\/wp-json\/wp\/v2\/media?parent=1049"}],"wp:term":[{"taxonomy":"product_brand","embeddable":true,"href":"https:\/\/theinsulatedglass.com\/it\/wp-json\/wp\/v2\/product_brand?post=1049"},{"taxonomy":"product_cat","embeddable":true,"href":"https:\/\/theinsulatedglass.com\/it\/wp-json\/wp\/v2\/product_cat?post=1049"},{"taxonomy":"product_tag","embeddable":true,"href":"https:\/\/theinsulatedglass.com\/it\/wp-json\/wp\/v2\/product_tag?post=1049"}],"curies":[{"name":"wp","href":"https:\/\/api.w.org\/{rel}","templated":true}]}}