{"id":1074,"date":"2026-01-29T01:34:50","date_gmt":"2026-01-29T01:34:50","guid":{"rendered":"https:\/\/theinsulatedglass.com\/?post_type=product&#038;p=1074"},"modified":"2026-01-29T01:34:50","modified_gmt":"2026-01-29T01:34:50","slug":"custom-cut-bulk-supply-patterned-shower-glass","status":"publish","type":"product","link":"https:\/\/theinsulatedglass.com\/it\/custom-cut-bulk-supply-patterned-shower-glass\/","title":{"rendered":"Il vetro della doccia modellato del rifornimento alla rinfusa tagliato su misura"},"content":{"rendered":"<p data-start=\"58\" data-end=\"327\">Panoramica<br data-start=\"66\" data-end=\"69\" \/>Le texture a motivi conferiscono una raffinata finitura che diffonde la luce ai vetri delle docce, contribuendo a ridurre la visibilit\u00e0 diretta. Forniti come pannelli tagliati su misura, i vetri sono pronti per la lavorazione e l'installazione e hanno un aspetto uniforme per gli ordini ripetuti.<\/p>\n<p data-start=\"331\" data-end=\"654\">Caratteristiche principali<br data-start=\"343\" data-end=\"346\" \/>- Migliora la privacy con una diffusione della luce strutturata<br data-start=\"394\" data-end=\"397\" \/>- Evidenzia gli interni con una superficie uniforme e decorativa<br data-start=\"452\" data-end=\"455\" \/>- Supporta linee visive pulite grazie alla precisa finitura dei bordi<br data-start=\"513\" data-end=\"516\" \/>- Gestisce la pulizia di aree umide grazie a profili con motivi antimacchia<br data-start=\"583\" data-end=\"586\" \/>- Mantenere la prevedibilit\u00e0 delle produzioni con il controllo qualit\u00e0 interno e la tracciabilit\u00e0 dei lotti<\/p>\n<p data-start=\"658\" data-end=\"1077\">Opzioni e personalizzazione<br data-start=\"681\" data-end=\"684\" \/>- Dimensioni e forme su ordinazione da layout di progetto<br data-start=\"737\" data-end=\"740\" \/>- Selezioni di modelli e corrispondenza di orientamento disponibili su richiesta<br data-start=\"806\" data-end=\"809\" \/>- Costruzioni temperate o laminate opzionali per progetti orientati alla sicurezza<br data-start=\"879\" data-end=\"882\" \/>- Scelta dei bordi: arris, lucidi, smussati e angoli di sicurezza<br data-start=\"946\" data-end=\"949\" \/>- Sono disponibili ritagli\/fori per cerniere, maniglie, clip e canali.<br data-start=\"1015\" data-end=\"1018\" \/>- Servizio OEM\/ODM per programmi di marca e set di componenti<\/p>\n<p data-start=\"1081\" data-end=\"1314\">Applicazioni tipiche<br data-start=\"1101\" data-end=\"1104\" \/>Cabine doccia senza telaio, porte doccia a battente, porte doccia scorrevoli, pannelli doccia fissi, schermi per vasche da bagno, divisori per ambienti umidi, bagni per hotel, sale doccia per spa, docce per spogliatoi, ristrutturazioni residenziali.<\/p>\n<p data-start=\"1318\" data-end=\"1633\">Fornitura e assistenza<br data-start=\"1334\" data-end=\"1337\" \/>Fornitura di massa diretta dalla fabbrica con tempi di consegna stabili per gli sviluppi e le implementazioni in corso. Per proteggere i pannelli durante il trasporto \u00e8 disponibile l'imballo per l'esportazione con l'imballaggio in casse, mentre prima della produzione \u00e8 possibile coordinare il supporto per le specifiche e i disegni del progetto (disegni d'officina). La conformit\u00e0 agli standard \u00e8 disponibile su richiesta.<\/p>","protected":false},"excerpt":{"rendered":"<p>Migliorate la privacy e lo stile del bagno con il vetro per doccia tagliato su misura. La fornitura diretta in fabbrica di prodotti sfusi con tempi di consegna stabili lo rende ideale per le cabine doccia senza telaio di hotel, appartamenti e progetti di ristrutturazione.<\/p>","protected":false},"featured_media":1083,"template":"","meta":{"_gspb_post_css":""},"product_brand":[],"product_cat":[37],"product_tag":[580,215,609,64,97,611,140,115,612,85,309,610],"class_list":{"0":"post-1074","1":"product","2":"type-product","3":"status-publish","4":"has-post-thumbnail","6":"product_cat-patterned-glass","7":"product_tag-bathroom-partition-glass","8":"product_tag-cnc-glass-cutting","9":"product_tag-custom-cut-bulk-supply-patterned-shower-glass","10":"product_tag-custom-size","11":"product_tag-factory-direct","12":"product_tag-laminated-safety-glass-option","13":"product_tag-oem-service","14":"product_tag-polished-edgework","15":"product_tag-shower-door-inserts","16":"product_tag-shower-enclosure-glass","17":"product_tag-tempered-patterned-glass","18":"product_tag-textured-shower-glass-panels","20":"first","21":"instock","22":"shipping-taxable","23":"purchasable","24":"product-type-simple"},"_links":{"self":[{"href":"https:\/\/theinsulatedglass.com\/it\/wp-json\/wp\/v2\/product\/1074","targetHints":{"allow":["GET"]}}],"collection":[{"href":"https:\/\/theinsulatedglass.com\/it\/wp-json\/wp\/v2\/product"}],"about":[{"href":"https:\/\/theinsulatedglass.com\/it\/wp-json\/wp\/v2\/types\/product"}],"wp:featuredmedia":[{"embeddable":true,"href":"https:\/\/theinsulatedglass.com\/it\/wp-json\/wp\/v2\/media\/1083"}],"wp:attachment":[{"href":"https:\/\/theinsulatedglass.com\/it\/wp-json\/wp\/v2\/media?parent=1074"}],"wp:term":[{"taxonomy":"product_brand","embeddable":true,"href":"https:\/\/theinsulatedglass.com\/it\/wp-json\/wp\/v2\/product_brand?post=1074"},{"taxonomy":"product_cat","embeddable":true,"href":"https:\/\/theinsulatedglass.com\/it\/wp-json\/wp\/v2\/product_cat?post=1074"},{"taxonomy":"product_tag","embeddable":true,"href":"https:\/\/theinsulatedglass.com\/it\/wp-json\/wp\/v2\/product_tag?post=1074"}],"curies":[{"name":"wp","href":"https:\/\/api.w.org\/{rel}","templated":true}]}}