{"id":1076,"date":"2026-01-29T01:34:46","date_gmt":"2026-01-29T01:34:46","guid":{"rendered":"https:\/\/theinsulatedglass.com\/?post_type=product&#038;p=1076"},"modified":"2026-01-29T01:34:46","modified_gmt":"2026-01-29T01:34:46","slug":"custom-cut-wholesale-tinted-shower-screen-glass","status":"publish","type":"product","link":"https:\/\/theinsulatedglass.com\/it\/custom-cut-wholesale-tinted-shower-screen-glass\/","title":{"rendered":"Il vetro colorato dello schermo della doccia tagliato su ordinazione all'ingrosso"},"content":{"rendered":"<p data-start=\"52\" data-end=\"323\">Panoramica<br data-start=\"66\" data-end=\"69\" \/>Quando il vostro progetto richiede vetri colorati per doccia pronti per l'installazione, la nostra fornitura su misura consente di allineare le specifiche, i programmi e il lavoro in cantiere. Coordiniamo le dimensioni, i ritagli e i dettagli dei bordi per adattarli alla ferramenta dell'involucro e alle tolleranze in loco.<\/p>\n<p data-start=\"325\" data-end=\"339\">Caratteristiche principali<\/p>\n<ul data-start=\"340\" data-end=\"727\">\n<li data-start=\"340\" data-end=\"417\">\n<p data-start=\"342\" data-end=\"417\">Consegna di pannelli diretti in fabbrica per una selezione coerente di tinta e spessore<\/p>\n<\/li>\n<li data-start=\"418\" data-end=\"494\">\n<p data-start=\"420\" data-end=\"494\">Mantenere l'accuratezza dimensionale attraverso il controllo qualit\u00e0 interno e la tracciabilit\u00e0 dei lotti.<\/p>\n<\/li>\n<li data-start=\"495\" data-end=\"573\">\n<p data-start=\"497\" data-end=\"573\">Bordi rifiniti con lavorazione di sicurezza per supportare l'uso quotidiano del bagno<\/p>\n<\/li>\n<li data-start=\"574\" data-end=\"651\">\n<p data-start=\"576\" data-end=\"651\">Supporto alla pianificazione dei tempi di consegna stabili per gli ordini ripetuti e per la produzione di pi\u00f9 unit\u00e0.<\/p>\n<\/li>\n<li data-start=\"652\" data-end=\"727\">\n<p data-start=\"654\" data-end=\"727\">Proteggete i pezzi con un imballaggio in cassa pronto per l'esportazione per il transito internazionale<\/p>\n<\/li>\n<\/ul>\n<p data-start=\"729\" data-end=\"754\">Opzioni e personalizzazione<\/p>\n<ul data-start=\"755\" data-end=\"1124\">\n<li data-start=\"755\" data-end=\"833\">\n<p data-start=\"757\" data-end=\"833\">Forme tagliate su misura e su ordinazione, compresi intagli e angoli raggiati<\/p>\n<\/li>\n<li data-start=\"834\" data-end=\"900\">\n<p data-start=\"836\" data-end=\"900\">Foratura e ritagli di cerniere\/maniglie secondo modello o disegno<\/p>\n<\/li>\n<li data-start=\"901\" data-end=\"965\">\n<p data-start=\"903\" data-end=\"965\">Scelta di finiture per i bordi, come arris, cuciture o finiture lucide<\/p>\n<\/li>\n<li data-start=\"966\" data-end=\"1051\">\n<p data-start=\"968\" data-end=\"1051\">Opzioni di costruzione del vetro, come vetro di sicurezza temperato o stratificato, su richiesta.<\/p>\n<\/li>\n<li data-start=\"1052\" data-end=\"1124\">\n<p data-start=\"1054\" data-end=\"1124\">Marcatura del logo, etichettatura e set di confezionamento per la consegna stanza per stanza<\/p>\n<\/li>\n<\/ul>\n<p data-start=\"1126\" data-end=\"1343\">Applicazioni tipiche<br data-start=\"1146\" data-end=\"1149\" \/>Schermi per doccia senza telaio, porte per doccia a battente, porte per doccia scorrevoli, pannelli per docce walk-in, cabine per ambienti umidi, aggiornamenti per bagni di hotel, progetti di ristrutturazione residenziale, schermi per spogliatoi di centri benessere.<\/p>\n<p data-start=\"1345\" data-end=\"1571\">Fornitura e assistenza<br data-start=\"1361\" data-end=\"1364\" \/>Condividete il vostro schizzo o file CAD e noi vi forniremo un supporto per il disegno in officina prima della produzione. Per l'avvio di un progetto sono disponibili la produzione in serie e l'imballaggio di unit\u00e0 di produzione miste. La conformit\u00e0 agli standard \u00e8 disponibile su richiesta.<\/p>","protected":false},"excerpt":{"rendered":"<p>Vetro per doccia colorato su ordinazione, tagliato secondo i vostri disegni, con bordi lucidati, fori e etichettatura pulita per una rapida installazione. Un'opzione affidabile per le cabine doccia senza telaio di hotel, appartamenti e ristrutturazioni di bagni residenziali in cui \u00e8 importante che la tinta e l'adattamento siano coerenti.<\/p>","protected":false},"featured_media":1092,"template":"","meta":{"_gspb_post_css":""},"product_brand":[],"product_cat":[40],"product_tag":[605,66,600,64,601,603,97,604,602,85,388],"class_list":{"0":"post-1076","1":"product","2":"type-product","3":"status-publish","4":"has-post-thumbnail","6":"product_cat-project-application-glass","7":"product_tag-bathroom-partition-panel","8":"product_tag-bulk-supply","9":"product_tag-custom-cut-wholesale-tinted-shower-screen-glass","10":"product_tag-custom-size","11":"product_tag-cut-to-size-shower-glass","12":"product_tag-drilled-holes-cutouts","13":"product_tag-factory-direct","14":"product_tag-frameless-shower-screen","15":"product_tag-polished-edge-glass-panel","16":"product_tag-shower-enclosure-glass","17":"product_tag-tinted-tempered-glass","19":"first","20":"instock","21":"shipping-taxable","22":"purchasable","23":"product-type-simple"},"_links":{"self":[{"href":"https:\/\/theinsulatedglass.com\/it\/wp-json\/wp\/v2\/product\/1076","targetHints":{"allow":["GET"]}}],"collection":[{"href":"https:\/\/theinsulatedglass.com\/it\/wp-json\/wp\/v2\/product"}],"about":[{"href":"https:\/\/theinsulatedglass.com\/it\/wp-json\/wp\/v2\/types\/product"}],"wp:featuredmedia":[{"embeddable":true,"href":"https:\/\/theinsulatedglass.com\/it\/wp-json\/wp\/v2\/media\/1092"}],"wp:attachment":[{"href":"https:\/\/theinsulatedglass.com\/it\/wp-json\/wp\/v2\/media?parent=1076"}],"wp:term":[{"taxonomy":"product_brand","embeddable":true,"href":"https:\/\/theinsulatedglass.com\/it\/wp-json\/wp\/v2\/product_brand?post=1076"},{"taxonomy":"product_cat","embeddable":true,"href":"https:\/\/theinsulatedglass.com\/it\/wp-json\/wp\/v2\/product_cat?post=1076"},{"taxonomy":"product_tag","embeddable":true,"href":"https:\/\/theinsulatedglass.com\/it\/wp-json\/wp\/v2\/product_tag?post=1076"}],"curies":[{"name":"wp","href":"https:\/\/api.w.org\/{rel}","templated":true}]}}