{"id":1077,"date":"2026-01-29T01:34:39","date_gmt":"2026-01-29T01:34:39","guid":{"rendered":"https:\/\/theinsulatedglass.com\/?post_type=product&#038;p=1077"},"modified":"2026-01-29T01:34:39","modified_gmt":"2026-01-29T01:34:39","slug":"supply-custom-size-anti-reflective-coated-glass","status":"publish","type":"product","link":"https:\/\/theinsulatedglass.com\/it\/supply-custom-size-anti-reflective-coated-glass\/","title":{"rendered":"Fornitura di vetro rivestito antiriflesso di dimensioni personalizzate"},"content":{"rendered":"<p data-start=\"60\" data-end=\"348\">Panoramica<br data-start=\"68\" data-end=\"71\" \/>Quando i riflessi interferiscono con la visione critica, il vetro con rivestimento antiriflesso (AR) offre una visuale pi\u00f9 chiara, mantenendo la struttura del vetro affidabile per un uso a lungo termine. I rivestimenti vengono applicati su substrati pronti per il progetto, adatti alle installazioni architettoniche e industriali.<\/p>\n<p data-start=\"352\" data-end=\"747\">Caratteristiche principali<br data-start=\"364\" data-end=\"367\" \/>- Riduce l'abbagliamento della superficie per un controllo visivo pi\u00f9 affidabile in ambienti luminosi<br data-start=\"442\" data-end=\"445\" \/>- Conserva un'elevata trasmissione visibile per colori e dettagli pi\u00f9 fedeli.<br data-start=\"509\" data-end=\"512\" \/>- Si integra con le vetrate di sicurezza se specificato su basi temperate o laminate<br data-start=\"590\" data-end=\"593\" \/>- Resiste alla pulizia di routine grazie a un rivestimento ingegnerizzato e durevole.<br data-start=\"667\" data-end=\"670\" \/>- Riduce le immagini fantasma e le immagini doppie su vetri pi\u00f9 spessi o multistrato<\/p>\n<p data-start=\"751\" data-end=\"1133\">Opzioni e personalizzazione<br data-start=\"774\" data-end=\"777\" \/>- Dimensioni e forme su misura a partire da specifiche di progetto, CAD o modelli.<br data-start=\"851\" data-end=\"854\" \/>- Rivestimento AR su uno o due lati disponibile su richiesta<br data-start=\"910\" data-end=\"913\" \/>- Opzioni di substrato: trasparente, opzione a basso contenuto di ferro, temperato, laminato o predisposto per IGU<br data-start=\"991\" data-end=\"994\" \/>- Lavorazione dei bordi, finitura degli angoli, fori e ritagli CNC come richiesto.<br data-start=\"1058\" data-end=\"1061\" \/>- Corrispondenza dell'aspetto tramite campioni e guida alla manipolazione per gli installatori<\/p>\n<p data-start=\"1137\" data-end=\"1347\">Applicazioni tipiche<br data-start=\"1157\" data-end=\"1160\" \/>Vetrine per musei, vetrine per la vendita al dettaglio, finestre per sale di controllo, pannelli per la visione di apparecchiature, vetrine per la protezione di macchine, pannelli per la visione di vetrine di negozi, vetro di copertura per strumenti, alloggiamenti per telecamere\/sensori<\/p>\n<p data-start=\"1351\" data-end=\"1637\">Fornitura e assistenza<br data-start=\"1367\" data-end=\"1370\" \/>La fornitura diretta in fabbrica con controllo qualit\u00e0 interno e tracciabilit\u00e0 della qualit\u00e0 supporta la fornitura di prodotti sfusi con tempi di consegna stabili. Sono disponibili imballaggi per l'esportazione e imballaggi in casse, e pu\u00f2 essere fornito supporto per il disegno \/ coordinamento del disegno di officina; la conformit\u00e0 agli standard \u00e8 disponibile su richiesta.<\/p>","protected":false},"excerpt":{"rendered":"<p>Il vetro con rivestimento antiriflesso viene fornito in dimensioni personalizzate per ridurre l'abbagliamento e migliorare la chiarezza della visione senza compromettere la robustezza del vetro. Ideale per le vetrine dei musei, dove i riflessi possono nascondere i dettagli pi\u00f9 fini sotto l'illuminazione spot.<\/p>","protected":false},"featured_media":1098,"template":"","meta":{"_gspb_post_css":""},"product_brand":[],"product_cat":[28],"product_tag":[595,66,597,594,598,97,293,81,599,596,61],"class_list":{"0":"post-1077","1":"product","2":"type-product","3":"status-publish","4":"has-post-thumbnail","6":"product_cat-coated-glass","7":"product_tag-ar-coated-glass-panel","8":"product_tag-bulk-supply","9":"product_tag-control-room-window-glass","10":"product_tag-custom-size-anti-reflective-coated-glass","11":"product_tag-equipment-viewing-panel","12":"product_tag-factory-direct","13":"product_tag-igu-ready-glass","14":"product_tag-laminated-glass-option","15":"product_tag-low-iron-glass-option","16":"product_tag-museum-display-glazing","17":"product_tag-tempered-glass-option","19":"first","20":"instock","21":"shipping-taxable","22":"purchasable","23":"product-type-simple"},"_links":{"self":[{"href":"https:\/\/theinsulatedglass.com\/it\/wp-json\/wp\/v2\/product\/1077","targetHints":{"allow":["GET"]}}],"collection":[{"href":"https:\/\/theinsulatedglass.com\/it\/wp-json\/wp\/v2\/product"}],"about":[{"href":"https:\/\/theinsulatedglass.com\/it\/wp-json\/wp\/v2\/types\/product"}],"wp:featuredmedia":[{"embeddable":true,"href":"https:\/\/theinsulatedglass.com\/it\/wp-json\/wp\/v2\/media\/1098"}],"wp:attachment":[{"href":"https:\/\/theinsulatedglass.com\/it\/wp-json\/wp\/v2\/media?parent=1077"}],"wp:term":[{"taxonomy":"product_brand","embeddable":true,"href":"https:\/\/theinsulatedglass.com\/it\/wp-json\/wp\/v2\/product_brand?post=1077"},{"taxonomy":"product_cat","embeddable":true,"href":"https:\/\/theinsulatedglass.com\/it\/wp-json\/wp\/v2\/product_cat?post=1077"},{"taxonomy":"product_tag","embeddable":true,"href":"https:\/\/theinsulatedglass.com\/it\/wp-json\/wp\/v2\/product_tag?post=1077"}],"curies":[{"name":"wp","href":"https:\/\/api.w.org\/{rel}","templated":true}]}}