{"id":1134,"date":"2026-01-29T02:34:32","date_gmt":"2026-01-29T02:34:32","guid":{"rendered":"https:\/\/theinsulatedglass.com\/?post_type=product&#038;p=1134"},"modified":"2026-01-29T02:34:32","modified_gmt":"2026-01-29T02:34:32","slug":"polished-edge-factory-direct-flat-tempered-glass-2","status":"publish","type":"product","link":"https:\/\/theinsulatedglass.com\/it\/polished-edge-factory-direct-flat-tempered-glass-2\/","title":{"rendered":"Vetro temperato piano diretto dalla fabbrica del bordo lucido"},"content":{"rendered":"<p data-start=\"63\" data-end=\"407\">Panoramica<br data-start=\"71\" data-end=\"74\" \/>La finitura di precisione inizia dal bordo: Il vetro temperato piatto Polished Edge Factory Direct \u00e8 prodotto con un taglio controllato e un perimetro liscio e lucido per una manipolazione sicura e installazioni pulite a vista. Il processo di tempra piatta garantisce una resistenza affidabile agli urti quotidiani, mantenendo i pannelli dimensionalmente stabili per l'assemblaggio.<\/p>\n<p data-start=\"411\" data-end=\"425\">Caratteristiche principali<\/p>\n<p data-start=\"428\" data-end=\"503\">Offre un bordo lucido dall'aspetto raffinato e liscio al tatto<\/p>\n<p data-start=\"506\" data-end=\"579\">Mantiene le prestazioni di sicurezza temperate per una maggiore resistenza alla rottura<\/p>\n<p data-start=\"582\" data-end=\"648\">Supporta l'accoppiamento stretto controllando l'ortogonalit\u00e0 e la qualit\u00e0 dei bordi<\/p>\n<p data-start=\"651\" data-end=\"722\">Riduce il rischio di scheggiature grazie a fasi di levigatura e lucidatura costanti<\/p>\n<p data-start=\"725\" data-end=\"791\">Semplifica la fabbricazione a valle grazie alla fornitura di liti piatte e pulite<\/p>\n<p data-start=\"795\" data-end=\"820\">Opzioni e personalizzazione<\/p>\n<p data-start=\"823\" data-end=\"877\">Dimensioni personalizzate e taglio su ordinazione in base al vostro layout<\/p>\n<p data-start=\"880\" data-end=\"950\">Foratura, intagli e profilatura CNC disponibili secondo le specifiche del progetto<\/p>\n<p data-start=\"953\" data-end=\"1033\">Selezione dei bordi, compresi quelli a matita, piatti e levigati o smussati, su richiesta.<\/p>\n<p data-start=\"1036\" data-end=\"1114\">Sono disponibili substrati trasparenti o colorati; i trattamenti superficiali vengono esaminati caso per caso<\/p>\n<p data-start=\"1117\" data-end=\"1187\">Supporto ai disegni di officina e ai disegni per l'approvazione e il rilascio della produzione<\/p>\n<p data-start=\"1191\" data-end=\"1344\">Applicazioni tipiche<br data-start=\"1211\" data-end=\"1214\" \/>Porte per doccia, pareti divisorie senza telaio, ripiani in vetro, piani di tavoli, vetrine, pannelli per elettrodomestici, porte interne, coperture di protezione<\/p>\n<p data-start=\"1348\" data-end=\"1602\">Fornitura e assistenza<br data-start=\"1364\" data-end=\"1367\" \/>Fornitura diretta in fabbrica con tempi di consegna rapidi per programmi ripetuti e programmi di costruzione urgenti. Controllo qualit\u00e0 interno con tracciabilit\u00e0 della qualit\u00e0 e imballaggio per l'esportazione\/confezionamento in casse per una consegna pi\u00f9 sicura. Conformit\u00e0 agli standard disponibile su richiesta.<\/p>","protected":false},"excerpt":{"rendered":"<p>Con un perimetro levigato e una tempra piatta, questo vetro \u00e8 pronto per le installazioni con bordi a vista dove l'aspetto e la sicurezza sono importanti. Tra gli usi pi\u00f9 comuni vi sono le cabine doccia e le coperture per tavoli in progetti commerciali e residenziali, che richiedono dimensioni precise e un tocco morbido.<\/p>","protected":false},"featured_media":1146,"template":"","meta":{"_gspb_post_css":""},"product_brand":[],"product_cat":[20],"product_tag":[215,64,663,97,666,224,665,192,485,53,246,664],"class_list":{"0":"post-1134","1":"product","2":"type-product","3":"status-publish","4":"has-post-thumbnail","6":"product_cat-flat-tempered-glass","7":"product_tag-cnc-glass-cutting","8":"product_tag-custom-size","9":"product_tag-drilled-holes-tempered-glass","10":"product_tag-factory-direct","11":"product_tag-fast-lead-time","12":"product_tag-flat-tempered-glass","13":"product_tag-glass-shelving","14":"product_tag-interior-partition-glass","15":"product_tag-polished-edge-factory-direct-flat-tempered-glass","16":"product_tag-polished-edge-glass","17":"product_tag-shower-door-glass","18":"product_tag-tabletop-glass-panel","20":"first","21":"instock","22":"shipping-taxable","23":"purchasable","24":"product-type-simple"},"_links":{"self":[{"href":"https:\/\/theinsulatedglass.com\/it\/wp-json\/wp\/v2\/product\/1134","targetHints":{"allow":["GET"]}}],"collection":[{"href":"https:\/\/theinsulatedglass.com\/it\/wp-json\/wp\/v2\/product"}],"about":[{"href":"https:\/\/theinsulatedglass.com\/it\/wp-json\/wp\/v2\/types\/product"}],"wp:featuredmedia":[{"embeddable":true,"href":"https:\/\/theinsulatedglass.com\/it\/wp-json\/wp\/v2\/media\/1146"}],"wp:attachment":[{"href":"https:\/\/theinsulatedglass.com\/it\/wp-json\/wp\/v2\/media?parent=1134"}],"wp:term":[{"taxonomy":"product_brand","embeddable":true,"href":"https:\/\/theinsulatedglass.com\/it\/wp-json\/wp\/v2\/product_brand?post=1134"},{"taxonomy":"product_cat","embeddable":true,"href":"https:\/\/theinsulatedglass.com\/it\/wp-json\/wp\/v2\/product_cat?post=1134"},{"taxonomy":"product_tag","embeddable":true,"href":"https:\/\/theinsulatedglass.com\/it\/wp-json\/wp\/v2\/product_tag?post=1134"}],"curies":[{"name":"wp","href":"https:\/\/api.w.org\/{rel}","templated":true}]}}