{"id":1136,"date":"2026-01-29T02:34:26","date_gmt":"2026-01-29T02:34:26","guid":{"rendered":"https:\/\/theinsulatedglass.com\/?post_type=product&#038;p=1136"},"modified":"2026-01-29T02:34:26","modified_gmt":"2026-01-29T02:34:26","slug":"interlayer-options-bulk-clear-and-useful-laminated-glass","status":"publish","type":"product","link":"https:\/\/theinsulatedglass.com\/it\/interlayer-options-bulk-clear-and-useful-laminated-glass\/","title":{"rendered":"Opzioni di intercalazione Vetro stratificato sfuso chiaro e utile"},"content":{"rendered":"<p data-start=\"69\" data-end=\"355\">Panoramica<br data-start=\"77\" data-end=\"80\" \/>Abbagliamento, eco e problemi di sicurezza sono spesso presenti in interni affollati: il vetro stratificato trasparente aiuta a risolvere tutti e tre questi problemi. Unendo due lastre con un interstrato selezionabile, il pannello rimane pi\u00f9 stabile dopo l'impatto e pu\u00f2 essere regolato per ottenere una sensazione acustica pi\u00f9 tranquilla negli spazi occupati.<\/p>\n<p data-start=\"359\" data-end=\"759\">Caratteristiche principali<br data-start=\"371\" data-end=\"374\" \/>- Smorza la trasmissione del rumore percepito quando viene specificato un interstrato di grado acustico<br data-start=\"458\" data-end=\"461\" \/>- Mantengono insieme i frammenti dopo la rottura per una maggiore sicurezza degli occupanti<br data-start=\"530\" data-end=\"533\" \/>- Filtrare i raggi UV per contribuire a rallentare lo sbiadimento delle finiture interne in prossimit\u00e0 delle vetrate<br data-start=\"598\" data-end=\"601\" \/>- Mantenere l'aspetto chiaro per una visuale aperta e una distribuzione della luce diurna.<br data-start=\"674\" data-end=\"677\" \/>- Supporta le strategie di privacy quando \u00e8 abbinato a pellicole, stampe o strati a motivi.<\/p>\n<p data-start=\"763\" data-end=\"1175\">Opzioni e personalizzazione<br data-start=\"786\" data-end=\"789\" \/>- Dimensioni personalizzate \/ Pannelli su ordinazione a partire dalle specifiche del progetto o da un campione<br data-start=\"858\" data-end=\"861\" \/>- Strato intermedio disponibile su richiesta: PVB trasparente standard, PVB acustico, strato intermedio strutturale.<br data-start=\"959\" data-end=\"962\" \/>- Costruzioni con vetri trasparenti, a basso contenuto di ferro o colorati, a seconda delle necessit\u00e0.<br data-start=\"1023\" data-end=\"1026\" \/>- \u00c8 possibile fornire bordi, ritagli e fori per staffe e raccordi.<br data-start=\"1098\" data-end=\"1101\" \/>- Lastre laminate pronte per l'IGU e set coordinati per assemblaggi multipannello<\/p>\n<p data-start=\"1179\" data-end=\"1358\">Applicazioni tipiche<br data-start=\"1199\" data-end=\"1202\" \/>Pareti divisorie per uffici, pareti di sale riunioni, schermi per hall di alberghi, vetrate di balconi residenziali, vetrine di negozi, porte interne, balaustre di scale, atrii di ascensori<\/p>\n<p data-start=\"1362\" data-end=\"1644\">Fornitura e assistenza<br data-start=\"1378\" data-end=\"1381\" \/>La produzione in serie diretta dalla fabbrica supporta la fornitura di grandi quantit\u00e0 con tempi di consegna stabili. Si applicano il controllo qualit\u00e0 interno e la tracciabilit\u00e0 della qualit\u00e0, con possibilit\u00e0 di imballaggio per l'esportazione\/confezionamento in casse; \u00e8 possibile fornire il coordinamento dei disegni di officina. La conformit\u00e0 alle norme \u00e8 disponibile su richiesta.<\/p>","protected":false},"excerpt":{"rendered":"<p>Il vetro stratificato trasparente con opzioni di intercalazione viene fornito in dimensioni su misura per bilanciare il mantenimento della sicurezza con un migliore comfort acustico. Una scelta comune per le pareti divisorie degli uffici e le vetrate delle sale riunioni, dove la resistenza agli urti e i livelli sonori pi\u00f9 bassi contribuiscono a creare uno spazio di lavoro pi\u00f9 confortevole.<\/p>","protected":false},"featured_media":1160,"template":"","meta":{"_gspb_post_css":""},"product_brand":[],"product_cat":[30],"product_tag":[656,66,64,97,658,655,68,657,136,69,659],"class_list":{"0":"post-1136","1":"product","2":"type-product","3":"status-publish","4":"has-post-thumbnail","6":"product_cat-laminated-glass","7":"product_tag-acoustic-interlayer-glass","8":"product_tag-bulk-supply","9":"product_tag-custom-size","10":"product_tag-factory-direct","11":"product_tag-hotel-lobby-glass-screen","12":"product_tag-interlayer-options-bulk-clear-and-useful-laminated-glass","13":"product_tag-laminated-safety-glass","14":"product_tag-meeting-room-wall-glazing","15":"product_tag-office-partition-glass","16":"product_tag-pvb-interlayer","17":"product_tag-window-laminated-glass","19":"first","20":"instock","21":"shipping-taxable","22":"purchasable","23":"product-type-simple"},"_links":{"self":[{"href":"https:\/\/theinsulatedglass.com\/it\/wp-json\/wp\/v2\/product\/1136","targetHints":{"allow":["GET"]}}],"collection":[{"href":"https:\/\/theinsulatedglass.com\/it\/wp-json\/wp\/v2\/product"}],"about":[{"href":"https:\/\/theinsulatedglass.com\/it\/wp-json\/wp\/v2\/types\/product"}],"wp:featuredmedia":[{"embeddable":true,"href":"https:\/\/theinsulatedglass.com\/it\/wp-json\/wp\/v2\/media\/1160"}],"wp:attachment":[{"href":"https:\/\/theinsulatedglass.com\/it\/wp-json\/wp\/v2\/media?parent=1136"}],"wp:term":[{"taxonomy":"product_brand","embeddable":true,"href":"https:\/\/theinsulatedglass.com\/it\/wp-json\/wp\/v2\/product_brand?post=1136"},{"taxonomy":"product_cat","embeddable":true,"href":"https:\/\/theinsulatedglass.com\/it\/wp-json\/wp\/v2\/product_cat?post=1136"},{"taxonomy":"product_tag","embeddable":true,"href":"https:\/\/theinsulatedglass.com\/it\/wp-json\/wp\/v2\/product_tag?post=1136"}],"curies":[{"name":"wp","href":"https:\/\/api.w.org\/{rel}","templated":true}]}}