{"id":1163,"date":"2026-01-29T03:10:04","date_gmt":"2026-01-29T03:10:04","guid":{"rendered":"https:\/\/theinsulatedglass.com\/?post_type=product&#038;p=1163"},"modified":"2026-01-29T03:10:04","modified_gmt":"2026-01-29T03:10:04","slug":"wholesale-custom-size-warm-edge-energy-saving-glass","status":"publish","type":"product","link":"https:\/\/theinsulatedglass.com\/it\/wholesale-custom-size-warm-edge-energy-saving-glass\/","title":{"rendered":"all'ingrosso Dimensione personalizzata Bordo caldo Vetro a risparmio energetico"},"content":{"rendered":"<p data-start=\"64\" data-end=\"407\">Panoramica<br data-start=\"72\" data-end=\"75\" \/>Il vetro a risparmio energetico Warm Edge \u00e8 stato progettato per avere un aspetto raffinato lungo il perimetro e per migliorare il comfort interno. Costruito come un'unit\u00e0 di vetro isolante (IGU) con un concetto di distanziatore a bassa conduttivit\u00e0, aiuta a ridurre il trasferimento di calore legato al bordo senza modificare l'aspetto visibile della vetrata.<\/p>\n<p data-start=\"411\" data-end=\"827\">Caratteristiche principali<br data-start=\"423\" data-end=\"426\" \/>- Perfezionare la zona dei bordi riducendo al minimo gli effetti di \u201cbordo freddo\u201d sul lato interno.<br data-start=\"502\" data-end=\"505\" \/>- Mantenere una grafica chiara e neutra, adatta a facciate e interni moderni.<br data-start=\"580\" data-end=\"583\" \/>- Supporto di una geometria stabile delle IGU con sigillatura controllata e preparazione dei bordi<br data-start=\"657\" data-end=\"660\" \/>- Migliorare il comfort dell'utente in prossimit\u00e0 delle finestre moderando le oscillazioni di temperatura perimetrali<br data-start=\"738\" data-end=\"741\" \/>- Si abbinano bene alle configurazioni Low-E opzionali quando le esigenze del progetto lo richiedono<\/p>\n<p data-start=\"831\" data-end=\"1306\">Opzioni e personalizzazione<br data-start=\"854\" data-end=\"857\" \/>- Dimensioni personalizzate \/ IGU su ordinazione secondo le specifiche del progetto, gli schizzi o la revisione dei disegni di officina<br data-start=\"942\" data-end=\"945\" \/>- Colori e profili dei distanziatori a bordo caldo disponibili su richiesta per l'abbinamento estetico<br data-start=\"1028\" data-end=\"1031\" \/>- Scelte di vetri: trasparenti, a basso contenuto di ferro, colorati o stratificati\/temperati, a seconda delle necessit\u00e0.<br data-start=\"1123\" data-end=\"1126\" \/>- Pacchetti di riempimento del gas e di prestazioni offerti su richiesta per soddisfare le esigenze climatiche e di progettazione.<br data-start=\"1214\" data-end=\"1217\" \/>- Zone di eliminazione dei bordi, integrazione di inglesine\/barre e forme speciali sono disponibili su richiesta.<\/p>\n<p data-start=\"1310\" data-end=\"1492\">Applicazioni tipiche<br data-start=\"1330\" data-end=\"1333\" \/>Finestre residenziali, vetrate per portefinestre, pannelli di visione per facciate continue, sistemi per vetrine, lucernari, solarium, finestre per camere d'albergo, aggiornamenti di facciate per uffici<\/p>\n<p data-start=\"1496\" data-end=\"1788\">Fornitura e assistenza<br data-start=\"1512\" data-end=\"1515\" \/>La fornitura diretta in fabbrica supporta i programmi di vendita all'ingrosso con tempi di consegna stabili e confezioni costanti. Il controllo qualit\u00e0 interno con tracciabilit\u00e0 della qualit\u00e0 \u00e8 applicato e l'imballaggio per l'esportazione \/ l'imballaggio in casse pu\u00f2 essere organizzato per la spedizione a lunga distanza; la conformit\u00e0 agli standard \u00e8 disponibile su richiesta.<\/p>","protected":false},"excerpt":{"rendered":"<p>Il vetro a risparmio energetico Warm edge \u00e8 costruito per mantenere un aspetto nitido dei bordi, migliorando al contempo il comfort termico grazie alla riduzione della perdita di calore perimetrale in una struttura IGU. Fornito in dimensioni personalizzate, \u00e8 ampiamente utilizzato per le finestre residenziali dove il rischio di condensa sul bordo e l'efficienza sono importanti.<\/p>","protected":false},"featured_media":1184,"template":"","meta":{"_gspb_post_css":""},"product_brand":[],"product_cat":[24],"product_tag":[684,62,685,93,267,541,687,683,688,682,686],"class_list":{"0":"post-1163","1":"product","2":"type-product","3":"status-publish","4":"has-post-thumbnail","6":"product_cat-architectural-energy-saving-glass","7":"product_tag-argon-fill-option","8":"product_tag-curtain-wall-glazing","9":"product_tag-custom-size-igu","10":"product_tag-factory-direct-supply","11":"product_tag-insulated-glass-unit-igu","12":"product_tag-low-e-option","13":"product_tag-storefront-window-igu","14":"product_tag-warm-edge-spacer-igu","15":"product_tag-wholesale-bulk-supply","16":"product_tag-wholesale-custom-size-warm-edge-energy-saving-glass","17":"product_tag-window-energy-saving-glass","19":"first","20":"instock","21":"shipping-taxable","22":"purchasable","23":"product-type-simple"},"_links":{"self":[{"href":"https:\/\/theinsulatedglass.com\/it\/wp-json\/wp\/v2\/product\/1163","targetHints":{"allow":["GET"]}}],"collection":[{"href":"https:\/\/theinsulatedglass.com\/it\/wp-json\/wp\/v2\/product"}],"about":[{"href":"https:\/\/theinsulatedglass.com\/it\/wp-json\/wp\/v2\/types\/product"}],"wp:featuredmedia":[{"embeddable":true,"href":"https:\/\/theinsulatedglass.com\/it\/wp-json\/wp\/v2\/media\/1184"}],"wp:attachment":[{"href":"https:\/\/theinsulatedglass.com\/it\/wp-json\/wp\/v2\/media?parent=1163"}],"wp:term":[{"taxonomy":"product_brand","embeddable":true,"href":"https:\/\/theinsulatedglass.com\/it\/wp-json\/wp\/v2\/product_brand?post=1163"},{"taxonomy":"product_cat","embeddable":true,"href":"https:\/\/theinsulatedglass.com\/it\/wp-json\/wp\/v2\/product_cat?post=1163"},{"taxonomy":"product_tag","embeddable":true,"href":"https:\/\/theinsulatedglass.com\/it\/wp-json\/wp\/v2\/product_tag?post=1163"}],"curies":[{"name":"wp","href":"https:\/\/api.w.org\/{rel}","templated":true}]}}