{"id":1165,"date":"2026-01-29T03:09:48","date_gmt":"2026-01-29T03:09:48","guid":{"rendered":"https:\/\/theinsulatedglass.com\/?post_type=product&#038;p=1165"},"modified":"2026-01-29T03:09:48","modified_gmt":"2026-01-29T03:09:48","slug":"project-spec-bulk-supply-useful-tinted-tempered-glass","status":"publish","type":"product","link":"https:\/\/theinsulatedglass.com\/it\/project-spec-bulk-supply-useful-tinted-tempered-glass\/","title":{"rendered":"Progetto Spec fornitura all'ingrosso di vetro temperato colorato utile"},"content":{"rendered":"<p data-start=\"66\" data-end=\"370\">Panoramica<br data-start=\"74\" data-end=\"77\" \/>Progettato per i dettagli edilizi pi\u00f9 impegnativi, il vetro temperato colorato offre una maggiore resistenza e un comportamento alla rottura pi\u00f9 sicuro per l'esposizione quotidiana agli urti. La colorazione integrata favorisce il controllo visivo e l'uniformit\u00e0 di aspetto tra i vari prospetti, mantenendo il pannello pratico per le vetrate strutturali.<\/p>\n<p data-start=\"374\" data-end=\"764\">Caratteristiche principali<br data-start=\"386\" data-end=\"389\" \/>- Rafforzamento della durata grazie a un processo di tempra completa per una maggiore tolleranza agli urti<br data-start=\"472\" data-end=\"475\" \/>- Fornisce un comportamento di frammentazione pi\u00f9 sicuro rispetto al vetro ricotto<br data-start=\"542\" data-end=\"545\" \/>- Migliorano il comfort visivo moderando la luminosit\u00e0 e le linee di vista dirette.<br data-start=\"616\" data-end=\"619\" \/>- Mantenere un'estetica uniforme utilizzando substrati di vetro colorati in carrozzeria<br data-start=\"683\" data-end=\"686\" \/>- Supporto per un'installazione affidabile con bordi ben rifiniti e geometria stabile<\/p>\n<p data-start=\"768\" data-end=\"1161\">Opzioni e personalizzazione<br data-start=\"791\" data-end=\"794\" \/>- Taglio di dimensioni personalizzate in base ai requisiti specifici del progetto<br data-start=\"850\" data-end=\"853\" \/>- Opzioni di tonalit\u00e0 (ad esempio, grigio\/bronzo\/verde\/blu) disponibili su richiesta.<br data-start=\"920\" data-end=\"923\" \/>- Scelte di finitura dei bordi: aggraffati, arrissati, lucidati, angoli di sicurezza<br data-start=\"991\" data-end=\"994\" \/>- Fori, tacche e ritagli CNC in dotazione per il montaggio a punto o con ferramenta<br data-start=\"1071\" data-end=\"1074\" \/>- Set Made-to-Order con parti corrispondenti e disegni di officina\/supporto alla progettazione, se necessario.<\/p>\n<p data-start=\"1165\" data-end=\"1336\">Applicazioni tipiche<br data-start=\"1185\" data-end=\"1188\" \/>Balaustre in vetro, pannelli per pensiline, aree di visione per facciate continue, vetrate per vetrine, porte d'ingresso, protezioni per scale, schermi esterni, partizioni interne.<\/p>\n<p data-start=\"1340\" data-end=\"1631\">Fornitura e assistenza<br data-start=\"1356\" data-end=\"1359\" \/>La produzione di volumi diretta in fabbrica supporta la fornitura di grandi quantit\u00e0 con tempi di consegna rapidi per i progetti ripetuti. Il controllo di qualit\u00e0 interno viene applicato per garantire la coerenza della spedizione, mentre l'imballaggio per l'esportazione\/il confezionamento in casse viene organizzato per adattarsi alla gestione e alla logistica del sito. La conformit\u00e0 agli standard \u00e8 disponibile su richiesta.<\/p>","protected":false},"excerpt":{"rendered":"<p>Il vetro temperato colorato combina una maggiore resistenza con un comportamento pi\u00f9 sicuro alla rottura, aggiungendo un sottile controllo visivo grazie alla colorazione integrata. Fornito per le specifiche del progetto in lotti stabili, \u00e8 comunemente usato per balaustre e pannelli di vetro dove la durata e l'aspetto sono importanti.<\/p>","protected":false},"featured_media":1198,"template":"","meta":{"_gspb_post_css":""},"product_brand":[],"product_cat":[36],"product_tag":[676,66,677,295,62,64,493,97,365,674,675,388],"class_list":{"0":"post-1165","1":"product","2":"type-product","3":"status-publish","4":"has-post-thumbnail","6":"product_cat-tinted-glass","7":"product_tag-body-tinted-glass","8":"product_tag-bulk-supply","9":"product_tag-canopy-glass","10":"product_tag-cnc-cutouts","11":"product_tag-curtain-wall-glazing","12":"product_tag-custom-size","13":"product_tag-edge-polishing","14":"product_tag-factory-direct","15":"product_tag-glass-balustrade","16":"product_tag-project-spec-bulk-supply-useful-tinted-tempered-glass","17":"product_tag-tempered-safety-glass-panel","18":"product_tag-tinted-tempered-glass","20":"first","21":"instock","22":"shipping-taxable","23":"purchasable","24":"product-type-simple"},"_links":{"self":[{"href":"https:\/\/theinsulatedglass.com\/it\/wp-json\/wp\/v2\/product\/1165","targetHints":{"allow":["GET"]}}],"collection":[{"href":"https:\/\/theinsulatedglass.com\/it\/wp-json\/wp\/v2\/product"}],"about":[{"href":"https:\/\/theinsulatedglass.com\/it\/wp-json\/wp\/v2\/types\/product"}],"wp:featuredmedia":[{"embeddable":true,"href":"https:\/\/theinsulatedglass.com\/it\/wp-json\/wp\/v2\/media\/1198"}],"wp:attachment":[{"href":"https:\/\/theinsulatedglass.com\/it\/wp-json\/wp\/v2\/media?parent=1165"}],"wp:term":[{"taxonomy":"product_brand","embeddable":true,"href":"https:\/\/theinsulatedglass.com\/it\/wp-json\/wp\/v2\/product_brand?post=1165"},{"taxonomy":"product_cat","embeddable":true,"href":"https:\/\/theinsulatedglass.com\/it\/wp-json\/wp\/v2\/product_cat?post=1165"},{"taxonomy":"product_tag","embeddable":true,"href":"https:\/\/theinsulatedglass.com\/it\/wp-json\/wp\/v2\/product_tag?post=1165"}],"curies":[{"name":"wp","href":"https:\/\/api.w.org\/{rel}","templated":true}]}}