{"id":1201,"date":"2026-01-29T03:32:55","date_gmt":"2026-01-29T03:32:55","guid":{"rendered":"https:\/\/theinsulatedglass.com\/?post_type=product&#038;p=1201"},"modified":"2026-01-29T03:32:55","modified_gmt":"2026-01-29T03:32:55","slug":"custom-sizes-bulk-supply-online-low-e-glass","status":"publish","type":"product","link":"https:\/\/theinsulatedglass.com\/it\/custom-sizes-bulk-supply-online-low-e-glass\/","title":{"rendered":"Dimensioni personalizzate Fornitura all'ingrosso online di vetro basso emissivo"},"content":{"rendered":"<p data-start=\"58\" data-end=\"454\">Panoramica<br data-start=\"66\" data-end=\"69\" \/>Semplificate i preventivi e il flusso di lavoro delle IGU con il vetro con rivestimento Low-E fornito in tagli pronti per la produzione. Dimensioni personalizzate Fornitura in serie Il vetro basso emissivo online viene gestito con una lavorazione e un imballaggio che tengono conto del rivestimento, in modo che la vostra linea riceva liti pulite e coerenti per la costruzione di vetrate isolanti. \u00c8 una scelta pratica quando gli obiettivi di comfort termico devono essere in linea con una produzione efficiente e una consegna ripetibile.<\/p>\n<p data-start=\"458\" data-end=\"472\">Caratteristiche principali<\/p>\n<p data-start=\"475\" data-end=\"563\">Favorisce l'efficienza energetica delle vetrate, riducendo il trasferimento di calore attraverso la superficie rivestita.<\/p>\n<p data-start=\"566\" data-end=\"647\">Migliora la resa a valle grazie alla manipolazione protetta dal rivestimento e alla qualit\u00e0 del taglio pulito<\/p>\n<p data-start=\"650\" data-end=\"723\">Contribuisce a mantenere l'uniformit\u00e0 dell'aspetto nei progetti con corrispondenza altimetrica<\/p>\n<p data-start=\"726\" data-end=\"805\">Riduce la rilavorazione mantenendo chiara l'identificazione e l'orientamento per le squadre d'officina.<\/p>\n<p data-start=\"808\" data-end=\"888\">Si adatta alle pratiche di assemblaggio standard di IGU per lavori residenziali e commerciali leggeri<\/p>\n<p data-start=\"892\" data-end=\"917\">Opzioni e personalizzazione<\/p>\n<p data-start=\"920\" data-end=\"993\">Dimensioni personalizzate \/ Taglio su ordinazione in base alla vostra tabella di marcia o all'elenco di asporto<\/p>\n<p data-start=\"996\" data-end=\"1078\">Le aree di eliminazione dei bordi e l'orientamento del rivestimento sono forniti come richiesto per la sigillatura dell'IGU.<\/p>\n<p data-start=\"1081\" data-end=\"1180\">Forme, angoli raggiati e lavorazioni di sicurezza (accoppiamento temperato\/laminato) sono disponibili su richiesta.<\/p>\n<p data-start=\"1183\" data-end=\"1267\">Revisione delle specifiche del progetto con supporto per l'approvazione e le revisioni di disegni e schemi d'officina.<\/p>\n<p data-start=\"1270\" data-end=\"1340\">Servizio OEM\/ODM per l'etichettatura, i set di codici a barre e la logica di marcatura dei cartoni.<\/p>\n<p data-start=\"1344\" data-end=\"1514\">Applicazioni tipiche<br data-start=\"1364\" data-end=\"1367\" \/>Vetrate isolanti per finestre, tamponamenti, lucernari, portefinestre, solarium, vetrate di vetrine, facciate residenziali, vetrate di atri.<\/p>\n<p data-start=\"1518\" data-end=\"1819\">Fornitura e assistenza<br data-start=\"1534\" data-end=\"1537\" \/>Produzione in volume diretta dalla fabbrica con una pianificazione stabile dei tempi di consegna per spedizioni graduali e ordini ripetuti. Il controllo qualit\u00e0 interno e la tracciabilit\u00e0 della qualit\u00e0 supportano il controllo dei lotti; sono disponibili imballaggi per l'esportazione e imballaggi in casse per il trasporto su lunghe distanze. La conformit\u00e0 agli standard \u00e8 disponibile su richiesta.<\/p>","protected":false},"excerpt":{"rendered":"<p>Progettato per la produzione di IGU, questo vetro basso emissivo fornito online viene tagliato in dimensioni personalizzate con una gestione consapevole del rivestimento per un assemblaggio pi\u00f9 pulito. \u00c8 ampiamente utilizzato nelle unit\u00e0 di finestre isolate e nelle porte finestre per migliorare il comfort termico e mantenere efficiente la produzione per gli ordini di grandi quantit\u00e0.<\/p>","protected":false},"featured_media":1216,"template":"","meta":{"_gspb_post_css":""},"product_brand":[],"product_cat":[27],"product_tag":[66,721,397,64,719,720,164,57,58,722,529,311],"class_list":{"0":"post-1201","1":"product","2":"type-product","3":"status-publish","4":"has-post-thumbnail","6":"product_cat-online-low-e-glass","7":"product_tag-bulk-supply","8":"product_tag-coated-float-glass","9":"product_tag-curtain-wall-glass","10":"product_tag-custom-size","11":"product_tag-custom-sizes-bulk-supply-online-low-e-glass","12":"product_tag-edge-deletion","13":"product_tag-igu-glass","14":"product_tag-insulated-glass-unit","15":"product_tag-low-e-coated-glass","16":"product_tag-patio-door-glass","17":"product_tag-skylight-glass","18":"product_tag-window-glazing","20":"first","21":"instock","22":"shipping-taxable","23":"purchasable","24":"product-type-simple"},"_links":{"self":[{"href":"https:\/\/theinsulatedglass.com\/it\/wp-json\/wp\/v2\/product\/1201","targetHints":{"allow":["GET"]}}],"collection":[{"href":"https:\/\/theinsulatedglass.com\/it\/wp-json\/wp\/v2\/product"}],"about":[{"href":"https:\/\/theinsulatedglass.com\/it\/wp-json\/wp\/v2\/types\/product"}],"wp:featuredmedia":[{"embeddable":true,"href":"https:\/\/theinsulatedglass.com\/it\/wp-json\/wp\/v2\/media\/1216"}],"wp:attachment":[{"href":"https:\/\/theinsulatedglass.com\/it\/wp-json\/wp\/v2\/media?parent=1201"}],"wp:term":[{"taxonomy":"product_brand","embeddable":true,"href":"https:\/\/theinsulatedglass.com\/it\/wp-json\/wp\/v2\/product_brand?post=1201"},{"taxonomy":"product_cat","embeddable":true,"href":"https:\/\/theinsulatedglass.com\/it\/wp-json\/wp\/v2\/product_cat?post=1201"},{"taxonomy":"product_tag","embeddable":true,"href":"https:\/\/theinsulatedglass.com\/it\/wp-json\/wp\/v2\/product_tag?post=1201"}],"curies":[{"name":"wp","href":"https:\/\/api.w.org\/{rel}","templated":true}]}}