{"id":1203,"date":"2026-01-29T03:32:52","date_gmt":"2026-01-29T03:32:52","guid":{"rendered":"https:\/\/theinsulatedglass.com\/?post_type=product&#038;p=1203"},"modified":"2026-01-29T03:32:53","modified_gmt":"2026-01-29T03:32:53","slug":"factory-direct-bulk-supply-multi-layer-ballistic-glass","status":"publish","type":"product","link":"https:\/\/theinsulatedglass.com\/it\/factory-direct-bulk-supply-multi-layer-ballistic-glass\/","title":{"rendered":"Vetro balistico multistrato del rifornimento diretto alla rinfusa della fabbrica"},"content":{"rendered":"<p data-start=\"67\" data-end=\"351\">Panoramica<br data-start=\"75\" data-end=\"78\" \/>I vetri di sicurezza devono proteggere le persone senza trasformare un edificio in una scatola buia e scomoda. Il vetro balistico multistrato combina strati stratificati in una barriera trasparente che pu\u00f2 essere configurata per supportare un comfort interno pi\u00f9 stabile quando viene utilizzato in sistemi di finestre e facciate.<\/p>\n<p data-start=\"355\" data-end=\"807\">Caratteristiche principali<br data-start=\"367\" data-end=\"370\" \/>- Resistere agli urti grazie a una struttura laminata multistrato progettata per i vetri protettivi<br data-start=\"455\" data-end=\"458\" \/>- Mantenere una visione chiara con una gestione controllata della foschia e della distorsione durante la lavorazione<br data-start=\"547\" data-end=\"550\" \/>- Ridurre il rischio di spallatura sul lato protetto quando viene specificato uno strato di scudo interno.<br data-start=\"631\" data-end=\"634\" \/>- Supportare le prestazioni di tenuta perimetrale con bordi ben preparati e controllo della laminazione<br data-start=\"721\" data-end=\"724\" \/>- Garantiscono una lunga durata di servizio nelle aree con personale in grado di pulirle e utilizzarle frequentemente.<\/p>\n<p data-start=\"811\" data-end=\"1279\">Opzioni e personalizzazione<br data-start=\"834\" data-end=\"837\" \/>- Dimensioni personalizzate \/ pannelli su ordinazione in base alle specifiche del progetto, ai disegni o ai modelli<br data-start=\"914\" data-end=\"917\" \/>- Costruzioni e selezioni di strati offerti su richiesta per soddisfare i requisiti di minaccia e di installazione.<br data-start=\"1014\" data-end=\"1017\" \/>- Strati interni in policarbonato o strati di solo vetro opzionali, a seconda delle esigenze progettuali.<br data-start=\"1100\" data-end=\"1103\" \/>- Configurazioni predisposte per l'IGU e accoppiamenti Low-E disponibili su richiesta per un miglior comfort.<br data-start=\"1188\" data-end=\"1191\" \/>- Bordi, raggi d'angolo e ritagli sono stati esaminati per verificarne la fattibilit\u00e0 e le interfacce hardware.<\/p>\n<p data-start=\"1283\" data-end=\"1508\">Applicazioni tipiche<br data-start=\"1303\" data-end=\"1306\" \/>Finestre di sportelli bancari, banchi di transazione, cabine di guardia, vetrate di reception di sicurezza, finestre di strutture governative, aperture di ambasciate\/consolati, finestre di visualizzazione di centri dati, vetrine di negozi di alto valore.<\/p>\n<p data-start=\"1512\" data-end=\"1833\">Fornitura e assistenza<br data-start=\"1528\" data-end=\"1531\" \/>La produzione di volumi diretta in fabbrica supporta la fornitura di grandi quantit\u00e0 con tempi di consegna stabili per gli ordini di programma. Si applica il controllo qualit\u00e0 interno con tracciabilit\u00e0 della qualit\u00e0 e si pu\u00f2 organizzare l'imballaggio per l'esportazione \/ l'imballaggio in casse; \u00e8 disponibile il supporto per i disegni \/ il coordinamento dei disegni di officina. Conformit\u00e0 agli standard disponibile su richiesta.<\/p>","protected":false},"excerpt":{"rendered":"<p>Il vetro balistico multistrato viene fornito in dimensioni su ordinazione per fornire una barriera protettiva trasparente con integrit\u00e0 dello strato stratificato e qualit\u00e0 controllata dei bordi. \u00c8 comunemente richiesto per le finestre degli sportelli bancari e per le vetrate delle cabine di guardia, dove la sicurezza e il comfort quotidiano devono andare di pari passo.<\/p>","protected":false},"featured_media":1222,"template":"","meta":{"_gspb_post_css":""},"product_brand":[],"product_cat":[32],"product_tag":[590,66,64,714,429,718,715,486,716,717,103],"class_list":{"0":"post-1203","1":"product","2":"type-product","3":"status-publish","4":"has-post-thumbnail","6":"product_cat-bulletproof-glass","7":"product_tag-bank-teller-window-glass","8":"product_tag-bulk-supply","9":"product_tag-custom-size","10":"product_tag-factory-direct-bulk-supply-multi-layer-ballistic-glass","11":"product_tag-guard-booth-glazing","12":"product_tag-igu-ready-security-glass","13":"product_tag-laminated-ballistic-glass","14":"product_tag-low-e-pairing-option","15":"product_tag-multi-layer-laminate-glazing","16":"product_tag-polycarbonate-inner-layer-option","17":"product_tag-security-window-glazing","19":"first","20":"instock","21":"shipping-taxable","22":"purchasable","23":"product-type-simple"},"_links":{"self":[{"href":"https:\/\/theinsulatedglass.com\/it\/wp-json\/wp\/v2\/product\/1203","targetHints":{"allow":["GET"]}}],"collection":[{"href":"https:\/\/theinsulatedglass.com\/it\/wp-json\/wp\/v2\/product"}],"about":[{"href":"https:\/\/theinsulatedglass.com\/it\/wp-json\/wp\/v2\/types\/product"}],"wp:featuredmedia":[{"embeddable":true,"href":"https:\/\/theinsulatedglass.com\/it\/wp-json\/wp\/v2\/media\/1222"}],"wp:attachment":[{"href":"https:\/\/theinsulatedglass.com\/it\/wp-json\/wp\/v2\/media?parent=1203"}],"wp:term":[{"taxonomy":"product_brand","embeddable":true,"href":"https:\/\/theinsulatedglass.com\/it\/wp-json\/wp\/v2\/product_brand?post=1203"},{"taxonomy":"product_cat","embeddable":true,"href":"https:\/\/theinsulatedglass.com\/it\/wp-json\/wp\/v2\/product_cat?post=1203"},{"taxonomy":"product_tag","embeddable":true,"href":"https:\/\/theinsulatedglass.com\/it\/wp-json\/wp\/v2\/product_tag?post=1203"}],"curies":[{"name":"wp","href":"https:\/\/api.w.org\/{rel}","templated":true}]}}