{"id":1204,"date":"2026-01-29T03:32:50","date_gmt":"2026-01-29T03:32:50","guid":{"rendered":"https:\/\/theinsulatedglass.com\/?post_type=product&#038;p=1204"},"modified":"2026-01-29T03:32:50","modified_gmt":"2026-01-29T03:32:50","slug":"useful-patterned-igu-optiond-for-decorative-use","status":"publish","type":"product","link":"https:\/\/theinsulatedglass.com\/it\/useful-patterned-igu-optiond-for-decorative-use\/","title":{"rendered":"Utile IGU a motivi opzionali per uso decorativo"},"content":{"rendered":"<p data-start=\"60\" data-end=\"330\">Panoramica<br data-start=\"68\" data-end=\"71\" \/>Le lamelle a motivi all'interno di una IGU sigillata conferiscono una diffusione decorativa, pur mantenendo l'unit\u00e0 resistente per l'uso quotidiano dell'edificio. La struttura isolata contribuisce a stabilizzare le prestazioni e la superficie strutturata aggiunge privacy senza sacrificare la durata in ambienti esposti.<\/p>\n<p data-start=\"334\" data-end=\"748\">Caratteristiche principali<br data-start=\"346\" data-end=\"349\" \/>- Rafforzare l'affidabilit\u00e0 in servizio utilizzando una struttura con unit\u00e0 di vetro isolata<br data-start=\"429\" data-end=\"432\" \/>- Aumenta il potenziale di sicurezza quando per il progetto vengono specificati i teli temperati<br data-start=\"509\" data-end=\"512\" \/>- Mantenere l'aspetto a lungo termine grazie alle superfici modellate che nascondono le piccole sbavature.<br data-start=\"591\" data-end=\"594\" \/>- Rigidit\u00e0 del telaio di supporto grazie alla squadratura controllata dell'unit\u00e0 e alla qualit\u00e0 dei bordi<br data-start=\"670\" data-end=\"673\" \/>- Migliorano il comfort degli occupanti riducendo l'abbagliamento diretto e i riflessi violenti.<\/p>\n<p data-start=\"752\" data-end=\"1167\">Opzioni e personalizzazione<br data-start=\"775\" data-end=\"778\" \/>- Dimensioni personalizzate \/ Realizzato su ordinazione in base alle specifiche del progetto, al campione o al disegno d'officina<br data-start=\"849\" data-end=\"852\" \/>- Scelte di modelli e orientamenti disponibili su richiesta (oscuri, con lamelle, ecc.).<br data-start=\"930\" data-end=\"933\" \/>- Compagni a basso contenuto di ferro o colorati, oltre a opzioni temperate e laminate, a seconda delle necessit\u00e0.<br data-start=\"1013\" data-end=\"1016\" \/>- Sono disponibili configurazioni di distanziatori, riempimento di gas e sigillanti per adattarsi alle condizioni del sito.<br data-start=\"1094\" data-end=\"1097\" \/>- Eliminazione dei bordi, layout delle lunette e set di corrispondenza visiva su richiesta.<\/p>\n<p data-start=\"1171\" data-end=\"1389\">Applicazioni tipiche<br data-start=\"1191\" data-end=\"1194\" \/>Vetrate per le scale, pannelli decorativi per la visione delle facciate continue, finestre per gli atri, luci laterali per i corridoi, finestre esterne per i bagni, vetrate per le porte d'ingresso, fasce di privacy per le facciate, schermi interni per gli atri.<\/p>\n<p data-start=\"1393\" data-end=\"1700\">Fornitura e assistenza<br data-start=\"1409\" data-end=\"1412\" \/>La produzione diretta in fabbrica supporta le forniture in serie con tempi di consegna stabili per i programmi ripetuti. Il controllo qualit\u00e0 interno e la tracciabilit\u00e0 della qualit\u00e0 sono applicati, con supporto di disegno disponibile per la revisione dell'interfaccia; \u00e8 possibile organizzare l'imballaggio per l'esportazione \/ l'imballaggio in casse. La conformit\u00e0 agli standard \u00e8 disponibile su richiesta.<\/p>","protected":false},"excerpt":{"rendered":"<p>Le unit\u00e0 IGU con motivo combinano un'ottica strutturata con una struttura in vetro isolante per offrire una privacy duratura e una rigidit\u00e0 affidabile nel tempo. Una scelta popolare per le finestre delle scale e per le aree di visione delle facciate continue, dove la luce diffusa e la robustezza sono importanti.<\/p>","protected":false},"featured_media":1228,"template":"","meta":{"_gspb_post_css":""},"product_brand":[],"product_cat":[34],"product_tag":[66,64,710,97,707,709,712,706,713,711,708,705],"class_list":{"0":"post-1204","1":"product","2":"type-product","3":"status-publish","4":"has-post-thumbnail","6":"product_cat-decorative-special-glass","7":"product_tag-bulk-supply","8":"product_tag-custom-size","9":"product_tag-decorative-curtain-wall-glass","10":"product_tag-factory-direct","11":"product_tag-igu-double-glazing","12":"product_tag-laminated-igu-option","13":"product_tag-lobby-feature-windows","14":"product_tag-patterned-insulated-glass-unit","15":"product_tag-privacy-patterned-glass","16":"product_tag-stairwell-window-glazing","17":"product_tag-tempered-igu-option","18":"product_tag-useful-patterned-igu-optiond-for-decorative-use","20":"first","21":"instock","22":"shipping-taxable","23":"purchasable","24":"product-type-simple"},"_links":{"self":[{"href":"https:\/\/theinsulatedglass.com\/it\/wp-json\/wp\/v2\/product\/1204","targetHints":{"allow":["GET"]}}],"collection":[{"href":"https:\/\/theinsulatedglass.com\/it\/wp-json\/wp\/v2\/product"}],"about":[{"href":"https:\/\/theinsulatedglass.com\/it\/wp-json\/wp\/v2\/types\/product"}],"wp:featuredmedia":[{"embeddable":true,"href":"https:\/\/theinsulatedglass.com\/it\/wp-json\/wp\/v2\/media\/1228"}],"wp:attachment":[{"href":"https:\/\/theinsulatedglass.com\/it\/wp-json\/wp\/v2\/media?parent=1204"}],"wp:term":[{"taxonomy":"product_brand","embeddable":true,"href":"https:\/\/theinsulatedglass.com\/it\/wp-json\/wp\/v2\/product_brand?post=1204"},{"taxonomy":"product_cat","embeddable":true,"href":"https:\/\/theinsulatedglass.com\/it\/wp-json\/wp\/v2\/product_cat?post=1204"},{"taxonomy":"product_tag","embeddable":true,"href":"https:\/\/theinsulatedglass.com\/it\/wp-json\/wp\/v2\/product_tag?post=1204"}],"curies":[{"name":"wp","href":"https:\/\/api.w.org\/{rel}","templated":true}]}}