{"id":1236,"date":"2026-01-29T03:59:10","date_gmt":"2026-01-29T03:59:10","guid":{"rendered":"https:\/\/theinsulatedglass.com\/?post_type=product&#038;p=1236"},"modified":"2026-01-29T03:59:11","modified_gmt":"2026-01-29T03:59:11","slug":"easy-clean-option-factory-direct-coated-glass","status":"publish","type":"product","link":"https:\/\/theinsulatedglass.com\/it\/easy-clean-option-factory-direct-coated-glass\/","title":{"rendered":"Opzione Easy-Clean Vetro rivestito direttamente dalla fabbrica"},"content":{"rendered":"<p data-start=\"60\" data-end=\"341\">Panoramica<br data-start=\"68\" data-end=\"71\" \/>Una superficie dall'aspetto pulito fa parte del design, non \u00e8 un ripensamento. L'opzione Easy-Clean Il vetro rivestito direttamente dalla fabbrica aggiunge un rivestimento funzionale e duraturo che aiuta a ridurre le macchie d'acqua visibili e le sbavature da manipolazione, mantenendo la chiarezza e il colore pi\u00f9 costanti nell'uso quotidiano.<\/p>\n<p data-start=\"345\" data-end=\"359\">Caratteristiche principali<\/p>\n<p data-start=\"362\" data-end=\"422\">Respinge l'accumulo di residui per abbreviare i cicli di pulizia di routine<\/p>\n<p data-start=\"425\" data-end=\"486\">Mantiene un'elevata trasmissione della luce e una finitura visiva nitida<\/p>\n<p data-start=\"489\" data-end=\"562\">Riduce le striature sulle installazioni verticali in condizioni di acqua dura<\/p>\n<p data-start=\"565\" data-end=\"638\">Protegge l'aspetto nelle zone ad alto contatto senza modificare l'aspetto del vetro<\/p>\n<p data-start=\"641\" data-end=\"706\">Supporta l'estetica a lungo termine delle vetrate interne ed esterne<\/p>\n<p data-start=\"710\" data-end=\"735\">Opzioni e personalizzazione<\/p>\n<p data-start=\"738\" data-end=\"806\">Taglio su misura e forme Made-to-Order in base alla vostra lista di decollo<\/p>\n<p data-start=\"809\" data-end=\"881\">Posizione\/orientamento del rivestimento definito in base alle specifiche di progetto e ai disegni di officina<\/p>\n<p data-start=\"884\" data-end=\"944\">Configurazioni temperate o laminate disponibili a seconda delle esigenze<\/p>\n<p data-start=\"947\" data-end=\"1023\">Bordi, fori e intagli forniti su richiesta per raccordi e ferramenta<\/p>\n<p data-start=\"1026\" data-end=\"1094\">Servizio OEM\/ODM per cartoni a marchio privato e marchi di identificazione<\/p>\n<p data-start=\"1098\" data-end=\"1266\">Applicazioni tipiche<br data-start=\"1118\" data-end=\"1121\" \/>Porte per docce, schermi per bagni, balaustre per balconi, recinzioni per piscine, lucernari, aree spandrel per facciate, pannelli di visione per facciate continue, pensiline in vetro<\/p>\n<p data-start=\"1270\" data-end=\"1513\">Fornitura e assistenza<br data-start=\"1286\" data-end=\"1289\" \/>Fornitura diretta in fabbrica di prodotti sfusi con una pianificazione rapida dei tempi di consegna per fasi. Controllo qualit\u00e0 interno con tracciabilit\u00e0 della qualit\u00e0, imballaggio per l'esportazione e imballaggio in casse per la protezione del transito. Conformit\u00e0 agli standard disponibile su richiesta.<\/p>","protected":false},"excerpt":{"rendered":"<p>Progettato per mantenere il vetro pi\u00f9 brillante tra una pulizia e l'altra, questo vetro rivestito facile da pulire aiuta l'acqua e i residui a liberarsi pi\u00f9 facilmente, mantenendo un'elevata trasparenza. Una scelta popolare per le porte delle docce e le pareti del bagno, dove l'aspetto e i tempi di manutenzione sono fondamentali.<\/p>","protected":false},"featured_media":1254,"template":"","meta":{"_gspb_post_css":""},"product_brand":[],"product_cat":[24],"product_tag":[66,721,62,64,749,750,748,753,752,246,529,751],"class_list":{"0":"post-1236","1":"product","2":"type-product","3":"status-publish","4":"has-post-thumbnail","6":"product_cat-architectural-energy-saving-glass","7":"product_tag-bulk-supply","8":"product_tag-coated-float-glass","9":"product_tag-curtain-wall-glazing","10":"product_tag-custom-size","11":"product_tag-easy-clean-coated-glass","12":"product_tag-easy-clean-coating-option","13":"product_tag-easy-clean-option-factory-direct-coated-glass","14":"product_tag-igu-compatible-coated-glass","15":"product_tag-laminated-coated-glass-option","16":"product_tag-shower-door-glass","17":"product_tag-skylight-glass","18":"product_tag-tempered-coated-glass-option","20":"first","21":"instock","22":"shipping-taxable","23":"purchasable","24":"product-type-simple"},"_links":{"self":[{"href":"https:\/\/theinsulatedglass.com\/it\/wp-json\/wp\/v2\/product\/1236","targetHints":{"allow":["GET"]}}],"collection":[{"href":"https:\/\/theinsulatedglass.com\/it\/wp-json\/wp\/v2\/product"}],"about":[{"href":"https:\/\/theinsulatedglass.com\/it\/wp-json\/wp\/v2\/types\/product"}],"wp:featuredmedia":[{"embeddable":true,"href":"https:\/\/theinsulatedglass.com\/it\/wp-json\/wp\/v2\/media\/1254"}],"wp:attachment":[{"href":"https:\/\/theinsulatedglass.com\/it\/wp-json\/wp\/v2\/media?parent=1236"}],"wp:term":[{"taxonomy":"product_brand","embeddable":true,"href":"https:\/\/theinsulatedglass.com\/it\/wp-json\/wp\/v2\/product_brand?post=1236"},{"taxonomy":"product_cat","embeddable":true,"href":"https:\/\/theinsulatedglass.com\/it\/wp-json\/wp\/v2\/product_cat?post=1236"},{"taxonomy":"product_tag","embeddable":true,"href":"https:\/\/theinsulatedglass.com\/it\/wp-json\/wp\/v2\/product_tag?post=1236"}],"curies":[{"name":"wp","href":"https:\/\/api.w.org\/{rel}","templated":true}]}}