{"id":1237,"date":"2026-01-29T03:59:08","date_gmt":"2026-01-29T03:59:08","guid":{"rendered":"https:\/\/theinsulatedglass.com\/?post_type=product&#038;p=1237"},"modified":"2026-01-29T03:59:08","modified_gmt":"2026-01-29T03:59:08","slug":"factory-direct-clear-laminated-glass-for-safety-use","status":"publish","type":"product","link":"https:\/\/theinsulatedglass.com\/it\/factory-direct-clear-laminated-glass-for-safety-use\/","title":{"rendered":"Vetro stratificato trasparente diretto in fabbrica per uso di sicurezza"},"content":{"rendered":"<p data-start=\"64\" data-end=\"348\">Panoramica<br data-start=\"72\" data-end=\"75\" \/>La chiarezza \u00e8 importante quando i vetri di sicurezza fanno parte del progetto. Il vetro stratificato trasparente diretto in fabbrica mantiene un aspetto pulito e neutro, mentre l'intercalare aiuta a tenere insieme i frammenti in caso di rottura. \u00c8 adatto agli spazi in cui si richiedono luce naturale, visibilit\u00e0 e una finitura raffinata.<\/p>\n<p data-start=\"352\" data-end=\"731\">Caratteristiche principali<br data-start=\"364\" data-end=\"367\" \/>- Mantenere l'aspetto trasparente con una struttura interstrato trasparente<br data-start=\"437\" data-end=\"440\" \/>- Migliorare la ritenzione post-rottura legando tra loro gli strati di vetro<br data-start=\"505\" data-end=\"508\" \/>- Migliora le prestazioni di filtraggio dei raggi UV per aiutare a proteggere le finiture vicine.<br data-start=\"574\" data-end=\"577\" \/>- Supporta un aspetto premium dei bordi se specificato con un'appropriata finitura dei bordi.<br data-start=\"653\" data-end=\"656\" \/>- Mantenimento di una qualit\u00e0 visiva stabile grazie a un processo di laminazione controllato<\/p>\n<p data-start=\"735\" data-end=\"1168\">Opzioni e personalizzazione<br data-start=\"758\" data-end=\"761\" \/>- Dimensioni personalizzate \/ Pannelli su ordinazione per adattarsi all'apertura e alla disposizione della ferramenta.<br data-start=\"839\" data-end=\"842\" \/>- Scelte di intercalari disponibili su richiesta (PVB trasparente, acustico, strutturale)<br data-start=\"926\" data-end=\"929\" \/>- I vetri sono disponibili a seconda delle esigenze, compresa l'opzione a basso contenuto di ferro e le combinazioni colorate.<br data-start=\"1016\" data-end=\"1019\" \/>- Bordi, raggi d'angolo, fori e ritagli disponibili per raccordi e canali<br data-start=\"1099\" data-end=\"1102\" \/>- I vetri laminati pronti per l'IGU e i set abbinati vengono forniti su richiesta.<\/p>\n<p data-start=\"1172\" data-end=\"1336\">Applicazioni tipiche<br data-start=\"1192\" data-end=\"1195\" \/>Balaustre in vetro, protezioni per scale, lucernari, pensiline, pannelli visivi per vetrine, pareti divisorie interne, sidelites per porte, vetrate per esposizioni in showroom<\/p>\n<p data-start=\"1340\" data-end=\"1662\">Fornitura e assistenza<br data-start=\"1356\" data-end=\"1359\" \/>Realizzati in base alle esigenze del progetto con supporto di disegno e coordinamento del disegno di officina, quando necessario. Il controllo qualit\u00e0 interno con tracciabilit\u00e0 della qualit\u00e0 supporta lotti coerenti, con imballaggio per l'esportazione\/confezionamento in casse organizzato per un trasporto sicuro e un tempo di consegna stabile per gli ordini ripetuti. Conformit\u00e0 agli standard disponibile su richiesta.<\/p>","protected":false},"excerpt":{"rendered":"<p>Il vetro stratificato trasparente combina un aspetto pulito e ad alta trasparenza con una pi\u00f9 sicura ritenzione dei frammenti grazie al suo intercalare incollato. Fornito in dimensioni su misura, \u00e8 ampiamente utilizzato per le balaustre in vetro in cui sono necessarie linee visive aperte e prestazioni di sicurezza quotidiane.<\/p>","protected":false},"featured_media":1255,"template":"","meta":{"_gspb_post_css":""},"product_brand":[],"product_cat":[29],"product_tag":[744,66,743,64,97,742,534,745,441,746,747,442],"class_list":{"0":"post-1237","1":"product","2":"type-product","3":"status-publish","4":"has-post-thumbnail","6":"product_cat-safety-glass-series","7":"product_tag-acoustic-interlayer-option","8":"product_tag-bulk-supply","9":"product_tag-clear-laminated-glass","10":"product_tag-custom-size","11":"product_tag-factory-direct","12":"product_tag-factory-direct-clear-laminated-glass-for-safety-use","13":"product_tag-glass-balustrade-panels","14":"product_tag-igu-ready-laminated-pane","15":"product_tag-pvb-interlayer-glass","16":"product_tag-skylight-safety-glazing","17":"product_tag-storefront-vision-glass","18":"product_tag-tempered-laminated-option","20":"first","21":"instock","22":"shipping-taxable","23":"purchasable","24":"product-type-simple"},"_links":{"self":[{"href":"https:\/\/theinsulatedglass.com\/it\/wp-json\/wp\/v2\/product\/1237","targetHints":{"allow":["GET"]}}],"collection":[{"href":"https:\/\/theinsulatedglass.com\/it\/wp-json\/wp\/v2\/product"}],"about":[{"href":"https:\/\/theinsulatedglass.com\/it\/wp-json\/wp\/v2\/types\/product"}],"wp:featuredmedia":[{"embeddable":true,"href":"https:\/\/theinsulatedglass.com\/it\/wp-json\/wp\/v2\/media\/1255"}],"wp:attachment":[{"href":"https:\/\/theinsulatedglass.com\/it\/wp-json\/wp\/v2\/media?parent=1237"}],"wp:term":[{"taxonomy":"product_brand","embeddable":true,"href":"https:\/\/theinsulatedglass.com\/it\/wp-json\/wp\/v2\/product_brand?post=1237"},{"taxonomy":"product_cat","embeddable":true,"href":"https:\/\/theinsulatedglass.com\/it\/wp-json\/wp\/v2\/product_cat?post=1237"},{"taxonomy":"product_tag","embeddable":true,"href":"https:\/\/theinsulatedglass.com\/it\/wp-json\/wp\/v2\/product_tag?post=1237"}],"curies":[{"name":"wp","href":"https:\/\/api.w.org\/{rel}","templated":true}]}}