{"id":1238,"date":"2026-01-29T03:59:05","date_gmt":"2026-01-29T03:59:05","guid":{"rendered":"https:\/\/theinsulatedglass.com\/?post_type=product&#038;p=1238"},"modified":"2026-01-29T03:59:05","modified_gmt":"2026-01-29T03:59:05","slug":"factory-direct-bulk-printed-glass-ceramic-frit-glass","status":"publish","type":"product","link":"https:\/\/theinsulatedglass.com\/it\/factory-direct-bulk-printed-glass-ceramic-frit-glass\/","title":{"rendered":"Fabbrica diretta di vetro stampato alla rinfusa vetro ceramico Frit"},"content":{"rendered":"<p data-start=\"65\" data-end=\"369\">Panoramica<br data-start=\"73\" data-end=\"76\" \/>Dalla conferma dell'opera d'arte al caricamento delle casse, il vetro stampato con fritte ceramiche \u00e8 spesso un compito di coordinamento tanto quanto una scelta di materiale. La nostra produzione diretta in fabbrica offre modelli ripetibili e un aspetto stabile su grandi lotti, aiutando i team di facciata a mantenere allineamento e copertura costanti.<\/p>\n<p data-start=\"373\" data-end=\"765\">Caratteristiche principali<br data-start=\"385\" data-end=\"388\" \/>- Allineare le aree stampate ai bordi e ai fori per un montaggio prevedibile.<br data-start=\"464\" data-end=\"467\" \/>- Inchiostro a base di fritte che aderisce alla cottura per una superficie durevole e a bassa manutenzione<br data-start=\"536\" data-end=\"539\" \/>- Fornisce una schermatura visiva per le zone spandrel mantenendo un aspetto esterno pulito.<br data-start=\"620\" data-end=\"623\" \/>- Supporto del controllo dell'abbagliamento quando viene specificata la densit\u00e0 o la copertura del punto<br data-start=\"688\" data-end=\"691\" \/>- Migliorare la coerenza a lungo termine con il controllo qualit\u00e0 interno e la tracciabilit\u00e0 della qualit\u00e0<\/p>\n<p data-start=\"769\" data-end=\"1207\">Opzioni e personalizzazione<br data-start=\"792\" data-end=\"795\" \/>- Dimensioni, forme e numerazione dei set su ordinazione in base alle specifiche del progetto.<br data-start=\"865\" data-end=\"868\" \/>- Gestione delle opere d'arte: file vettoriali, posizionamento per la stampa e supporto al disegno \/ revisione del disegno in negozio<br data-start=\"962\" data-end=\"965\" \/>- Opzioni di copertura disponibili su richiesta (allagamento completo, bande di confine, motivi a punti)<br data-start=\"1045\" data-end=\"1048\" \/>- Su richiesta, \u00e8 possibile realizzare costruzioni come unit\u00e0 temperate, laminate o pronte per l'IGU.<br data-start=\"1123\" data-end=\"1126\" \/>- Eliminazione dei bordi, aree di mascheratura e guida alla compatibilit\u00e0 con il back-paint sono disponibili<\/p>\n<p data-start=\"1211\" data-end=\"1421\">Applicazioni tipiche<br data-start=\"1231\" data-end=\"1234\" \/>Pannelli spandrel per facciate, bande visive per facciate, schermi per la privacy, vetrate per scale, tamponamenti per pensiline, schermi per atrii di ascensori, divisori interni, vetri per insegne, pannelli di rivestimento per apparecchiature.<\/p>\n<p data-start=\"1425\" data-end=\"1698\">Fornitura e assistenza<br data-start=\"1441\" data-end=\"1444\" \/>La fornitura di grandi quantit\u00e0 e la produzione in serie sono supportate da un tempo di consegna stabile per gli ordini del programma. L'imballaggio per l'esportazione e l'imballaggio in casse sono disponibili per la spedizione in container; i registri di ispezione possono essere forniti su richiesta. La conformit\u00e0 agli standard \u00e8 disponibile su richiesta.<\/p>","protected":false},"excerpt":{"rendered":"<p>Il vetro stampato con fritte ceramiche offre un disegno durevole e cotto che mantiene il colore e la copertura durante la manipolazione e la pulizia quotidiana. Fornito in formati su misura per i pannelli di facciata continua, dove l'opacit\u00e0 e l'allineamento sono essenziali.<\/p>","protected":false},"featured_media":1260,"template":"","meta":{"_gspb_post_css":""},"product_brand":[],"product_cat":[38],"product_tag":[66,737,451,457,736,740,182,366,741,738,65,739],"class_list":{"0":"post-1238","1":"product","2":"type-product","3":"status-publish","4":"has-post-thumbnail","6":"product_cat-silk-screen-printed-ceramic-frit-glass","7":"product_tag-bulk-supply","8":"product_tag-ceramic-frit-printed-glass","9":"product_tag-curtain-wall-spandrel-panels","10":"product_tag-facade-glass-panels","11":"product_tag-factory-direct-bulk-printed-glass-ceramic-frit-glass","12":"product_tag-igu-ready-frit-glass","13":"product_tag-laminated-frit-glass","14":"product_tag-made-to-order","15":"product_tag-privacy-screen-glazing","16":"product_tag-screen-printed-glass","17":"product_tag-shop-drawing-support","18":"product_tag-tempered-ceramic-frit-glass","20":"first","21":"instock","22":"shipping-taxable","23":"purchasable","24":"product-type-simple"},"_links":{"self":[{"href":"https:\/\/theinsulatedglass.com\/it\/wp-json\/wp\/v2\/product\/1238","targetHints":{"allow":["GET"]}}],"collection":[{"href":"https:\/\/theinsulatedglass.com\/it\/wp-json\/wp\/v2\/product"}],"about":[{"href":"https:\/\/theinsulatedglass.com\/it\/wp-json\/wp\/v2\/types\/product"}],"wp:featuredmedia":[{"embeddable":true,"href":"https:\/\/theinsulatedglass.com\/it\/wp-json\/wp\/v2\/media\/1260"}],"wp:attachment":[{"href":"https:\/\/theinsulatedglass.com\/it\/wp-json\/wp\/v2\/media?parent=1238"}],"wp:term":[{"taxonomy":"product_brand","embeddable":true,"href":"https:\/\/theinsulatedglass.com\/it\/wp-json\/wp\/v2\/product_brand?post=1238"},{"taxonomy":"product_cat","embeddable":true,"href":"https:\/\/theinsulatedglass.com\/it\/wp-json\/wp\/v2\/product_cat?post=1238"},{"taxonomy":"product_tag","embeddable":true,"href":"https:\/\/theinsulatedglass.com\/it\/wp-json\/wp\/v2\/product_tag?post=1238"}],"curies":[{"name":"wp","href":"https:\/\/api.w.org\/{rel}","templated":true}]}}