{"id":1266,"date":"2026-01-29T06:34:43","date_gmt":"2026-01-29T06:34:43","guid":{"rendered":"https:\/\/theinsulatedglass.com\/?post_type=product&#038;p=1266"},"modified":"2026-01-29T06:34:43","modified_gmt":"2026-01-29T06:34:43","slug":"bulk-supply-custom-igu-units-for-architectural","status":"publish","type":"product","link":"https:\/\/theinsulatedglass.com\/it\/bulk-supply-custom-igu-units-for-architectural\/","title":{"rendered":"Fornitura all'ingrosso di unit\u00e0 IGU personalizzate per l'architettura"},"content":{"rendered":"<p data-start=\"59\" data-end=\"431\">Panoramica<br data-start=\"67\" data-end=\"70\" \/>Dalla presa in consegna alla consegna, le unit\u00e0 architettoniche IGU danno il meglio quando i dettagli vengono fissati in anticipo. Il nostro flusso di lavoro per il vetro isolante diretto in fabbrica segue le specifiche di progetto e i disegni di officina per mantenere coerenti le linee di vista, le linee distanziali e le distanze dai bordi in tutti i lotti. Costruite per la fornitura alla rinfusa, le unit\u00e0 arrivano pronte per l'intelaiatura con un'integrit\u00e0 controllata delle guarnizioni.<\/p>\n<p data-start=\"435\" data-end=\"816\">Caratteristiche principali<br data-start=\"447\" data-end=\"450\" \/>- Coordinare la costruzione del vetro per adattarlo ai requisiti della tasca della facciata e del mordente.<br data-start=\"523\" data-end=\"526\" \/>- Mantenere un allineamento uniforme dei distanziatori per un'estetica esterna pulita<br data-start=\"591\" data-end=\"594\" \/>- Migliorano il comfort interno riducendo il trasferimento di calore e gli effetti del freddo.<br data-start=\"668\" data-end=\"671\" \/>- Proteggere la durata dei bordi con controlli di tenuta primari\/secondari verificati<br data-start=\"743\" data-end=\"746\" \/>- Tracciabilit\u00e0 dei lotti di produzione attraverso il controllo qualit\u00e0 interno e la tracciabilit\u00e0 della qualit\u00e0<\/p>\n<p data-start=\"820\" data-end=\"1271\">Opzioni e personalizzazione<br data-start=\"843\" data-end=\"846\" \/>- Unit\u00e0 di dimensioni personalizzate per set di disegni o programma di pannelli.<br data-start=\"915\" data-end=\"918\" \/>- Rivestimento a bassa emissivit\u00e0, luci colorate, a basso contenuto di ferro o fantasia disponibili su richiesta.<br data-start=\"992\" data-end=\"995\" \/>- Trucchi temperati o laminati per rialzi di sicurezza<br data-start=\"1056\" data-end=\"1059\" \/>- I distanziatori a bordo caldo e le opzioni di riempimento a gas sono forniti come da specifiche.<br data-start=\"1127\" data-end=\"1130\" \/>- Soluzioni per l'eliminazione dei bordi, tubi di sfiato e capillari disponibili all'occorrenza<br data-start=\"1207\" data-end=\"1210\" \/>- Servizio OEM\/ODM per programmi standardizzati e SKU ripetitivi<\/p>\n<p data-start=\"1275\" data-end=\"1454\">Applicazioni tipiche<br data-start=\"1295\" data-end=\"1298\" \/>Facciate continue unificate, moduli per pareti finestrate, sistemi di vetrine, finestre forate, aree spandrel, lucernari, vetrate inclinate, atrii, vetrate per portefinestre.<\/p>\n<p data-start=\"1458\" data-end=\"1713\">Fornitura e assistenza<br data-start=\"1474\" data-end=\"1477\" \/>La pianificazione stabile dei tempi di consegna supporta la costruzione per fasi e la continuit\u00e0 dei riordini. \u00c8 disponibile l'imballaggio per l'esportazione con imballaggio in casse e le revisioni dei disegni sono completate prima dell'avvio della produzione. La conformit\u00e0 agli standard \u00e8 disponibile su richiesta.<\/p>","protected":false},"excerpt":{"rendered":"<p>Unit\u00e0 architettoniche IGU fornite in grandi quantit\u00e0, costruite in base ai vostri progetti per migliorare il comfort termico e la resistenza alla condensa nel tempo. La produzione diretta in fabbrica supporta i sistemi di facciate continue e finestre con una qualit\u00e0 di tenuta costante e una consegna affidabile.<\/p>","protected":false},"featured_media":1276,"template":"","meta":{"_gspb_post_css":""},"product_brand":[],"product_cat":[24],"product_tag":[780,232,64,77,781,784,782,233,234,783,60,785],"class_list":{"0":"post-1266","1":"product","2":"type-product","3":"status-publish","4":"has-post-thumbnail","6":"product_cat-architectural-energy-saving-glass","7":"product_tag-bulk-supply-custom-igu-units-for-architectural","8":"product_tag-curtain-wall-igu","9":"product_tag-custom-size","10":"product_tag-factory-direct-bulk-supply","11":"product_tag-insulated-glass-units-igu","12":"product_tag-laminated-igu-make-up","13":"product_tag-low-e-igu-option","14":"product_tag-skylight-igu","15":"product_tag-storefront-igu","16":"product_tag-tempered-igu-make-up","17":"product_tag-warm-edge-spacer","18":"product_tag-window-wall-igu","20":"first","21":"instock","22":"shipping-taxable","23":"purchasable","24":"product-type-simple"},"_links":{"self":[{"href":"https:\/\/theinsulatedglass.com\/it\/wp-json\/wp\/v2\/product\/1266","targetHints":{"allow":["GET"]}}],"collection":[{"href":"https:\/\/theinsulatedglass.com\/it\/wp-json\/wp\/v2\/product"}],"about":[{"href":"https:\/\/theinsulatedglass.com\/it\/wp-json\/wp\/v2\/types\/product"}],"wp:featuredmedia":[{"embeddable":true,"href":"https:\/\/theinsulatedglass.com\/it\/wp-json\/wp\/v2\/media\/1276"}],"wp:attachment":[{"href":"https:\/\/theinsulatedglass.com\/it\/wp-json\/wp\/v2\/media?parent=1266"}],"wp:term":[{"taxonomy":"product_brand","embeddable":true,"href":"https:\/\/theinsulatedglass.com\/it\/wp-json\/wp\/v2\/product_brand?post=1266"},{"taxonomy":"product_cat","embeddable":true,"href":"https:\/\/theinsulatedglass.com\/it\/wp-json\/wp\/v2\/product_cat?post=1266"},{"taxonomy":"product_tag","embeddable":true,"href":"https:\/\/theinsulatedglass.com\/it\/wp-json\/wp\/v2\/product_tag?post=1266"}],"curies":[{"name":"wp","href":"https:\/\/api.w.org\/{rel}","templated":true}]}}